{"id":2854,"date":"2020-12-27T11:41:39","date_gmt":"2020-12-27T10:41:39","guid":{"rendered":"http:\/\/www.df7er.de\/?page_id=2854"},"modified":"2024-10-09T11:57:17","modified_gmt":"2024-10-09T09:57:17","slug":"wie-werde-ich-funkamateur","status":"publish","type":"page","link":"http:\/\/www.df7er.de\/en\/wie-werde-ich-funkamateur\/","title":{"rendered":"Wie werde ich Funkamateur"},"content":{"rendered":"<p>Wer in Deutschland <span class=\"has-inline-color has-luminous-vivid-orange-color\">Funkamateur<\/span> werden m\u00f6chte, muss bei der Zust\u00e4ndigen Beh\u00f6rde die Amateurfunk-Pr\u00fcfung bestehen.<\/p>\n\n\n<div class=\"wp-block-image\">\n<figure class=\"alignright size-large is-resized\"><img loading=\"lazy\" decoding=\"async\" width=\"1024\" height=\"576\" src=\"http:\/\/www.df7er.de\/wp-content\/uploads\/2020\/12\/BnetzA.jpg\" alt=\"\" class=\"wp-image-2861\" style=\"width:256px;height:144px\" srcset=\"http:\/\/www.df7er.de\/wp-content\/uploads\/2020\/12\/BnetzA.jpg 1024w, http:\/\/www.df7er.de\/wp-content\/uploads\/2020\/12\/BnetzA-300x169.jpg 300w, http:\/\/www.df7er.de\/wp-content\/uploads\/2020\/12\/BnetzA-768x432.jpg 768w, http:\/\/www.df7er.de\/wp-content\/uploads\/2020\/12\/BnetzA-16x9.jpg 16w, http:\/\/www.df7er.de\/wp-content\/uploads\/2020\/12\/BnetzA-210x118.jpg 210w\" sizes=\"auto, (max-width: 980px) 100vw, 980px\" \/><\/figure>\n<\/div>\n\n\n<p>In Deutschland ist dieses bei der <a href=\"https:\/\/www.bundesnetzagentur.de\/DE\/Fachthemen\/Telekommunikation\/Frequenzen\/SpezielleAnwendungen\/Amateurfunk\/start.html\">Bundesnetzagentur<\/a>.<\/p>\n\n\n\n<p>Nach bestandener Pr\u00fcfung erh\u00e4lt man dann sein Amateurfunkzeugnis, seine Zulassung zum Amateurfunk und ein international g\u00fcltiges Amateurfunkrufzeichen.<\/p>\n\n\n\n<h2 class=\"wp-block-heading\"><strong><span class=\"has-inline-color has-luminous-vivid-orange-color\">Lizenzklassen<\/span><\/strong><\/h2>\n\n\n\n<p>In Deutschland gibt es mit Wirkung vom 24. Juni 2024 drei Lizenzklassen<\/p>\n\n\n\n<ul class=\"wp-block-list\">\n<li><strong>Klasse A<\/strong>, (<strong> A<\/strong>lle zugeteilten Frequenzen ) erlaubt Sendebetrieb auf allen Amateurfunkb\u00e4ndern mit max. Sendeleistung. Diese Klasse entspricht der CEPT-Lizenz.<\/li>\n\n\n\n<li><strong>Klasse E<\/strong>, (<strong> E<\/strong>rweiterte Klasse ) dient als Einsteigerklasse und erh\u00e4lt Einschr\u00e4nkungen bei der Sendeleistung und Amateurfunkb\u00e4ndern im vergleich zur Klasse A.<\/li>\n\n\n\n<li>Klasse <strong>N<\/strong>, ( <strong>N<\/strong>eueinsteiger ) dient als Einsteigerklasse und erh\u00e4lt Einschr\u00e4nkungen bei der Sendeleistung und Amateurfunkb\u00e4ndern im vergleich zur Klasse E.<\/li>\n<\/ul>\n\n\n\n<p>Die drei Klassen bauen aufeinander auf, was den \u201eAufstieg\u201c von der \u201eEinsteigerklasse\u00a0N\u201c zur Klasse\u00a0E und zur Klasse\u00a0A erleichtert, da dazu bereits bestandene Pr\u00fcfungsteile nicht erneut abgelegt werden m\u00fcssen, sondern eine Zusatzpr\u00fcfung (\u201eModul\u201c) gen\u00fcgt. Die unterschiedlichen Pr\u00fcfungen beziehungsweise Pr\u00fcfungsteile, die zum Erwerb der Lizenz abzulegen sind, spiegeln in ihrem Schwierigkeitsgrad den Umfang der Berechtigung zum Senden wider. Allen drei Klassen gemeinsam sind die Pr\u00fcfungsteile \u201eVorschriften\u201c und \u201eBetriebliche Kenntnisse\u201c. Der Unterschied besteht im Umfang des Pr\u00fcfungsteils \u201eTechnik\u201c, der f\u00fcr die Klasse\u00a0N deutlich einfacher ist als f\u00fcr die Klasse\u00a0E oder die Klasse\u00a0A.<\/p>\n\n\n\n<p><mark style=\"background-color:rgba(0, 0, 0, 0)\" class=\"has-inline-color has-luminous-vivid-orange-color\">Es gibt verschiedene M\u00f6glichkeiten der Ausbildung<\/mark>. Welche man w\u00e4hlt ist jedem selbst \u00fcberlassen. Entscheidend ist das Bestehen der Pr\u00fcfung vor der BNetzA (Bundesnetzagentur).<\/p>\n\n\n\n<ul class=\"wp-block-list\">\n<li>Ausbildungslehrg\u00e4nge in den <a href=\"https:\/\/www.darc.de\/der-club\/distrikte-ortsverbaende\/\" target=\"_blank\" rel=\"noreferrer noopener\"><strong>DARC Ortsverb\u00e4nden<\/strong><\/a><\/li>\n\n\n\n<li>DARC Ausbildungsplattform <a href=\"https:\/\/50ohm.de\/index.html\"><strong>50ohm<\/strong><\/a> <\/li>\n\n\n\n<li>Fernlehrgang Funken-Lernen.de <a href=\"http:\/\/www.funken-lernen.de\/cmsms\/\" target=\"_blank\" rel=\"noreferrer noopener\"><strong>www.funken-lernen.de<\/strong><\/a><\/li>\n\n\n\n<li>Onlineausbildung f\u00fcr <a href=\"http:\/\/www.afu-blindenausbildung.a36.de\/\" target=\"_blank\" rel=\"noreferrer noopener\"><strong>Blinde und Sehbehinderte<\/strong><\/a><\/li>\n\n\n\n<li>Selbststudium<\/li>\n<\/ul>\n\n\n\n<figure class=\"wp-block-embed is-type-video is-provider-youtube wp-block-embed-youtube wp-embed-aspect-16-9 wp-has-aspect-ratio\"><div class=\"wp-block-embed__wrapper\">\n<iframe loading=\"lazy\" title=\"Lernen f\u00fcr die Amateurfunk Pr\u00fcfung \ud83c\udfc6 Klasse E &amp; Klasse A\" width=\"980\" height=\"551\" src=\"https:\/\/www.youtube.com\/embed\/D8PTfnmQhIU?feature=oembed\" frameborder=\"0\" allow=\"accelerometer; autoplay; clipboard-write; encrypted-media; gyroscope; picture-in-picture; web-share\" referrerpolicy=\"strict-origin-when-cross-origin\" allowfullscreen><\/iframe>\n<\/div><\/figure>\n\n\n\n<p>Die Pr\u00fcfung besteht aus drei Teilen und ist vor der zust\u00e4ndigen Au\u00dfenstelle der BNetzA (Bundesnetzagentur) abzulegen. Welche Niederlassung das ist h\u00e4ngt vom jeweiligen Wohnort ab. In Deutschland werden Amateurfunkzeugnisse in den Klassen A,E und N erteilt. Sie unterscheiden sich im Umfang der Pr\u00fcfung des Technikteils. Durch eine Zusatzpr\u00fcfung kann man von der Klasse N in die Klasse E oder A wechseln. Die Pr\u00fcfung besteht aus je einem Teil Vorschriften, einem Betriebstechnik und einem Technikteil. Alle Teile sind schriftlich nach dem Multiple-Choice-Verfahren organisiert. Aus einem Fragepool werden entsprechend der angestrebten Lizenzklasse Fragen ausgew\u00e4hlt.<\/p>\n\n\n\n<p>Die Pr\u00fcfung zur Klasse\u00a0N umfasst 25\u00a0Fragen zu den Vorschriften (Pr\u00fcfungsteil\u00a0V), 25\u00a0Fragen zum Betrieb (Pr\u00fcfungsteil\u00a0B) und 25\u00a0Fragen zur Technik (Pr\u00fcfungsteil\u00a0T). Die Zusatzpr\u00fcfung zur Klasse\u00a0E enth\u00e4lt 25\u00a0weitere Fragen zur Technik (Pr\u00fcfungsteil\u00a0E). Dar\u00fcber hinaus umfasst die Zusatzpr\u00fcfung zur Klasse\u00a0A weitere 25\u00a0Fragen zur Technik (Pr\u00fcfungsteil\u00a0A). F\u00fcr jeden Pr\u00fcfungteil stehen jeweils 45\u00a0Minuten zur Verf\u00fcgung (Ausnahme: 60\u00a0Minuten f\u00fcr Pr\u00fcfungsteil\u00a0A). Der Erwerb der Klasse\u00a0A kann auch am selben Tag geschehen und setzt nicht den vorherigen Erwerb einer niedrigeren Klasse voraus.<\/p>\n\n\n\n<p>Die Klassen der Amateurfunkzeugnisse folgen den international harmonisierten Empfehlungen. Die Klasse\u00a0A entspricht der internationalen CEPT-Lizenz und die Klasse\u00a0E entspricht der CEPT-Novice-Lizenz.<\/p>\n\n\n\n<div style=\"height:1px\" aria-hidden=\"true\" class=\"wp-block-spacer\"><\/div>\n\n\n\n<p>Der Pr\u00fcfungsteil gilt als bestanden wenn <span class=\"has-inline-color has-vivid-red-color\">mindestens 73%<\/span> der Fragen richtig beantwortet sind. Es m\u00fcssen alle drei Teile einzeln bestanden werden. Bei Nicht bestehen eines Pr\u00fcfungsteils kann man diesen innerhalb von zwei Jahren wiederholen. Nach Ablauf dieser Frist ist eine komplette Pr\u00fcfung abzulegen.<\/p>\n\n\n\n<p>Bei Fragen hilft jeder Funkamateur oder ein Ortsverband vom DARC in der N\u00e4he gern weiter.<\/p>\n\n\n\n<hr class=\"wp-block-separator has-css-opacity\"\/>\n\n\n\n<p><\/p>","protected":false},"excerpt":{"rendered":"<p>Wer in Deutschland Funkamateur werden m\u00f6chte, muss bei der Zust\u00e4ndigen Beh\u00f6rde die Amateurfunk-Pr\u00fcfung bestehen. In Deutschland ist dieses bei der Bundesnetzagentur. Nach bestandener Pr\u00fcfung erh\u00e4lt man dann sein Amateurfunkzeugnis, seine Zulassung zum Amateurfunk und ein international g\u00fcltiges Amateurfunkrufzeichen. Lizenzklassen In Deutschland gibt es mit Wirkung vom 24. Juni 2024 drei Lizenzklassen Die drei Klassen bauen [&hellip;]<\/p>","protected":false},"author":1,"featured_media":0,"parent":0,"menu_order":0,"comment_status":"closed","ping_status":"closed","template":"page-full-width.php","meta":{"ngg_post_thumbnail":0,"footnotes":""},"class_list":["post-2854","page","type-page","status-publish","hentry"],"yoast_head":"<!-- This site is optimized with the Yoast SEO plugin v26.9 - https:\/\/yoast.com\/product\/yoast-seo-wordpress\/ -->\n<title>Wie werde ich Funkamateur - DF7ER<\/title>\n<meta name=\"description\" content=\"Wie werde ich eigendlich Funkamateur und was brauche ich daf\u00fcr. Ein kleiner Einblick soll die Seite zeigen.\" \/>\n<meta name=\"robots\" content=\"index, follow, max-snippet:-1, max-image-preview:large, max-video-preview:-1\" \/>\n<link rel=\"canonical\" href=\"http:\/\/www.df7er.de\/en\/wie-werde-ich-funkamateur\/\" \/>\n<meta property=\"og:locale\" content=\"en_US\" \/>\n<meta property=\"og:type\" content=\"article\" \/>\n<meta property=\"og:title\" content=\"Wie werde ich Funkamateur - DF7ER\" \/>\n<meta property=\"og:description\" content=\"Wie werde ich eigendlich Funkamateur und was brauche ich daf\u00fcr. Ein kleiner Einblick soll die Seite zeigen.\" \/>\n<meta property=\"og:url\" content=\"http:\/\/www.df7er.de\/en\/wie-werde-ich-funkamateur\/\" \/>\n<meta property=\"og:site_name\" content=\"DF7ER\" \/>\n<meta property=\"article:modified_time\" content=\"2024-10-09T09:57:17+00:00\" \/>\n<meta property=\"og:image\" content=\"http:\/\/www.df7er.de\/wp-content\/uploads\/2020\/12\/BnetzA.jpg\" \/>\n\t<meta property=\"og:image:width\" content=\"1024\" \/>\n\t<meta property=\"og:image:height\" content=\"576\" \/>\n\t<meta property=\"og:image:type\" content=\"image\/jpeg\" \/>\n<meta name=\"twitter:card\" content=\"summary_large_image\" \/>\n<meta name=\"twitter:label1\" content=\"Est. reading time\" \/>\n\t<meta name=\"twitter:data1\" content=\"4 minutes\" \/>\n<script type=\"application\/ld+json\" class=\"yoast-schema-graph\">{\"@context\":\"https:\/\/schema.org\",\"@graph\":[{\"@type\":\"WebPage\",\"@id\":\"http:\/\/www.df7er.de\/wie-werde-ich-funkamateur\/\",\"url\":\"http:\/\/www.df7er.de\/wie-werde-ich-funkamateur\/\",\"name\":\"Wie werde ich Funkamateur - DF7ER\",\"isPartOf\":{\"@id\":\"http:\/\/www.df7er.de\/#website\"},\"primaryImageOfPage\":{\"@id\":\"http:\/\/www.df7er.de\/wie-werde-ich-funkamateur\/#primaryimage\"},\"image\":{\"@id\":\"http:\/\/www.df7er.de\/wie-werde-ich-funkamateur\/#primaryimage\"},\"thumbnailUrl\":\"http:\/\/www.df7er.de\/wp-content\/uploads\/2020\/12\/BnetzA.jpg\",\"datePublished\":\"2020-12-27T10:41:39+00:00\",\"dateModified\":\"2024-10-09T09:57:17+00:00\",\"description\":\"Wie werde ich eigendlich Funkamateur und was brauche ich daf\u00fcr. Ein kleiner Einblick soll die Seite zeigen.\",\"breadcrumb\":{\"@id\":\"http:\/\/www.df7er.de\/wie-werde-ich-funkamateur\/#breadcrumb\"},\"inLanguage\":\"en-US\",\"potentialAction\":[{\"@type\":\"ReadAction\",\"target\":[\"http:\/\/www.df7er.de\/wie-werde-ich-funkamateur\/\"]}]},{\"@type\":\"ImageObject\",\"inLanguage\":\"en-US\",\"@id\":\"http:\/\/www.df7er.de\/wie-werde-ich-funkamateur\/#primaryimage\",\"url\":\"http:\/\/www.df7er.de\/wp-content\/uploads\/2020\/12\/BnetzA.jpg\",\"contentUrl\":\"http:\/\/www.df7er.de\/wp-content\/uploads\/2020\/12\/BnetzA.jpg\"},{\"@type\":\"BreadcrumbList\",\"@id\":\"http:\/\/www.df7er.de\/wie-werde-ich-funkamateur\/#breadcrumb\",\"itemListElement\":[{\"@type\":\"ListItem\",\"position\":1,\"name\":\"Startseite\",\"item\":\"http:\/\/www.df7er.de\/\"},{\"@type\":\"ListItem\",\"position\":2,\"name\":\"Wie werde ich Funkamateur\"}]},{\"@type\":\"WebSite\",\"@id\":\"http:\/\/www.df7er.de\/#website\",\"url\":\"http:\/\/www.df7er.de\/\",\"name\":\"DF7ER German Amateur Radio Station\",\"description\":\"German Amateur Radion Station in JO52HR\",\"publisher\":{\"@id\":\"http:\/\/www.df7er.de\/#\/schema\/person\/653b63e414718c8c68bac56967a2e8ef\"},\"potentialAction\":[{\"@type\":\"SearchAction\",\"target\":{\"@type\":\"EntryPoint\",\"urlTemplate\":\"http:\/\/www.df7er.de\/?s={search_term_string}\"},\"query-input\":{\"@type\":\"PropertyValueSpecification\",\"valueRequired\":true,\"valueName\":\"search_term_string\"}}],\"inLanguage\":\"en-US\"},{\"@type\":[\"Person\",\"Organization\"],\"@id\":\"http:\/\/www.df7er.de\/#\/schema\/person\/653b63e414718c8c68bac56967a2e8ef\",\"name\":\"Sascha DF7ER\",\"image\":{\"@type\":\"ImageObject\",\"inLanguage\":\"en-US\",\"@id\":\"http:\/\/www.df7er.de\/#\/schema\/person\/image\/\",\"url\":\"http:\/\/www.df7er.de\/wp-content\/uploads\/2020\/12\/wolfswarte1.jpg\",\"contentUrl\":\"http:\/\/www.df7er.de\/wp-content\/uploads\/2020\/12\/wolfswarte1.jpg\",\"width\":480,\"height\":360,\"caption\":\"Sascha DF7ER\"},\"logo\":{\"@id\":\"http:\/\/www.df7er.de\/#\/schema\/person\/image\/\"},\"sameAs\":[\"http:\/\/www.df7er.de\"]}]}<\/script>\n<!-- \/ Yoast SEO plugin. -->","yoast_head_json":{"title":"Wie werde ich Funkamateur - DF7ER","description":"Wie werde ich eigendlich Funkamateur und was brauche ich daf\u00fcr. Ein kleiner Einblick soll die Seite zeigen.","robots":{"index":"index","follow":"follow","max-snippet":"max-snippet:-1","max-image-preview":"max-image-preview:large","max-video-preview":"max-video-preview:-1"},"canonical":"http:\/\/www.df7er.de\/en\/wie-werde-ich-funkamateur\/","og_locale":"en_US","og_type":"article","og_title":"Wie werde ich Funkamateur - DF7ER","og_description":"Wie werde ich eigendlich Funkamateur und was brauche ich daf\u00fcr. Ein kleiner Einblick soll die Seite zeigen.","og_url":"http:\/\/www.df7er.de\/en\/wie-werde-ich-funkamateur\/","og_site_name":"DF7ER","article_modified_time":"2024-10-09T09:57:17+00:00","og_image":[{"width":1024,"height":576,"url":"http:\/\/www.df7er.de\/wp-content\/uploads\/2020\/12\/BnetzA.jpg","type":"image\/jpeg"}],"twitter_card":"summary_large_image","twitter_misc":{"Est. reading time":"4 minutes"},"schema":{"@context":"https:\/\/schema.org","@graph":[{"@type":"WebPage","@id":"http:\/\/www.df7er.de\/wie-werde-ich-funkamateur\/","url":"http:\/\/www.df7er.de\/wie-werde-ich-funkamateur\/","name":"Wie werde ich Funkamateur - DF7ER","isPartOf":{"@id":"http:\/\/www.df7er.de\/#website"},"primaryImageOfPage":{"@id":"http:\/\/www.df7er.de\/wie-werde-ich-funkamateur\/#primaryimage"},"image":{"@id":"http:\/\/www.df7er.de\/wie-werde-ich-funkamateur\/#primaryimage"},"thumbnailUrl":"http:\/\/www.df7er.de\/wp-content\/uploads\/2020\/12\/BnetzA.jpg","datePublished":"2020-12-27T10:41:39+00:00","dateModified":"2024-10-09T09:57:17+00:00","description":"Wie werde ich eigendlich Funkamateur und was brauche ich daf\u00fcr. Ein kleiner Einblick soll die Seite zeigen.","breadcrumb":{"@id":"http:\/\/www.df7er.de\/wie-werde-ich-funkamateur\/#breadcrumb"},"inLanguage":"en-US","potentialAction":[{"@type":"ReadAction","target":["http:\/\/www.df7er.de\/wie-werde-ich-funkamateur\/"]}]},{"@type":"ImageObject","inLanguage":"en-US","@id":"http:\/\/www.df7er.de\/wie-werde-ich-funkamateur\/#primaryimage","url":"http:\/\/www.df7er.de\/wp-content\/uploads\/2020\/12\/BnetzA.jpg","contentUrl":"http:\/\/www.df7er.de\/wp-content\/uploads\/2020\/12\/BnetzA.jpg"},{"@type":"BreadcrumbList","@id":"http:\/\/www.df7er.de\/wie-werde-ich-funkamateur\/#breadcrumb","itemListElement":[{"@type":"ListItem","position":1,"name":"Startseite","item":"http:\/\/www.df7er.de\/"},{"@type":"ListItem","position":2,"name":"Wie werde ich Funkamateur"}]},{"@type":"WebSite","@id":"http:\/\/www.df7er.de\/#website","url":"http:\/\/www.df7er.de\/","name":"DF7ER German Amateur Radio Station","description":"German Amateur Radion Station in JO52HR","publisher":{"@id":"http:\/\/www.df7er.de\/#\/schema\/person\/653b63e414718c8c68bac56967a2e8ef"},"potentialAction":[{"@type":"SearchAction","target":{"@type":"EntryPoint","urlTemplate":"http:\/\/www.df7er.de\/?s={search_term_string}"},"query-input":{"@type":"PropertyValueSpecification","valueRequired":true,"valueName":"search_term_string"}}],"inLanguage":"en-US"},{"@type":["Person","Organization"],"@id":"http:\/\/www.df7er.de\/#\/schema\/person\/653b63e414718c8c68bac56967a2e8ef","name":"Sascha DF7ER","image":{"@type":"ImageObject","inLanguage":"en-US","@id":"http:\/\/www.df7er.de\/#\/schema\/person\/image\/","url":"http:\/\/www.df7er.de\/wp-content\/uploads\/2020\/12\/wolfswarte1.jpg","contentUrl":"http:\/\/www.df7er.de\/wp-content\/uploads\/2020\/12\/wolfswarte1.jpg","width":480,"height":360,"caption":"Sascha DF7ER"},"logo":{"@id":"http:\/\/www.df7er.de\/#\/schema\/person\/image\/"},"sameAs":["http:\/\/www.df7er.de"]}]}},"_links":{"self":[{"href":"http:\/\/www.df7er.de\/en\/wp-json\/wp\/v2\/pages\/2854","targetHints":{"allow":["GET"]}}],"collection":[{"href":"http:\/\/www.df7er.de\/en\/wp-json\/wp\/v2\/pages"}],"about":[{"href":"http:\/\/www.df7er.de\/en\/wp-json\/wp\/v2\/types\/page"}],"author":[{"embeddable":true,"href":"http:\/\/www.df7er.de\/en\/wp-json\/wp\/v2\/users\/1"}],"replies":[{"embeddable":true,"href":"http:\/\/www.df7er.de\/en\/wp-json\/wp\/v2\/comments?post=2854"}],"version-history":[{"count":9,"href":"http:\/\/www.df7er.de\/en\/wp-json\/wp\/v2\/pages\/2854\/revisions"}],"predecessor-version":[{"id":5272,"href":"http:\/\/www.df7er.de\/en\/wp-json\/wp\/v2\/pages\/2854\/revisions\/5272"}],"wp:attachment":[{"href":"http:\/\/www.df7er.de\/en\/wp-json\/wp\/v2\/media?parent=2854"}],"curies":[{"name":"wp","href":"https:\/\/api.w.org\/{rel}","templated":true}]}}