{"id":2578,"date":"2020-12-25T14:28:51","date_gmt":"2020-12-25T13:28:51","guid":{"rendered":"http:\/\/homepage.df7er.de\/?page_id=2578"},"modified":"2024-10-09T10:57:40","modified_gmt":"2024-10-09T08:57:40","slug":"funkwetter","status":"publish","type":"page","link":"http:\/\/www.df7er.de\/en\/funkwetter\/","title":{"rendered":"Funkwetter"},"content":{"rendered":"<p class=\"has-text-align-center\">Funkwetter ist die Summe aller atmosph\u00e4rischen und kosmischen Bedingungen, welche den kurzfristigen Zustand des Ausbreitungsverhalten von Funkwellen beeinflussen.<br>Wie das Wetter ist das Funkwetter im strengen physikalischen Sinn als ein bestimmter Zustand an einem bestimmten Ort auf der Erdoberfl\u00e4che definiert.<br>Bestimmte Funkwetterbedingungen kann es in einem Labor ebenso wie \u00fcber einem Erdteil geben, ohne dass die Definition des Begriffs \u201eFunkwetter\u201c ver\u00e4ndert wird.<\/p>\n\n\n<p><center><a href=\"http:\/\/www.hamqsl.com\/solar.html\" title=\"Click to add Solar-Terrestrial Data to your website!\"><img decoding=\"async\" src=\"http:\/\/www.hamqsl.com\/solar101vhfpic.php\"><\/a><\/center><\/p>\n\n\n\n<p class=\"has-text-align-center\">Funkwellen im Kurzwellenbereich werden an der Ionosph\u00e4re reflektiert, wenn sie unter einem bestimmten Winkel auf diese auftreffen.<br>Die Gr\u00f6\u00dfe des Einfallswinkels, den die Wellen besitzen m\u00fcssen, damit diese an der Ionosph\u00e4re reflektiert werden, h\u00e4ngt von der Frequenz und der Ionisierung (Vorhandensein elektrisch geladener Teilchen) des Ionosph\u00e4rengases ab. Die Ionisation (Erzeugung elektrisch geladener Teilchen) der Gasmolek\u00fcle in der Ionosph\u00e4re erfolgt durch elektrisch geladene Elementarteilchen, die als Sonnenwind auf die Atmosph\u00e4re der Erde treffen. Da die St\u00e4rke des Sonnenwindes unter anderem vom elfj\u00e4hrigen Sonnenfleckenzyklus abh\u00e4ngt, ist auf der Erde ein ebenfalls elfj\u00e4hriger Schwankungszyklus des Funkwetters im Kurzwellenbereich deutlich zu beobachten.<br>Aber auch kurzfristige Schwankungen der Sonnenaktivit\u00e4t haben Auswirkungen auf die Kurzwellenausbreitung auf der Erde.<\/p>\n\n\n<p><center><a href=\"http:\/\/www.hamqsl.com\/solar.html\" title=\"Click to add Solar-Terrestrial Data to your website!\"><img decoding=\"async\" src=\"http:\/\/www.hamqsl.com\/solarmuf.php\"><\/a><\/center><\/p>\n\n\n\n<p><mark style=\"background-color:rgba(0, 0, 0, 0)\" class=\"has-inline-color has-luminous-vivid-orange-color\"><strong>Blitze in Deutschland<\/strong><\/mark><\/p>\n\n\n\n<hr class=\"wp-block-separator has-css-opacity\"\/>\n\n\n<p><center><a href=\"http:\/\/www.meteopool.org\/de\" title=\"Quelle der Blitzkarte: meteopool.org\"><img decoding=\"async\" alt=\"Blitzkarte f\u00fcr Deutschland, letzte 2 Stunden\" src=\"http:\/\/www.meteopool.org\/export\/homepagewetter.php?content=blitzkarte_270x338\" title=\"Blitzkarte f\u00fcr Deutschland, letzte 2 Stunden\"><\/a><center><\/center><\/center><\/p>\n\n\n\n<p class=\"has-text-align-left\"><mark style=\"background-color:rgba(0, 0, 0, 0)\" class=\"has-inline-color has-luminous-vivid-orange-color\"><strong>Wetter in JO52HR Hankensb\u00fcttel<\/strong><\/mark><\/p>\n\n\n\n<hr class=\"wp-block-separator has-css-opacity\"\/>\n\n\n\n<center><a href=\"https:\/\/app.weathercloud.net\/d1337228726\"><img decoding=\"async\" src=\"https:\/\/app.weathercloud.net\/device\/sticker\/1337228726\"><\/a><center>\n\n\n\n<p><\/p>","protected":false},"excerpt":{"rendered":"<p>Funkwetter ist die Summe aller atmosph\u00e4rischen und kosmischen Bedingungen, welche den kurzfristigen Zustand des Ausbreitungsverhalten von Funkwellen beeinflussen.Wie das Wetter ist das Funkwetter im strengen physikalischen Sinn als ein bestimmter Zustand an einem bestimmten Ort auf der Erdoberfl\u00e4che definiert.Bestimmte Funkwetterbedingungen kann es in einem Labor ebenso wie \u00fcber einem Erdteil geben, ohne dass die Definition [&hellip;]<\/p>","protected":false},"author":1,"featured_media":0,"parent":0,"menu_order":0,"comment_status":"closed","ping_status":"closed","template":"page-full-width.php","meta":{"ngg_post_thumbnail":0,"footnotes":""},"class_list":["post-2578","page","type-page","status-publish","hentry"],"yoast_head":"<!-- This site is optimized with the Yoast SEO plugin v26.9 - https:\/\/yoast.com\/product\/yoast-seo-wordpress\/ -->\n<title>Funkwetter - DF7ER<\/title>\n<meta name=\"description\" content=\"Funkwetter ist die Summe aller atmosph\u00e4rischen und kosmischen Bedingungen, welche den kurzfristigen Zustand des Ausbreitungsverhalten von Funkwellen beeinflussen.\" \/>\n<meta name=\"robots\" content=\"index, follow, max-snippet:-1, max-image-preview:large, max-video-preview:-1\" \/>\n<link rel=\"canonical\" href=\"http:\/\/www.df7er.de\/en\/funkwetter\/\" \/>\n<meta property=\"og:locale\" content=\"en_US\" \/>\n<meta property=\"og:type\" content=\"article\" \/>\n<meta property=\"og:title\" content=\"Funkwetter - DF7ER\" \/>\n<meta property=\"og:description\" content=\"Funkwetter ist die Summe aller atmosph\u00e4rischen und kosmischen Bedingungen, welche den kurzfristigen Zustand des Ausbreitungsverhalten von Funkwellen beeinflussen.\" \/>\n<meta property=\"og:url\" content=\"http:\/\/www.df7er.de\/en\/funkwetter\/\" \/>\n<meta property=\"og:site_name\" content=\"DF7ER\" \/>\n<meta property=\"article:modified_time\" content=\"2024-10-09T08:57:40+00:00\" \/>\n<meta property=\"og:image\" content=\"http:\/\/www.hamqsl.com\/solar101vhfpic.php\" \/>\n<meta name=\"twitter:card\" content=\"summary_large_image\" \/>\n<meta name=\"twitter:label1\" content=\"Est. reading time\" \/>\n\t<meta name=\"twitter:data1\" content=\"2 minutes\" \/>\n<script type=\"application\/ld+json\" class=\"yoast-schema-graph\">{\"@context\":\"https:\/\/schema.org\",\"@graph\":[{\"@type\":\"WebPage\",\"@id\":\"http:\/\/www.df7er.de\/funkwetter\/\",\"url\":\"http:\/\/www.df7er.de\/funkwetter\/\",\"name\":\"Funkwetter - DF7ER\",\"isPartOf\":{\"@id\":\"http:\/\/www.df7er.de\/#website\"},\"primaryImageOfPage\":{\"@id\":\"http:\/\/www.df7er.de\/funkwetter\/#primaryimage\"},\"image\":{\"@id\":\"http:\/\/www.df7er.de\/funkwetter\/#primaryimage\"},\"thumbnailUrl\":\"http:\/\/www.hamqsl.com\/solar101vhfpic.php\",\"datePublished\":\"2020-12-25T13:28:51+00:00\",\"dateModified\":\"2024-10-09T08:57:40+00:00\",\"description\":\"Funkwetter ist die Summe aller atmosph\u00e4rischen und kosmischen Bedingungen, welche den kurzfristigen Zustand des Ausbreitungsverhalten von Funkwellen beeinflussen.\",\"breadcrumb\":{\"@id\":\"http:\/\/www.df7er.de\/funkwetter\/#breadcrumb\"},\"inLanguage\":\"en-US\",\"potentialAction\":[{\"@type\":\"ReadAction\",\"target\":[\"http:\/\/www.df7er.de\/funkwetter\/\"]}]},{\"@type\":\"ImageObject\",\"inLanguage\":\"en-US\",\"@id\":\"http:\/\/www.df7er.de\/funkwetter\/#primaryimage\",\"url\":\"http:\/\/www.hamqsl.com\/solar101vhfpic.php\",\"contentUrl\":\"http:\/\/www.hamqsl.com\/solar101vhfpic.php\"},{\"@type\":\"BreadcrumbList\",\"@id\":\"http:\/\/www.df7er.de\/funkwetter\/#breadcrumb\",\"itemListElement\":[{\"@type\":\"ListItem\",\"position\":1,\"name\":\"Startseite\",\"item\":\"http:\/\/www.df7er.de\/\"},{\"@type\":\"ListItem\",\"position\":2,\"name\":\"Funkwetter\"}]},{\"@type\":\"WebSite\",\"@id\":\"http:\/\/www.df7er.de\/#website\",\"url\":\"http:\/\/www.df7er.de\/\",\"name\":\"DF7ER German Amateur Radio Station\",\"description\":\"German Amateur Radion Station in JO52HR\",\"publisher\":{\"@id\":\"http:\/\/www.df7er.de\/#\/schema\/person\/653b63e414718c8c68bac56967a2e8ef\"},\"potentialAction\":[{\"@type\":\"SearchAction\",\"target\":{\"@type\":\"EntryPoint\",\"urlTemplate\":\"http:\/\/www.df7er.de\/?s={search_term_string}\"},\"query-input\":{\"@type\":\"PropertyValueSpecification\",\"valueRequired\":true,\"valueName\":\"search_term_string\"}}],\"inLanguage\":\"en-US\"},{\"@type\":[\"Person\",\"Organization\"],\"@id\":\"http:\/\/www.df7er.de\/#\/schema\/person\/653b63e414718c8c68bac56967a2e8ef\",\"name\":\"Sascha DF7ER\",\"image\":{\"@type\":\"ImageObject\",\"inLanguage\":\"en-US\",\"@id\":\"http:\/\/www.df7er.de\/#\/schema\/person\/image\/\",\"url\":\"http:\/\/www.df7er.de\/wp-content\/uploads\/2020\/12\/wolfswarte1.jpg\",\"contentUrl\":\"http:\/\/www.df7er.de\/wp-content\/uploads\/2020\/12\/wolfswarte1.jpg\",\"width\":480,\"height\":360,\"caption\":\"Sascha DF7ER\"},\"logo\":{\"@id\":\"http:\/\/www.df7er.de\/#\/schema\/person\/image\/\"},\"sameAs\":[\"http:\/\/www.df7er.de\"]}]}<\/script>\n<!-- \/ Yoast SEO plugin. -->","yoast_head_json":{"title":"Funkwetter - DF7ER","description":"Funkwetter ist die Summe aller atmosph\u00e4rischen und kosmischen Bedingungen, welche den kurzfristigen Zustand des Ausbreitungsverhalten von Funkwellen beeinflussen.","robots":{"index":"index","follow":"follow","max-snippet":"max-snippet:-1","max-image-preview":"max-image-preview:large","max-video-preview":"max-video-preview:-1"},"canonical":"http:\/\/www.df7er.de\/en\/funkwetter\/","og_locale":"en_US","og_type":"article","og_title":"Funkwetter - DF7ER","og_description":"Funkwetter ist die Summe aller atmosph\u00e4rischen und kosmischen Bedingungen, welche den kurzfristigen Zustand des Ausbreitungsverhalten von Funkwellen beeinflussen.","og_url":"http:\/\/www.df7er.de\/en\/funkwetter\/","og_site_name":"DF7ER","article_modified_time":"2024-10-09T08:57:40+00:00","og_image":[{"url":"http:\/\/www.hamqsl.com\/solar101vhfpic.php","type":"","width":"","height":""}],"twitter_card":"summary_large_image","twitter_misc":{"Est. reading time":"2 minutes"},"schema":{"@context":"https:\/\/schema.org","@graph":[{"@type":"WebPage","@id":"http:\/\/www.df7er.de\/funkwetter\/","url":"http:\/\/www.df7er.de\/funkwetter\/","name":"Funkwetter - DF7ER","isPartOf":{"@id":"http:\/\/www.df7er.de\/#website"},"primaryImageOfPage":{"@id":"http:\/\/www.df7er.de\/funkwetter\/#primaryimage"},"image":{"@id":"http:\/\/www.df7er.de\/funkwetter\/#primaryimage"},"thumbnailUrl":"http:\/\/www.hamqsl.com\/solar101vhfpic.php","datePublished":"2020-12-25T13:28:51+00:00","dateModified":"2024-10-09T08:57:40+00:00","description":"Funkwetter ist die Summe aller atmosph\u00e4rischen und kosmischen Bedingungen, welche den kurzfristigen Zustand des Ausbreitungsverhalten von Funkwellen beeinflussen.","breadcrumb":{"@id":"http:\/\/www.df7er.de\/funkwetter\/#breadcrumb"},"inLanguage":"en-US","potentialAction":[{"@type":"ReadAction","target":["http:\/\/www.df7er.de\/funkwetter\/"]}]},{"@type":"ImageObject","inLanguage":"en-US","@id":"http:\/\/www.df7er.de\/funkwetter\/#primaryimage","url":"http:\/\/www.hamqsl.com\/solar101vhfpic.php","contentUrl":"http:\/\/www.hamqsl.com\/solar101vhfpic.php"},{"@type":"BreadcrumbList","@id":"http:\/\/www.df7er.de\/funkwetter\/#breadcrumb","itemListElement":[{"@type":"ListItem","position":1,"name":"Startseite","item":"http:\/\/www.df7er.de\/"},{"@type":"ListItem","position":2,"name":"Funkwetter"}]},{"@type":"WebSite","@id":"http:\/\/www.df7er.de\/#website","url":"http:\/\/www.df7er.de\/","name":"DF7ER German Amateur Radio Station","description":"German Amateur Radion Station in JO52HR","publisher":{"@id":"http:\/\/www.df7er.de\/#\/schema\/person\/653b63e414718c8c68bac56967a2e8ef"},"potentialAction":[{"@type":"SearchAction","target":{"@type":"EntryPoint","urlTemplate":"http:\/\/www.df7er.de\/?s={search_term_string}"},"query-input":{"@type":"PropertyValueSpecification","valueRequired":true,"valueName":"search_term_string"}}],"inLanguage":"en-US"},{"@type":["Person","Organization"],"@id":"http:\/\/www.df7er.de\/#\/schema\/person\/653b63e414718c8c68bac56967a2e8ef","name":"Sascha DF7ER","image":{"@type":"ImageObject","inLanguage":"en-US","@id":"http:\/\/www.df7er.de\/#\/schema\/person\/image\/","url":"http:\/\/www.df7er.de\/wp-content\/uploads\/2020\/12\/wolfswarte1.jpg","contentUrl":"http:\/\/www.df7er.de\/wp-content\/uploads\/2020\/12\/wolfswarte1.jpg","width":480,"height":360,"caption":"Sascha DF7ER"},"logo":{"@id":"http:\/\/www.df7er.de\/#\/schema\/person\/image\/"},"sameAs":["http:\/\/www.df7er.de"]}]}},"_links":{"self":[{"href":"http:\/\/www.df7er.de\/en\/wp-json\/wp\/v2\/pages\/2578","targetHints":{"allow":["GET"]}}],"collection":[{"href":"http:\/\/www.df7er.de\/en\/wp-json\/wp\/v2\/pages"}],"about":[{"href":"http:\/\/www.df7er.de\/en\/wp-json\/wp\/v2\/types\/page"}],"author":[{"embeddable":true,"href":"http:\/\/www.df7er.de\/en\/wp-json\/wp\/v2\/users\/1"}],"replies":[{"embeddable":true,"href":"http:\/\/www.df7er.de\/en\/wp-json\/wp\/v2\/comments?post=2578"}],"version-history":[{"count":10,"href":"http:\/\/www.df7er.de\/en\/wp-json\/wp\/v2\/pages\/2578\/revisions"}],"predecessor-version":[{"id":5254,"href":"http:\/\/www.df7er.de\/en\/wp-json\/wp\/v2\/pages\/2578\/revisions\/5254"}],"wp:attachment":[{"href":"http:\/\/www.df7er.de\/en\/wp-json\/wp\/v2\/media?parent=2578"}],"curies":[{"name":"wp","href":"https:\/\/api.w.org\/{rel}","templated":true}]}}