{"id":2575,"date":"2020-12-25T14:28:51","date_gmt":"2020-12-25T13:28:51","guid":{"rendered":"http:\/\/homepage.df7er.de\/?page_id=2575"},"modified":"2022-03-25T13:14:39","modified_gmt":"2022-03-25T12:14:39","slug":"besuch-bei-df0xx","status":"publish","type":"page","link":"http:\/\/www.df7er.de\/en\/besuch-bei-df0xx\/","title":{"rendered":"Besuch bei DF0XX"},"content":{"rendered":"<p><strong><span class=\"has-inline-color has-luminous-vivid-orange-color\">Besuch bei der Contest Station<br>DF0XX Richthofenkaserne Dedelsdorf<\/span><\/strong><\/p>\n\n\n\n<div class=\"wp-block-image is-style-default\"><figure class=\"alignright size-large is-resized\"><a href=\"http:\/\/www.df7er.de\/wp-content\/uploads\/2020\/12\/DF0XX.jpg\"><img loading=\"lazy\" decoding=\"async\" src=\"http:\/\/www.df7er.de\/wp-content\/uploads\/2020\/12\/DF0XX.jpg\" alt=\"\" width=\"384\" height=\"491\"\/><\/a><\/figure><\/div>\n\n\n\n<p>Am 05.05.2012 war ich zur Gast bei <strong>DF0XX<\/strong> in der Richthofenkaserne Dedelsdorf, dort fand am Samstag und Sonntag der DARC&nbsp;VHF-\/UHF-Mikrowellencontest statt.<br><br>Nach freundlicher Begr\u00fc\u00dfung durch&nbsp;<strong>Meinhard DL2MF<\/strong> \/ <strong>Andreas DG1OJ<\/strong> &amp; <strong>Sergej DF3BAX<\/strong> wurde die Anlage getestet &#8211; p\u00fcnktlich zum Start 16 Uhr ging es los.&nbsp;Betrieb wurde an diesem Wochenend auf 2m \/ 70cm und 23cm gemacht.<br><br><strong><a href=\"http:\/\/www.qrz.com\/db\/df0xx\">DF0XX<\/a><\/strong> ist das Contestcall von <strong><a href=\"http:\/\/www.darc-celle.de\/index.php\" target=\"_blank\" rel=\"noreferrer noopener\">OV H05 Celle<\/a><\/strong>.&nbsp;&nbsp;<\/p>\n\n\n\n<div style=\"height:1px\" aria-hidden=\"true\" class=\"wp-block-spacer\"><\/div>\n\n\n\n<div class=\"wp-block-image is-style-default\"><figure class=\"alignright size-large is-resized\"><a href=\"http:\/\/www.df7er.de\/wp-content\/uploads\/2020\/12\/DF0XX-1.jpg\"><img loading=\"lazy\" decoding=\"async\" src=\"http:\/\/www.df7er.de\/wp-content\/uploads\/2020\/12\/DF0XX-1.jpg\" alt=\"\" width=\"384\" height=\"500\"\/><\/a><\/figure><\/div>\n\n\n\n<p>Ein sch\u00f6ner Ausblick auf die Antennenanlage.&nbsp;Vom Turm hat man einen wirklich sch\u00f6nen Ausblick auf die Region.<br><br>Die Antennen sind f\u00fcr das 2m, 70cm und das 23 cm Band.<br>&nbsp;&nbsp;<\/p>\n\n\n\n<div style=\"height:1px\" aria-hidden=\"true\" class=\"wp-block-spacer\"><\/div>\n\n\n\n<div class=\"wp-block-image is-style-default\"><figure class=\"alignright size-large is-resized\"><a href=\"http:\/\/www.df7er.de\/wp-content\/uploads\/2020\/12\/DF0XX-2.jpg\"><img loading=\"lazy\" decoding=\"async\" src=\"http:\/\/www.df7er.de\/wp-content\/uploads\/2020\/12\/DF0XX-2.jpg\" alt=\"\" width=\"512\" height=\"325\"\/><\/a><\/figure><\/div>\n\n\n\n<p>Aufgebaut war ein Yaesu FT-736 Transceiver f\u00fcr 2m und 70cm.&nbsp;Links die Beko Endstufe f\u00fcr 2m die 750 Watt liefert. Die Antennen k\u00f6nnen \u00fcber ein Rotorsystem auch in allen Richtungen gedreht werden.<br><br>Zu dem Zeitpunkt war der OP Meinhard DL2MF.&nbsp;Ich bedanke mich bei Meinhard f\u00fcr die ganzen wertvollen Tipps an dem Tag.<\/p>\n\n\n\n<div style=\"height:1px\" aria-hidden=\"true\" class=\"wp-block-spacer\"><\/div>\n\n\n\n<div class=\"wp-block-image is-style-default\"><figure class=\"alignright size-large is-resized\"><a href=\"http:\/\/www.df7er.de\/wp-content\/uploads\/2020\/12\/DF0XX-3.jpg\"><img loading=\"lazy\" decoding=\"async\" src=\"http:\/\/www.df7er.de\/wp-content\/uploads\/2020\/12\/DF0XX-3.jpg\" alt=\"\" width=\"512\" height=\"375\"\/><\/a><\/figure><\/div>\n\n\n\n<p>Zus\u00e4tzlich war ein Icom IC 910 aufgebaut f\u00fcr das 23cm Band.&nbsp;Im Hintergrund sieht man die beiden Endstufen f\u00fcr 70cm und 23cm.<br><br>Bis 23 Uhr d\u00fcrfte ich mit zuh\u00f6ren und mir alles angucken. Beim n\u00e4chsten mal mache ich auch mit. \ud83d\ude09<br><br><strong><em>Danke an ganze DF0XX Team.&nbsp;Ich werde wiederkommen beim n\u00e4chsten Mal.<\/em><\/strong><\/p>\n\n\n\n<div style=\"height:1px\" aria-hidden=\"true\" class=\"wp-block-spacer\"><\/div>\n\n\n\n<hr class=\"wp-block-separator\"\/>","protected":false},"excerpt":{"rendered":"<p>Besuch bei der Contest StationDF0XX Richthofenkaserne Dedelsdorf Am 05.05.2012 war ich zur Gast bei DF0XX in der Richthofenkaserne Dedelsdorf, dort fand am Samstag und Sonntag der DARC&nbsp;VHF-\/UHF-Mikrowellencontest statt. Nach freundlicher Begr\u00fc\u00dfung durch&nbsp;Meinhard DL2MF \/ Andreas DG1OJ &amp; Sergej DF3BAX wurde die Anlage getestet &#8211; p\u00fcnktlich zum Start 16 Uhr ging es los.&nbsp;Betrieb wurde an diesem [&hellip;]<\/p>","protected":false},"author":1,"featured_media":0,"parent":0,"menu_order":0,"comment_status":"closed","ping_status":"closed","template":"page-full-width.php","meta":{"ngg_post_thumbnail":0,"footnotes":""},"class_list":["post-2575","page","type-page","status-publish","hentry"],"yoast_head":"<!-- This site is optimized with the Yoast SEO plugin v26.9 - https:\/\/yoast.com\/product\/yoast-seo-wordpress\/ -->\n<title>Besuch bei DF0XX - DF7ER<\/title>\n<meta name=\"description\" content=\"Besuch bei der Contest Station DF0XX in der Richthofenkaserne Dedelsdorf. An dem Wochenende fand das DARC\u00a0VHF-\/UHF-Mikrowellencontest statt.\" \/>\n<meta name=\"robots\" content=\"index, follow, max-snippet:-1, max-image-preview:large, max-video-preview:-1\" \/>\n<link rel=\"canonical\" href=\"http:\/\/www.df7er.de\/en\/besuch-bei-df0xx\/\" \/>\n<meta property=\"og:locale\" content=\"en_US\" \/>\n<meta property=\"og:type\" content=\"article\" \/>\n<meta property=\"og:title\" content=\"Besuch bei DF0XX - DF7ER\" \/>\n<meta property=\"og:description\" content=\"Besuch bei der Contest Station DF0XX in der Richthofenkaserne Dedelsdorf. An dem Wochenende fand das DARC\u00a0VHF-\/UHF-Mikrowellencontest statt.\" \/>\n<meta property=\"og:url\" content=\"http:\/\/www.df7er.de\/en\/besuch-bei-df0xx\/\" \/>\n<meta property=\"og:site_name\" content=\"DF7ER\" \/>\n<meta property=\"article:modified_time\" content=\"2022-03-25T12:14:39+00:00\" \/>\n<meta property=\"og:image\" content=\"http:\/\/www.df7er.de\/wp-content\/uploads\/2020\/12\/DF0XX.jpg\" \/>\n<meta name=\"twitter:card\" content=\"summary_large_image\" \/>\n<meta name=\"twitter:label1\" content=\"Est. reading time\" \/>\n\t<meta name=\"twitter:data1\" content=\"2 minutes\" \/>\n<script type=\"application\/ld+json\" class=\"yoast-schema-graph\">{\"@context\":\"https:\/\/schema.org\",\"@graph\":[{\"@type\":\"WebPage\",\"@id\":\"http:\/\/www.df7er.de\/besuch-bei-df0xx\/\",\"url\":\"http:\/\/www.df7er.de\/besuch-bei-df0xx\/\",\"name\":\"Besuch bei DF0XX - DF7ER\",\"isPartOf\":{\"@id\":\"http:\/\/www.df7er.de\/#website\"},\"primaryImageOfPage\":{\"@id\":\"http:\/\/www.df7er.de\/besuch-bei-df0xx\/#primaryimage\"},\"image\":{\"@id\":\"http:\/\/www.df7er.de\/besuch-bei-df0xx\/#primaryimage\"},\"thumbnailUrl\":\"http:\/\/www.df7er.de\/wp-content\/uploads\/2020\/12\/DF0XX.jpg\",\"datePublished\":\"2020-12-25T13:28:51+00:00\",\"dateModified\":\"2022-03-25T12:14:39+00:00\",\"description\":\"Besuch bei der Contest Station DF0XX in der Richthofenkaserne Dedelsdorf. An dem Wochenende fand das DARC\u00a0VHF-\/UHF-Mikrowellencontest statt.\",\"breadcrumb\":{\"@id\":\"http:\/\/www.df7er.de\/besuch-bei-df0xx\/#breadcrumb\"},\"inLanguage\":\"en-US\",\"potentialAction\":[{\"@type\":\"ReadAction\",\"target\":[\"http:\/\/www.df7er.de\/besuch-bei-df0xx\/\"]}]},{\"@type\":\"ImageObject\",\"inLanguage\":\"en-US\",\"@id\":\"http:\/\/www.df7er.de\/besuch-bei-df0xx\/#primaryimage\",\"url\":\"http:\/\/www.df7er.de\/wp-content\/uploads\/2020\/12\/DF0XX.jpg\",\"contentUrl\":\"http:\/\/www.df7er.de\/wp-content\/uploads\/2020\/12\/DF0XX.jpg\"},{\"@type\":\"BreadcrumbList\",\"@id\":\"http:\/\/www.df7er.de\/besuch-bei-df0xx\/#breadcrumb\",\"itemListElement\":[{\"@type\":\"ListItem\",\"position\":1,\"name\":\"Startseite\",\"item\":\"http:\/\/www.df7er.de\/\"},{\"@type\":\"ListItem\",\"position\":2,\"name\":\"Besuch bei DF0XX\"}]},{\"@type\":\"WebSite\",\"@id\":\"http:\/\/www.df7er.de\/#website\",\"url\":\"http:\/\/www.df7er.de\/\",\"name\":\"DF7ER German Amateur Radio Station\",\"description\":\"German Amateur Radion Station in JO52HR\",\"publisher\":{\"@id\":\"http:\/\/www.df7er.de\/#\/schema\/person\/653b63e414718c8c68bac56967a2e8ef\"},\"potentialAction\":[{\"@type\":\"SearchAction\",\"target\":{\"@type\":\"EntryPoint\",\"urlTemplate\":\"http:\/\/www.df7er.de\/?s={search_term_string}\"},\"query-input\":{\"@type\":\"PropertyValueSpecification\",\"valueRequired\":true,\"valueName\":\"search_term_string\"}}],\"inLanguage\":\"en-US\"},{\"@type\":[\"Person\",\"Organization\"],\"@id\":\"http:\/\/www.df7er.de\/#\/schema\/person\/653b63e414718c8c68bac56967a2e8ef\",\"name\":\"Sascha DF7ER\",\"image\":{\"@type\":\"ImageObject\",\"inLanguage\":\"en-US\",\"@id\":\"http:\/\/www.df7er.de\/#\/schema\/person\/image\/\",\"url\":\"http:\/\/www.df7er.de\/wp-content\/uploads\/2020\/12\/wolfswarte1.jpg\",\"contentUrl\":\"http:\/\/www.df7er.de\/wp-content\/uploads\/2020\/12\/wolfswarte1.jpg\",\"width\":480,\"height\":360,\"caption\":\"Sascha DF7ER\"},\"logo\":{\"@id\":\"http:\/\/www.df7er.de\/#\/schema\/person\/image\/\"},\"sameAs\":[\"http:\/\/www.df7er.de\"]}]}<\/script>\n<!-- \/ Yoast SEO plugin. -->","yoast_head_json":{"title":"Besuch bei DF0XX - DF7ER","description":"Besuch bei der Contest Station DF0XX in der Richthofenkaserne Dedelsdorf. An dem Wochenende fand das DARC\u00a0VHF-\/UHF-Mikrowellencontest statt.","robots":{"index":"index","follow":"follow","max-snippet":"max-snippet:-1","max-image-preview":"max-image-preview:large","max-video-preview":"max-video-preview:-1"},"canonical":"http:\/\/www.df7er.de\/en\/besuch-bei-df0xx\/","og_locale":"en_US","og_type":"article","og_title":"Besuch bei DF0XX - DF7ER","og_description":"Besuch bei der Contest Station DF0XX in der Richthofenkaserne Dedelsdorf. An dem Wochenende fand das DARC\u00a0VHF-\/UHF-Mikrowellencontest statt.","og_url":"http:\/\/www.df7er.de\/en\/besuch-bei-df0xx\/","og_site_name":"DF7ER","article_modified_time":"2022-03-25T12:14:39+00:00","og_image":[{"url":"http:\/\/www.df7er.de\/wp-content\/uploads\/2020\/12\/DF0XX.jpg","type":"","width":"","height":""}],"twitter_card":"summary_large_image","twitter_misc":{"Est. reading time":"2 minutes"},"schema":{"@context":"https:\/\/schema.org","@graph":[{"@type":"WebPage","@id":"http:\/\/www.df7er.de\/besuch-bei-df0xx\/","url":"http:\/\/www.df7er.de\/besuch-bei-df0xx\/","name":"Besuch bei DF0XX - DF7ER","isPartOf":{"@id":"http:\/\/www.df7er.de\/#website"},"primaryImageOfPage":{"@id":"http:\/\/www.df7er.de\/besuch-bei-df0xx\/#primaryimage"},"image":{"@id":"http:\/\/www.df7er.de\/besuch-bei-df0xx\/#primaryimage"},"thumbnailUrl":"http:\/\/www.df7er.de\/wp-content\/uploads\/2020\/12\/DF0XX.jpg","datePublished":"2020-12-25T13:28:51+00:00","dateModified":"2022-03-25T12:14:39+00:00","description":"Besuch bei der Contest Station DF0XX in der Richthofenkaserne Dedelsdorf. An dem Wochenende fand das DARC\u00a0VHF-\/UHF-Mikrowellencontest statt.","breadcrumb":{"@id":"http:\/\/www.df7er.de\/besuch-bei-df0xx\/#breadcrumb"},"inLanguage":"en-US","potentialAction":[{"@type":"ReadAction","target":["http:\/\/www.df7er.de\/besuch-bei-df0xx\/"]}]},{"@type":"ImageObject","inLanguage":"en-US","@id":"http:\/\/www.df7er.de\/besuch-bei-df0xx\/#primaryimage","url":"http:\/\/www.df7er.de\/wp-content\/uploads\/2020\/12\/DF0XX.jpg","contentUrl":"http:\/\/www.df7er.de\/wp-content\/uploads\/2020\/12\/DF0XX.jpg"},{"@type":"BreadcrumbList","@id":"http:\/\/www.df7er.de\/besuch-bei-df0xx\/#breadcrumb","itemListElement":[{"@type":"ListItem","position":1,"name":"Startseite","item":"http:\/\/www.df7er.de\/"},{"@type":"ListItem","position":2,"name":"Besuch bei DF0XX"}]},{"@type":"WebSite","@id":"http:\/\/www.df7er.de\/#website","url":"http:\/\/www.df7er.de\/","name":"DF7ER German Amateur Radio Station","description":"German Amateur Radion Station in JO52HR","publisher":{"@id":"http:\/\/www.df7er.de\/#\/schema\/person\/653b63e414718c8c68bac56967a2e8ef"},"potentialAction":[{"@type":"SearchAction","target":{"@type":"EntryPoint","urlTemplate":"http:\/\/www.df7er.de\/?s={search_term_string}"},"query-input":{"@type":"PropertyValueSpecification","valueRequired":true,"valueName":"search_term_string"}}],"inLanguage":"en-US"},{"@type":["Person","Organization"],"@id":"http:\/\/www.df7er.de\/#\/schema\/person\/653b63e414718c8c68bac56967a2e8ef","name":"Sascha DF7ER","image":{"@type":"ImageObject","inLanguage":"en-US","@id":"http:\/\/www.df7er.de\/#\/schema\/person\/image\/","url":"http:\/\/www.df7er.de\/wp-content\/uploads\/2020\/12\/wolfswarte1.jpg","contentUrl":"http:\/\/www.df7er.de\/wp-content\/uploads\/2020\/12\/wolfswarte1.jpg","width":480,"height":360,"caption":"Sascha DF7ER"},"logo":{"@id":"http:\/\/www.df7er.de\/#\/schema\/person\/image\/"},"sameAs":["http:\/\/www.df7er.de"]}]}},"_links":{"self":[{"href":"http:\/\/www.df7er.de\/en\/wp-json\/wp\/v2\/pages\/2575","targetHints":{"allow":["GET"]}}],"collection":[{"href":"http:\/\/www.df7er.de\/en\/wp-json\/wp\/v2\/pages"}],"about":[{"href":"http:\/\/www.df7er.de\/en\/wp-json\/wp\/v2\/types\/page"}],"author":[{"embeddable":true,"href":"http:\/\/www.df7er.de\/en\/wp-json\/wp\/v2\/users\/1"}],"replies":[{"embeddable":true,"href":"http:\/\/www.df7er.de\/en\/wp-json\/wp\/v2\/comments?post=2575"}],"version-history":[{"count":5,"href":"http:\/\/www.df7er.de\/en\/wp-json\/wp\/v2\/pages\/2575\/revisions"}],"predecessor-version":[{"id":4165,"href":"http:\/\/www.df7er.de\/en\/wp-json\/wp\/v2\/pages\/2575\/revisions\/4165"}],"wp:attachment":[{"href":"http:\/\/www.df7er.de\/en\/wp-json\/wp\/v2\/media?parent=2575"}],"curies":[{"name":"wp","href":"https:\/\/api.w.org\/{rel}","templated":true}]}}