{"id":2571,"date":"2020-12-25T14:28:51","date_gmt":"2020-12-25T13:28:51","guid":{"rendered":"http:\/\/homepage.df7er.de\/?page_id=2571"},"modified":"2022-03-25T13:57:51","modified_gmt":"2022-03-25T12:57:51","slug":"tankumsee","status":"publish","type":"page","link":"http:\/\/www.df7er.de\/en\/tankumsee\/","title":{"rendered":"Tankumsee"},"content":{"rendered":"<p class=\"has-text-align-left\"><strong><span class=\"has-inline-color has-luminous-vivid-orange-color\">Kleines Amateurfunk Treffen am 18 . April 2014 am Tankumsee bei Gifhorn.<\/span><\/strong><\/p>\n\n\n\n<div class=\"wp-block-image is-style-default\"><figure class=\"alignleft size-large is-resized\"><a href=\"http:\/\/www.df7er.de\/wp-content\/uploads\/2020\/12\/tank1.jpg\"><img loading=\"lazy\" decoding=\"async\" src=\"http:\/\/www.df7er.de\/wp-content\/uploads\/2020\/12\/tank1.jpg\" alt=\"\" width=\"512\" height=\"342\"\/><\/a><\/figure><\/div>\n\n\n\n<p><strong>Weitere Infos auch<\/strong> unter <a rel=\"noreferrer noopener\" href=\"https:\/\/www.afu38.de\/media-galerie\/15-weltamateurfunktag-2014-am-tankumsee\" target=\"_blank\" data-type=\"URL\" data-id=\"https:\/\/www.afu38.de\/media-galerie\/15-weltamateurfunktag-2014-am-tankumsee\">www.afu38.de<\/a><\/p>\n\n\n\n<div style=\"height:1px\" aria-hidden=\"true\" class=\"wp-block-spacer\"><\/div>\n\n\n\n<div class=\"wp-block-image is-style-default\"><figure class=\"alignleft size-large is-resized\"><a href=\"http:\/\/www.df7er.de\/wp-content\/uploads\/2020\/12\/tank2.jpg\"><img loading=\"lazy\" decoding=\"async\" src=\"http:\/\/www.df7er.de\/wp-content\/uploads\/2020\/12\/tank2.jpg\" alt=\"\" width=\"512\" height=\"342\"\/><\/a><\/figure><\/div>\n\n\n\n<p>Ingo DO7ORA beim Funkbetrieb auf dem Relais DB0VW.<\/p>\n\n\n\n<div style=\"height:1px\" aria-hidden=\"true\" class=\"wp-block-spacer\"><\/div>\n\n\n\n<div class=\"wp-block-image is-style-default\"><figure class=\"alignleft size-large is-resized\"><a href=\"http:\/\/www.df7er.de\/wp-content\/uploads\/2020\/12\/tank3.jpg\"><img loading=\"lazy\" decoding=\"async\" src=\"http:\/\/www.df7er.de\/wp-content\/uploads\/2020\/12\/tank3.jpg\" alt=\"\" width=\"512\" height=\"342\"\/><\/a><\/figure><\/div>\n\n\n\n<p>Kurzwelle w\u00fcrde auch gemacht wie hier z.B. mit einem K3.<\/p>\n\n\n\n<div style=\"height:1px\" aria-hidden=\"true\" class=\"wp-block-spacer\"><\/div>\n\n\n\n<div class=\"wp-block-image is-style-default\"><figure class=\"alignleft size-large is-resized\"><a href=\"http:\/\/www.df7er.de\/wp-content\/uploads\/2020\/12\/tank4.jpg\"><img loading=\"lazy\" decoding=\"async\" src=\"http:\/\/www.df7er.de\/wp-content\/uploads\/2020\/12\/tank4.jpg\" alt=\"\" width=\"512\" height=\"342\"\/><\/a><\/figure><\/div>\n\n\n\n<p>Stefan DL1IN gerade im Gespr\u00e4ch auf der Kurzwelle mit einem Yaesu FT 817ND.<\/p>\n\n\n\n<div style=\"height:1px\" aria-hidden=\"true\" class=\"wp-block-spacer\"><\/div>\n\n\n\n<div class=\"wp-block-image is-style-default\"><figure class=\"alignleft size-large is-resized\"><a href=\"http:\/\/www.df7er.de\/wp-content\/uploads\/2020\/12\/tank5.jpg\"><img loading=\"lazy\" decoding=\"async\" src=\"http:\/\/www.df7er.de\/wp-content\/uploads\/2020\/12\/tank5.jpg\" alt=\"\" width=\"512\" height=\"342\"\/><\/a><\/figure><\/div>\n\n\n\n<p>Stefan DL1IN &amp; Martin DK9CA (ex DO1CA) im Gespr\u00e4ch.<\/p>\n\n\n\n<div style=\"height:1px\" aria-hidden=\"true\" class=\"wp-block-spacer\"><\/div>\n\n\n\n<div class=\"wp-block-image is-style-default\"><figure class=\"alignleft size-large is-resized\"><a href=\"http:\/\/www.df7er.de\/wp-content\/uploads\/2020\/12\/tank6.jpg\"><img loading=\"lazy\" decoding=\"async\" src=\"http:\/\/www.df7er.de\/wp-content\/uploads\/2020\/12\/tank6.jpg\" alt=\"\" width=\"512\" height=\"289\"\/><\/a><\/figure><\/div>\n\n\n\n<p>Aufbau der Antennen und bei netten Gesp\u00e4chen \u00fcber Amateurfunk.<br>Leider hat das Wetter nicht mit gespielt.<br><br>Danke Ingo DO7ORA f\u00fcr die Fotos.&nbsp;<\/p>\n\n\n\n<div style=\"height:1px\" aria-hidden=\"true\" class=\"wp-block-spacer\"><\/div>\n\n\n\n<p><br><\/p>\n\n\n\n<hr class=\"wp-block-separator\"\/>","protected":false},"excerpt":{"rendered":"<p>Kleines Amateurfunk Treffen am 18 . April 2014 am Tankumsee bei Gifhorn. Weitere Infos auch unter www.afu38.de Ingo DO7ORA beim Funkbetrieb auf dem Relais DB0VW. Kurzwelle w\u00fcrde auch gemacht wie hier z.B. mit einem K3. Stefan DL1IN gerade im Gespr\u00e4ch auf der Kurzwelle mit einem Yaesu FT 817ND. Stefan DL1IN &amp; Martin DK9CA (ex DO1CA) [&hellip;]<\/p>","protected":false},"author":1,"featured_media":0,"parent":0,"menu_order":0,"comment_status":"open","ping_status":"closed","template":"page-full-width.php","meta":{"ngg_post_thumbnail":0,"footnotes":""},"class_list":["post-2571","page","type-page","status-publish","hentry"],"yoast_head":"<!-- This site is optimized with the Yoast SEO plugin v26.9 - https:\/\/yoast.com\/product\/yoast-seo-wordpress\/ -->\n<title>Tankumsee - DF7ER<\/title>\n<meta name=\"description\" content=\"Kleines Amateurfunk Treffen am 18 . April 2014 am Tankumsee bei Gifhorn.\" \/>\n<meta name=\"robots\" content=\"index, follow, max-snippet:-1, max-image-preview:large, max-video-preview:-1\" \/>\n<link rel=\"canonical\" href=\"http:\/\/www.df7er.de\/en\/tankumsee\/\" \/>\n<meta property=\"og:locale\" content=\"en_US\" \/>\n<meta property=\"og:type\" content=\"article\" \/>\n<meta property=\"og:title\" content=\"Tankumsee - DF7ER\" \/>\n<meta property=\"og:description\" content=\"Kleines Amateurfunk Treffen am 18 . April 2014 am Tankumsee bei Gifhorn.\" \/>\n<meta property=\"og:url\" content=\"http:\/\/www.df7er.de\/en\/tankumsee\/\" \/>\n<meta property=\"og:site_name\" content=\"DF7ER\" \/>\n<meta property=\"article:modified_time\" content=\"2022-03-25T12:57:51+00:00\" \/>\n<meta property=\"og:image\" content=\"http:\/\/www.df7er.de\/wp-content\/uploads\/2020\/12\/tank1.jpg\" \/>\n<meta name=\"twitter:card\" content=\"summary_large_image\" \/>\n<meta name=\"twitter:label1\" content=\"Est. reading time\" \/>\n\t<meta name=\"twitter:data1\" content=\"2 minutes\" \/>\n<script type=\"application\/ld+json\" class=\"yoast-schema-graph\">{\"@context\":\"https:\/\/schema.org\",\"@graph\":[{\"@type\":\"WebPage\",\"@id\":\"http:\/\/www.df7er.de\/tankumsee\/\",\"url\":\"http:\/\/www.df7er.de\/tankumsee\/\",\"name\":\"Tankumsee - DF7ER\",\"isPartOf\":{\"@id\":\"http:\/\/www.df7er.de\/#website\"},\"primaryImageOfPage\":{\"@id\":\"http:\/\/www.df7er.de\/tankumsee\/#primaryimage\"},\"image\":{\"@id\":\"http:\/\/www.df7er.de\/tankumsee\/#primaryimage\"},\"thumbnailUrl\":\"http:\/\/www.df7er.de\/wp-content\/uploads\/2020\/12\/tank1.jpg\",\"datePublished\":\"2020-12-25T13:28:51+00:00\",\"dateModified\":\"2022-03-25T12:57:51+00:00\",\"description\":\"Kleines Amateurfunk Treffen am 18 . April 2014 am Tankumsee bei Gifhorn.\",\"breadcrumb\":{\"@id\":\"http:\/\/www.df7er.de\/tankumsee\/#breadcrumb\"},\"inLanguage\":\"en-US\",\"potentialAction\":[{\"@type\":\"ReadAction\",\"target\":[\"http:\/\/www.df7er.de\/tankumsee\/\"]}]},{\"@type\":\"ImageObject\",\"inLanguage\":\"en-US\",\"@id\":\"http:\/\/www.df7er.de\/tankumsee\/#primaryimage\",\"url\":\"http:\/\/www.df7er.de\/wp-content\/uploads\/2020\/12\/tank1.jpg\",\"contentUrl\":\"http:\/\/www.df7er.de\/wp-content\/uploads\/2020\/12\/tank1.jpg\"},{\"@type\":\"BreadcrumbList\",\"@id\":\"http:\/\/www.df7er.de\/tankumsee\/#breadcrumb\",\"itemListElement\":[{\"@type\":\"ListItem\",\"position\":1,\"name\":\"Startseite\",\"item\":\"http:\/\/www.df7er.de\/\"},{\"@type\":\"ListItem\",\"position\":2,\"name\":\"Tankumsee\"}]},{\"@type\":\"WebSite\",\"@id\":\"http:\/\/www.df7er.de\/#website\",\"url\":\"http:\/\/www.df7er.de\/\",\"name\":\"DF7ER German Amateur Radio Station\",\"description\":\"German Amateur Radion Station in JO52HR\",\"publisher\":{\"@id\":\"http:\/\/www.df7er.de\/#\/schema\/person\/653b63e414718c8c68bac56967a2e8ef\"},\"potentialAction\":[{\"@type\":\"SearchAction\",\"target\":{\"@type\":\"EntryPoint\",\"urlTemplate\":\"http:\/\/www.df7er.de\/?s={search_term_string}\"},\"query-input\":{\"@type\":\"PropertyValueSpecification\",\"valueRequired\":true,\"valueName\":\"search_term_string\"}}],\"inLanguage\":\"en-US\"},{\"@type\":[\"Person\",\"Organization\"],\"@id\":\"http:\/\/www.df7er.de\/#\/schema\/person\/653b63e414718c8c68bac56967a2e8ef\",\"name\":\"Sascha DF7ER\",\"image\":{\"@type\":\"ImageObject\",\"inLanguage\":\"en-US\",\"@id\":\"http:\/\/www.df7er.de\/#\/schema\/person\/image\/\",\"url\":\"http:\/\/www.df7er.de\/wp-content\/uploads\/2020\/12\/wolfswarte1.jpg\",\"contentUrl\":\"http:\/\/www.df7er.de\/wp-content\/uploads\/2020\/12\/wolfswarte1.jpg\",\"width\":480,\"height\":360,\"caption\":\"Sascha DF7ER\"},\"logo\":{\"@id\":\"http:\/\/www.df7er.de\/#\/schema\/person\/image\/\"},\"sameAs\":[\"http:\/\/www.df7er.de\"]}]}<\/script>\n<!-- \/ Yoast SEO plugin. -->","yoast_head_json":{"title":"Tankumsee - DF7ER","description":"Kleines Amateurfunk Treffen am 18 . April 2014 am Tankumsee bei Gifhorn.","robots":{"index":"index","follow":"follow","max-snippet":"max-snippet:-1","max-image-preview":"max-image-preview:large","max-video-preview":"max-video-preview:-1"},"canonical":"http:\/\/www.df7er.de\/en\/tankumsee\/","og_locale":"en_US","og_type":"article","og_title":"Tankumsee - DF7ER","og_description":"Kleines Amateurfunk Treffen am 18 . April 2014 am Tankumsee bei Gifhorn.","og_url":"http:\/\/www.df7er.de\/en\/tankumsee\/","og_site_name":"DF7ER","article_modified_time":"2022-03-25T12:57:51+00:00","og_image":[{"url":"http:\/\/www.df7er.de\/wp-content\/uploads\/2020\/12\/tank1.jpg","type":"","width":"","height":""}],"twitter_card":"summary_large_image","twitter_misc":{"Est. reading time":"2 minutes"},"schema":{"@context":"https:\/\/schema.org","@graph":[{"@type":"WebPage","@id":"http:\/\/www.df7er.de\/tankumsee\/","url":"http:\/\/www.df7er.de\/tankumsee\/","name":"Tankumsee - DF7ER","isPartOf":{"@id":"http:\/\/www.df7er.de\/#website"},"primaryImageOfPage":{"@id":"http:\/\/www.df7er.de\/tankumsee\/#primaryimage"},"image":{"@id":"http:\/\/www.df7er.de\/tankumsee\/#primaryimage"},"thumbnailUrl":"http:\/\/www.df7er.de\/wp-content\/uploads\/2020\/12\/tank1.jpg","datePublished":"2020-12-25T13:28:51+00:00","dateModified":"2022-03-25T12:57:51+00:00","description":"Kleines Amateurfunk Treffen am 18 . April 2014 am Tankumsee bei Gifhorn.","breadcrumb":{"@id":"http:\/\/www.df7er.de\/tankumsee\/#breadcrumb"},"inLanguage":"en-US","potentialAction":[{"@type":"ReadAction","target":["http:\/\/www.df7er.de\/tankumsee\/"]}]},{"@type":"ImageObject","inLanguage":"en-US","@id":"http:\/\/www.df7er.de\/tankumsee\/#primaryimage","url":"http:\/\/www.df7er.de\/wp-content\/uploads\/2020\/12\/tank1.jpg","contentUrl":"http:\/\/www.df7er.de\/wp-content\/uploads\/2020\/12\/tank1.jpg"},{"@type":"BreadcrumbList","@id":"http:\/\/www.df7er.de\/tankumsee\/#breadcrumb","itemListElement":[{"@type":"ListItem","position":1,"name":"Startseite","item":"http:\/\/www.df7er.de\/"},{"@type":"ListItem","position":2,"name":"Tankumsee"}]},{"@type":"WebSite","@id":"http:\/\/www.df7er.de\/#website","url":"http:\/\/www.df7er.de\/","name":"DF7ER German Amateur Radio Station","description":"German Amateur Radion Station in JO52HR","publisher":{"@id":"http:\/\/www.df7er.de\/#\/schema\/person\/653b63e414718c8c68bac56967a2e8ef"},"potentialAction":[{"@type":"SearchAction","target":{"@type":"EntryPoint","urlTemplate":"http:\/\/www.df7er.de\/?s={search_term_string}"},"query-input":{"@type":"PropertyValueSpecification","valueRequired":true,"valueName":"search_term_string"}}],"inLanguage":"en-US"},{"@type":["Person","Organization"],"@id":"http:\/\/www.df7er.de\/#\/schema\/person\/653b63e414718c8c68bac56967a2e8ef","name":"Sascha DF7ER","image":{"@type":"ImageObject","inLanguage":"en-US","@id":"http:\/\/www.df7er.de\/#\/schema\/person\/image\/","url":"http:\/\/www.df7er.de\/wp-content\/uploads\/2020\/12\/wolfswarte1.jpg","contentUrl":"http:\/\/www.df7er.de\/wp-content\/uploads\/2020\/12\/wolfswarte1.jpg","width":480,"height":360,"caption":"Sascha DF7ER"},"logo":{"@id":"http:\/\/www.df7er.de\/#\/schema\/person\/image\/"},"sameAs":["http:\/\/www.df7er.de"]}]}},"_links":{"self":[{"href":"http:\/\/www.df7er.de\/en\/wp-json\/wp\/v2\/pages\/2571","targetHints":{"allow":["GET"]}}],"collection":[{"href":"http:\/\/www.df7er.de\/en\/wp-json\/wp\/v2\/pages"}],"about":[{"href":"http:\/\/www.df7er.de\/en\/wp-json\/wp\/v2\/types\/page"}],"author":[{"embeddable":true,"href":"http:\/\/www.df7er.de\/en\/wp-json\/wp\/v2\/users\/1"}],"replies":[{"embeddable":true,"href":"http:\/\/www.df7er.de\/en\/wp-json\/wp\/v2\/comments?post=2571"}],"version-history":[{"count":5,"href":"http:\/\/www.df7er.de\/en\/wp-json\/wp\/v2\/pages\/2571\/revisions"}],"predecessor-version":[{"id":4179,"href":"http:\/\/www.df7er.de\/en\/wp-json\/wp\/v2\/pages\/2571\/revisions\/4179"}],"wp:attachment":[{"href":"http:\/\/www.df7er.de\/en\/wp-json\/wp\/v2\/media?parent=2571"}],"curies":[{"name":"wp","href":"https:\/\/api.w.org\/{rel}","templated":true}]}}