{"id":2400,"date":"2020-12-13T10:32:56","date_gmt":"2020-12-13T09:32:56","guid":{"rendered":"http:\/\/homepage.df7er.de\/?page_id=2400"},"modified":"2022-03-25T13:09:07","modified_gmt":"2022-03-25T12:09:07","slug":"meppen-wmo-10304","status":"publish","type":"page","link":"http:\/\/www.df7er.de\/en\/meppen-wmo-10304\/","title":{"rendered":"Meppen WMO 10304"},"content":{"rendered":"<p class=\"has-text-align-left\"><strong><span class=\"has-inline-color has-luminous-vivid-orange-color\">Wettersonde Vaisala RS92-AGP<br>Startort Wehrtechnischen Dienststelle 91 (WTD 91) Meppen<\/span><\/strong><\/p>\n\n\n\n<p class=\"has-text-align-center\"><br><\/p>\n\n\n\n<div class=\"wp-block-image is-style-default\"><figure class=\"alignleft size-large is-resized\"><a href=\"http:\/\/www.df7er.de\/wp-content\/uploads\/2020\/12\/sonde-1024x676.jpg\"><img loading=\"lazy\" decoding=\"async\" src=\"http:\/\/www.df7er.de\/wp-content\/uploads\/2020\/12\/sonde-1024x676.jpg\" alt=\"\" width=\"512\" height=\"338\"\/><\/a><\/figure><\/div>\n\n\n\n<p>Am 01.02.2013 um 11:45 Uhr w\u00fcrde in Meppen die Wettersonde G2623031 vom Wehrtechnischen Dienststelle 91 (WTD 91) gestartet.<br>Die Sonde konnte ich ab Nienburg h\u00f6ren und tracken mit SondeMonitor wie man auf dem Bild sieht.<br><br>Ca. 14:30 Uhr ist sie nach ein 260 Km Flug gelandet in der n\u00e4he von Beetzendorf ( Sachsen Anhalt ) JO52NP Pos: N52.40.00 E 11.06.19 auf ein Feld.<br>Ich bin um 15 Uhr los gefahren um sie zubergen.<br><br>Die Sonde hat die H\u00f6he von ca 20 kilometer erreicht.<\/p>\n\n\n\n<div style=\"height:1px\" aria-hidden=\"true\" class=\"wp-block-spacer\"><\/div>\n\n\n\n<div class=\"wp-block-image is-style-default\"><figure class=\"alignleft size-large is-resized\"><a href=\"http:\/\/www.df7er.de\/wp-content\/uploads\/2020\/12\/Meppen.jpg\"><img loading=\"lazy\" decoding=\"async\" src=\"http:\/\/www.df7er.de\/wp-content\/uploads\/2020\/12\/Meppen.jpg\" alt=\"\" width=\"512\" height=\"258\"\/><\/a><\/figure><\/div>\n\n\n\n<p>Gestartet w\u00fcrde die Wettersonde vom Wehrtechnischen Dienststelle 91 (WTD 91) Meppen.<br><br>WMO Nummer von Meppen ist 10304.<\/p>\n\n\n\n<div style=\"height:1px\" aria-hidden=\"true\" class=\"wp-block-spacer\"><\/div>\n\n\n\n<div class=\"wp-block-image is-style-default\"><figure class=\"alignleft size-large is-resized\"><a href=\"http:\/\/www.df7er.de\/wp-content\/uploads\/2020\/12\/1.jpg\"><img loading=\"lazy\" decoding=\"async\" src=\"http:\/\/www.df7er.de\/wp-content\/uploads\/2020\/12\/1.jpg\" alt=\"\" width=\"512\" height=\"384\"\/><\/a><\/figure><\/div>\n\n\n\n<p>Der Ballon ist komplett kaputt gegangen.<br>Der Fallschirm konnte sich gut ausbreiten und hat eine Fallrate von ca 5m\/s gehabt.<br><br>Auf dem Bild zusehen der Fallschirm mit dem Rest des Ballons.<br><\/p>\n\n\n\n<div style=\"height:1px\" aria-hidden=\"true\" class=\"wp-block-spacer\"><\/div>\n\n\n\n<div class=\"wp-block-image is-style-default\"><figure class=\"alignleft size-large is-resized\"><a href=\"http:\/\/www.df7er.de\/wp-content\/uploads\/2020\/12\/3.jpg\"><img loading=\"lazy\" decoding=\"async\" src=\"http:\/\/www.df7er.de\/wp-content\/uploads\/2020\/12\/3.jpg\" alt=\"\" width=\"512\" height=\"384\"\/><\/a><\/figure><\/div>\n\n\n\n<p>Am Fallschirm hing noch 30 meter Schnur daran mit Abroller und am Ende die Sonde<br>Die Sonde ist ein Vaisala RS92AGP&nbsp;&nbsp;<br>Nur der Messf\u00fchler f\u00fcr die Temp. ist kaputt gegangen mehr nicht<\/p>\n\n\n\n<div style=\"height:1px\" aria-hidden=\"true\" class=\"wp-block-spacer\"><\/div>\n\n\n\n<div class=\"wp-block-image is-style-default\"><figure class=\"alignleft size-large is-resized\"><a href=\"http:\/\/www.df7er.de\/wp-content\/uploads\/2020\/12\/4.jpg\"><img loading=\"lazy\" decoding=\"async\" src=\"http:\/\/www.df7er.de\/wp-content\/uploads\/2020\/12\/4.jpg\" alt=\"\" width=\"512\" height=\"384\"\/><\/a><\/figure><\/div>\n\n\n\n<p>Die Sonde lag mittig auf einem Feld. Ich musste noch ca. 200 meter ist Feld gehen um sie zubergen.<br>Wie man sieht steht das Auto sehr weit Weg. Meine Schuhe sehen auch nicht mehr so gut aus. Es hat leider die letzten Tage sehr stark geregnet.<\/p>\n\n\n\n<div style=\"height:1px\" aria-hidden=\"true\" class=\"wp-block-spacer\"><\/div>\n\n\n\n<div class=\"wp-block-image is-style-default\"><figure class=\"alignleft size-large is-resized\"><a href=\"http:\/\/www.df7er.de\/wp-content\/uploads\/2020\/12\/Landung-1024x662.jpg\"><img loading=\"lazy\" decoding=\"async\" src=\"http:\/\/www.df7er.de\/wp-content\/uploads\/2020\/12\/Landung-1024x662.jpg\" alt=\"\" width=\"512\" height=\"331\"\/><\/a><\/figure><\/div>\n\n\n\n<p>Hier mal ein kleiner Auszug von APRS.fi.<br><br>Man sieht denn Standort der letzte Meldung von der Sonde die ich in 35 Kilometer entfernung von Zuhause noch geh\u00f6rt habe.<br>Da war sie noch 320 m hoch.<br><br>Sie ist dann noch ein Kilometer weiter geflogen bis ins Feld.<br>Man konnte sie auch sehr schwer noch auf der Handfunke h\u00f6ren.<\/p>\n\n\n\n<div style=\"height:1px\" aria-hidden=\"true\" class=\"wp-block-spacer\"><\/div>\n\n\n\n<div class=\"wp-block-image is-style-default\"><figure class=\"alignleft size-large is-resized\"><a href=\"http:\/\/www.df7er.de\/wp-content\/uploads\/2020\/12\/5.jpg\"><img loading=\"lazy\" decoding=\"async\" src=\"http:\/\/www.df7er.de\/wp-content\/uploads\/2020\/12\/5.jpg\" alt=\"\" width=\"512\" height=\"384\"\/><\/a><\/figure><\/div>\n\n\n\n<p>Um 16:00 Uhr habe ich die Sonde geborgen und mich nach Hause aufgemacht.<br>In der Sonde sind 6 Batterien 2 K\u00fchlakkus und die Sonde selber rechts mit den Messf\u00fchlern.<br><br>Ein kleiner Zettel war auch noch dabei mit der Bitte der Entsorung der Sonde.<br>Man kann sie auch wieder zur\u00fcck schicken.<br>Info\u00b4s zur Wettersonde gibt es bei <a href=\"http:\/\/www.radiosonde.eu\/RS00-D\/RS03F03-D.html\">Radiosonde.eu<\/a> . Sowie beim <a rel=\"noreferrer noopener\" href=\"https:\/\/www.dwd.de\/DE\/service\/lexikon\/Functions\/glossar.html?lv2=102134&amp;lv3=102172\" target=\"_blank\">Deutschen Wetter Dienst<\/a>.<br><br><span class=\"has-inline-color has-luminous-vivid-orange-color\">Vielen Dank an Meinhard DL2MF f\u00fcr seine Hilfe und der Unterst\u00fctzung f\u00fcr die Wettersonden Jagd<\/span>.&nbsp;&nbsp;&nbsp;&nbsp; DANKE<\/p>\n\n\n\n<div style=\"height:1px\" aria-hidden=\"true\" class=\"wp-block-spacer\"><\/div>\n\n\n\n<hr class=\"wp-block-separator\"\/>","protected":false},"excerpt":{"rendered":"<p>Wettersonde Vaisala RS92-AGPStartort Wehrtechnischen Dienststelle 91 (WTD 91) Meppen Am 01.02.2013 um 11:45 Uhr w\u00fcrde in Meppen die Wettersonde G2623031 vom Wehrtechnischen Dienststelle 91 (WTD 91) gestartet.Die Sonde konnte ich ab Nienburg h\u00f6ren und tracken mit SondeMonitor wie man auf dem Bild sieht. Ca. 14:30 Uhr ist sie nach ein 260 Km Flug gelandet in [&hellip;]<\/p>","protected":false},"author":1,"featured_media":0,"parent":0,"menu_order":0,"comment_status":"closed","ping_status":"closed","template":"page-full-width.php","meta":{"ngg_post_thumbnail":0,"footnotes":""},"class_list":["post-2400","page","type-page","status-publish","hentry"],"yoast_head":"<!-- This site is optimized with the Yoast SEO plugin v26.9 - https:\/\/yoast.com\/product\/yoast-seo-wordpress\/ -->\n<title>Meppen WMO 10304 - DF7ER<\/title>\n<meta name=\"description\" content=\"Wettersonden Start aus Meppen WMO 10304 - Meine Fundorte wo ich die Wettersonden gefunden habe.\" \/>\n<meta name=\"robots\" content=\"index, follow, max-snippet:-1, max-image-preview:large, max-video-preview:-1\" \/>\n<link rel=\"canonical\" href=\"http:\/\/www.df7er.de\/en\/meppen-wmo-10304\/\" \/>\n<meta property=\"og:locale\" content=\"en_US\" \/>\n<meta property=\"og:type\" content=\"article\" \/>\n<meta property=\"og:title\" content=\"Meppen WMO 10304 - DF7ER\" \/>\n<meta property=\"og:description\" content=\"Wettersonden Start aus Meppen WMO 10304 - Meine Fundorte wo ich die Wettersonden gefunden habe.\" \/>\n<meta property=\"og:url\" content=\"http:\/\/www.df7er.de\/en\/meppen-wmo-10304\/\" \/>\n<meta property=\"og:site_name\" content=\"DF7ER\" \/>\n<meta property=\"article:modified_time\" content=\"2022-03-25T12:09:07+00:00\" \/>\n<meta property=\"og:image\" content=\"http:\/\/www.df7er.de\/wp-content\/uploads\/2020\/12\/sonde-1024x676.jpg\" \/>\n<meta name=\"twitter:card\" content=\"summary_large_image\" \/>\n<meta name=\"twitter:label1\" content=\"Est. reading time\" \/>\n\t<meta name=\"twitter:data1\" content=\"4 minutes\" \/>\n<script type=\"application\/ld+json\" class=\"yoast-schema-graph\">{\"@context\":\"https:\/\/schema.org\",\"@graph\":[{\"@type\":\"WebPage\",\"@id\":\"http:\/\/www.df7er.de\/meppen-wmo-10304\/\",\"url\":\"http:\/\/www.df7er.de\/meppen-wmo-10304\/\",\"name\":\"Meppen WMO 10304 - DF7ER\",\"isPartOf\":{\"@id\":\"http:\/\/www.df7er.de\/#website\"},\"primaryImageOfPage\":{\"@id\":\"http:\/\/www.df7er.de\/meppen-wmo-10304\/#primaryimage\"},\"image\":{\"@id\":\"http:\/\/www.df7er.de\/meppen-wmo-10304\/#primaryimage\"},\"thumbnailUrl\":\"http:\/\/www.df7er.de\/wp-content\/uploads\/2020\/12\/sonde-1024x676.jpg\",\"datePublished\":\"2020-12-13T09:32:56+00:00\",\"dateModified\":\"2022-03-25T12:09:07+00:00\",\"description\":\"Wettersonden Start aus Meppen WMO 10304 - Meine Fundorte wo ich die Wettersonden gefunden habe.\",\"breadcrumb\":{\"@id\":\"http:\/\/www.df7er.de\/meppen-wmo-10304\/#breadcrumb\"},\"inLanguage\":\"en-US\",\"potentialAction\":[{\"@type\":\"ReadAction\",\"target\":[\"http:\/\/www.df7er.de\/meppen-wmo-10304\/\"]}]},{\"@type\":\"ImageObject\",\"inLanguage\":\"en-US\",\"@id\":\"http:\/\/www.df7er.de\/meppen-wmo-10304\/#primaryimage\",\"url\":\"http:\/\/www.df7er.de\/wp-content\/uploads\/2020\/12\/sonde-1024x676.jpg\",\"contentUrl\":\"http:\/\/www.df7er.de\/wp-content\/uploads\/2020\/12\/sonde-1024x676.jpg\"},{\"@type\":\"BreadcrumbList\",\"@id\":\"http:\/\/www.df7er.de\/meppen-wmo-10304\/#breadcrumb\",\"itemListElement\":[{\"@type\":\"ListItem\",\"position\":1,\"name\":\"Startseite\",\"item\":\"http:\/\/www.df7er.de\/\"},{\"@type\":\"ListItem\",\"position\":2,\"name\":\"Meppen WMO 10304\"}]},{\"@type\":\"WebSite\",\"@id\":\"http:\/\/www.df7er.de\/#website\",\"url\":\"http:\/\/www.df7er.de\/\",\"name\":\"DF7ER German Amateur Radio Station\",\"description\":\"German Amateur Radion Station in JO52HR\",\"publisher\":{\"@id\":\"http:\/\/www.df7er.de\/#\/schema\/person\/653b63e414718c8c68bac56967a2e8ef\"},\"potentialAction\":[{\"@type\":\"SearchAction\",\"target\":{\"@type\":\"EntryPoint\",\"urlTemplate\":\"http:\/\/www.df7er.de\/?s={search_term_string}\"},\"query-input\":{\"@type\":\"PropertyValueSpecification\",\"valueRequired\":true,\"valueName\":\"search_term_string\"}}],\"inLanguage\":\"en-US\"},{\"@type\":[\"Person\",\"Organization\"],\"@id\":\"http:\/\/www.df7er.de\/#\/schema\/person\/653b63e414718c8c68bac56967a2e8ef\",\"name\":\"Sascha DF7ER\",\"image\":{\"@type\":\"ImageObject\",\"inLanguage\":\"en-US\",\"@id\":\"http:\/\/www.df7er.de\/#\/schema\/person\/image\/\",\"url\":\"http:\/\/www.df7er.de\/wp-content\/uploads\/2020\/12\/wolfswarte1.jpg\",\"contentUrl\":\"http:\/\/www.df7er.de\/wp-content\/uploads\/2020\/12\/wolfswarte1.jpg\",\"width\":480,\"height\":360,\"caption\":\"Sascha DF7ER\"},\"logo\":{\"@id\":\"http:\/\/www.df7er.de\/#\/schema\/person\/image\/\"},\"sameAs\":[\"http:\/\/www.df7er.de\"]}]}<\/script>\n<!-- \/ Yoast SEO plugin. -->","yoast_head_json":{"title":"Meppen WMO 10304 - DF7ER","description":"Wettersonden Start aus Meppen WMO 10304 - Meine Fundorte wo ich die Wettersonden gefunden habe.","robots":{"index":"index","follow":"follow","max-snippet":"max-snippet:-1","max-image-preview":"max-image-preview:large","max-video-preview":"max-video-preview:-1"},"canonical":"http:\/\/www.df7er.de\/en\/meppen-wmo-10304\/","og_locale":"en_US","og_type":"article","og_title":"Meppen WMO 10304 - DF7ER","og_description":"Wettersonden Start aus Meppen WMO 10304 - Meine Fundorte wo ich die Wettersonden gefunden habe.","og_url":"http:\/\/www.df7er.de\/en\/meppen-wmo-10304\/","og_site_name":"DF7ER","article_modified_time":"2022-03-25T12:09:07+00:00","og_image":[{"url":"http:\/\/www.df7er.de\/wp-content\/uploads\/2020\/12\/sonde-1024x676.jpg","type":"","width":"","height":""}],"twitter_card":"summary_large_image","twitter_misc":{"Est. reading time":"4 minutes"},"schema":{"@context":"https:\/\/schema.org","@graph":[{"@type":"WebPage","@id":"http:\/\/www.df7er.de\/meppen-wmo-10304\/","url":"http:\/\/www.df7er.de\/meppen-wmo-10304\/","name":"Meppen WMO 10304 - DF7ER","isPartOf":{"@id":"http:\/\/www.df7er.de\/#website"},"primaryImageOfPage":{"@id":"http:\/\/www.df7er.de\/meppen-wmo-10304\/#primaryimage"},"image":{"@id":"http:\/\/www.df7er.de\/meppen-wmo-10304\/#primaryimage"},"thumbnailUrl":"http:\/\/www.df7er.de\/wp-content\/uploads\/2020\/12\/sonde-1024x676.jpg","datePublished":"2020-12-13T09:32:56+00:00","dateModified":"2022-03-25T12:09:07+00:00","description":"Wettersonden Start aus Meppen WMO 10304 - Meine Fundorte wo ich die Wettersonden gefunden habe.","breadcrumb":{"@id":"http:\/\/www.df7er.de\/meppen-wmo-10304\/#breadcrumb"},"inLanguage":"en-US","potentialAction":[{"@type":"ReadAction","target":["http:\/\/www.df7er.de\/meppen-wmo-10304\/"]}]},{"@type":"ImageObject","inLanguage":"en-US","@id":"http:\/\/www.df7er.de\/meppen-wmo-10304\/#primaryimage","url":"http:\/\/www.df7er.de\/wp-content\/uploads\/2020\/12\/sonde-1024x676.jpg","contentUrl":"http:\/\/www.df7er.de\/wp-content\/uploads\/2020\/12\/sonde-1024x676.jpg"},{"@type":"BreadcrumbList","@id":"http:\/\/www.df7er.de\/meppen-wmo-10304\/#breadcrumb","itemListElement":[{"@type":"ListItem","position":1,"name":"Startseite","item":"http:\/\/www.df7er.de\/"},{"@type":"ListItem","position":2,"name":"Meppen WMO 10304"}]},{"@type":"WebSite","@id":"http:\/\/www.df7er.de\/#website","url":"http:\/\/www.df7er.de\/","name":"DF7ER German Amateur Radio Station","description":"German Amateur Radion Station in JO52HR","publisher":{"@id":"http:\/\/www.df7er.de\/#\/schema\/person\/653b63e414718c8c68bac56967a2e8ef"},"potentialAction":[{"@type":"SearchAction","target":{"@type":"EntryPoint","urlTemplate":"http:\/\/www.df7er.de\/?s={search_term_string}"},"query-input":{"@type":"PropertyValueSpecification","valueRequired":true,"valueName":"search_term_string"}}],"inLanguage":"en-US"},{"@type":["Person","Organization"],"@id":"http:\/\/www.df7er.de\/#\/schema\/person\/653b63e414718c8c68bac56967a2e8ef","name":"Sascha DF7ER","image":{"@type":"ImageObject","inLanguage":"en-US","@id":"http:\/\/www.df7er.de\/#\/schema\/person\/image\/","url":"http:\/\/www.df7er.de\/wp-content\/uploads\/2020\/12\/wolfswarte1.jpg","contentUrl":"http:\/\/www.df7er.de\/wp-content\/uploads\/2020\/12\/wolfswarte1.jpg","width":480,"height":360,"caption":"Sascha DF7ER"},"logo":{"@id":"http:\/\/www.df7er.de\/#\/schema\/person\/image\/"},"sameAs":["http:\/\/www.df7er.de"]}]}},"_links":{"self":[{"href":"http:\/\/www.df7er.de\/en\/wp-json\/wp\/v2\/pages\/2400","targetHints":{"allow":["GET"]}}],"collection":[{"href":"http:\/\/www.df7er.de\/en\/wp-json\/wp\/v2\/pages"}],"about":[{"href":"http:\/\/www.df7er.de\/en\/wp-json\/wp\/v2\/types\/page"}],"author":[{"embeddable":true,"href":"http:\/\/www.df7er.de\/en\/wp-json\/wp\/v2\/users\/1"}],"replies":[{"embeddable":true,"href":"http:\/\/www.df7er.de\/en\/wp-json\/wp\/v2\/comments?post=2400"}],"version-history":[{"count":10,"href":"http:\/\/www.df7er.de\/en\/wp-json\/wp\/v2\/pages\/2400\/revisions"}],"predecessor-version":[{"id":4162,"href":"http:\/\/www.df7er.de\/en\/wp-json\/wp\/v2\/pages\/2400\/revisions\/4162"}],"wp:attachment":[{"href":"http:\/\/www.df7er.de\/en\/wp-json\/wp\/v2\/media?parent=2400"}],"curies":[{"name":"wp","href":"https:\/\/api.w.org\/{rel}","templated":true}]}}