{"id":2358,"date":"2020-12-12T16:44:01","date_gmt":"2020-12-12T15:44:01","guid":{"rendered":"http:\/\/homepage.df7er.de\/?page_id=2358"},"modified":"2022-03-25T13:59:00","modified_gmt":"2022-03-25T12:59:00","slug":"was-ist-amateurfunk","status":"publish","type":"page","link":"http:\/\/www.df7er.de\/en\/was-ist-amateurfunk\/","title":{"rendered":"Was ist Amateurfunk"},"content":{"rendered":"<div class=\"wp-block-image is-style-default\"><figure class=\"alignright size-large is-resized\"><a href=\"http:\/\/www.df7er.de\/wp-content\/uploads\/2020\/11\/ham.png\"><img loading=\"lazy\" decoding=\"async\" src=\"http:\/\/www.df7er.de\/wp-content\/uploads\/2020\/11\/ham.png\" alt=\"\" width=\"184\" height=\"367\"\/><\/a><\/figure><\/div>\n\n\n\n<p><strong><span class=\"has-inline-color has-luminous-vivid-orange-color\">Der Amateurfunkdienst<\/span><\/strong><br><br>(kurz: Amateurfunk, englisch: <em>ham radio<\/em> oder <em>amateur radio<\/em>) ist ein internationaler \u00f6ffentlicher Funkdienst, der \u201e<em>von Funkamateuren untereinander, zu experimentellen und technisch-wissenschaftlichen Studien, zur eigenen Weiterbildung, zur V\u00f6lkerverst\u00e4ndigung und zur Unterst\u00fctzung von Hilfsaktionen in Not- und Katastrophenf\u00e4llen wahrgenommen wird.<\/em>\u201c<\/p>\n\n\n\n<p>In vielen L\u00e4ndern sind die internationalen Regelungen, wie die amateurfunkspezifischen Regelungen der Vollzugsordnung f\u00fcr den Funkdienst (VO Funk), in nationalen Amateurfunkgesetzen umgesetzt und die Details in Amateurfunkverordnungen sowie zwischenstaatlichen Vertr\u00e4gen pr\u00e4zisiert.<br>Ein Teilnehmer am Amateurfunkdienst wird Funkamateur genannt und bekommt von der zust\u00e4ndigen Fernmeldebeh\u00f6rde ein eindeutiges Rufzeichen zugewiesen<br><br>Als gepr\u00fcfter Funkamateur erh\u00e4lt man viele Rechte, unterliegt aber bei seinen Versuchen und seinem Funkbetrieb den umfangreichen Regelungen im Amateurfunkdienst.<br>Diese Rechte wurden in vielen L\u00e4ndern in einem eigenst\u00e4ndigen Amateurfunkgesetz festgelegt, welche immer wieder den neuen Gegebenheiten angepasst werden.<br>Am deutlichsten werden die stetigen \u00c4nderungen in der Geschichte der deutschen Amateurfunkverordnung.<br>Den internationalen Rahmen gibt die VO Funk der Internationalen Fernmeldeunion (ITU) vor.<\/p>\n\n\n\n<div style=\"height:1px\" aria-hidden=\"true\" class=\"wp-block-spacer\"><\/div>\n\n\n\n<div class=\"wp-block-image is-style-default\"><figure class=\"alignleft size-large is-resized\"><a href=\"http:\/\/www.df7er.de\/wp-content\/uploads\/2020\/11\/Darc.jpg\"><img loading=\"lazy\" decoding=\"async\" src=\"http:\/\/www.df7er.de\/wp-content\/uploads\/2020\/11\/Darc.jpg\" alt=\"\" width=\"224\" height=\"157\"\/><\/a><\/figure><\/div>\n\n\n\n<p><strong><span class=\"has-inline-color has-luminous-vivid-orange-color\">Amateurfunk ist ein sehr vielf\u00e4ltiges Hobby:<\/span><\/strong><\/p>\n\n\n\n<ul class=\"wp-block-list\"><li>Fokussierung auf die eigentliche Funkverbindung, das Gespr\u00e4ch mit anderen Funkamateuren auf der ganzen Welt.<\/li><li>Technikinteressierte bauen kleinere oder gr\u00f6\u00dfere Teile ihrer Funkanlage selbst. Bau, Test und Weiterentwicklung der Ger\u00e4te sind hier der wichtigste Aspekt.<\/li><li><em>Hochleistungssportler<\/em> nehmen an Wettbewerben der unterschiedlichsten Art teil, etwa Contesten oder Peilwettbewerben.<\/li><\/ul>\n\n\n\n<p>\u00dcber spezialisierte H\u00e4ndler ist eine Vielzahl an Amateurfunkger\u00e4ten verf\u00fcgbar.<br>Die dort verwendete Technik ist h\u00e4ufig sehr kompliziert; selbst das Modifizieren dieser Ger\u00e4te st\u00f6\u00dft schnell an Grenzen.<\/p>\n\n\n\n<p>Damit sich Funkamateure leichter mit der einschl\u00e4gigen Technik auseinandersetzen k\u00f6nnen, bieten verschiedene Firmen und Funkamateure Baus\u00e4tze an.<br>Dieser Weg erspart die teilweise schwierige Bauteilbeschaffung und erleichtert mit den zugeh\u00f6rigen Unterlagen Aufbau, Erweiterung und Modifikation. Selbstbauger\u00e4te besitzen h\u00e4ufig nur eine geringe Sendeleistung.<\/p>\n\n\n\n<p>Das Funken mit geringer Leistung (bis 5 Watt Senderausgangsleistung) nennt man QRP-Betrieb. (<em>QRP<\/em> ist ein Betriebszeichen aus der Telegrafie und bedeutet im eigentlichen Sinne <em>Reduzieren Sie Ihre Sendeleistung.<\/em>)<\/p>\n\n\n\n<p>Die funktionst\u00fcchtige Zusammenstellung von Funkger\u00e4t, Antenne und messtechnischem Zubeh\u00f6r nennt man Amateurfunkstelle oder in der Amateurfunkwelt auch <em>Rig<\/em> (engl. Anlage).<br>Die R\u00e4umlichkeit, in der diese Ger\u00e4te aufgestellt bzw. betrieben werden, wird als <em>Shack<\/em> bezeichnet (engl. Bude, H\u00fctte).<\/p>\n\n\n\n<p>Den Funkamateuren stehen verschiedene Frequenzbereiche, die sogenannten Amateurb\u00e4nder, zwischen 135&nbsp;kHz und 250&nbsp;GHz im Langwellen-, Mittelwellen-, Kurz- und Ultrakurzwellen bis hinauf in den Gigahertz-Bereich zur Verf\u00fcgung.<br>Auch im optischen Bereich und im Bereich der Terahertzstrahlung sind Funkamateure aktiv und insbesondere in diesem Bereich auch aktiv an der Forschung beteiligt.<\/p>\n\n\n\n<p>Alle Funkamateure haben einen gemeinsamen Verhaltenskodex, den so genannten Ham Spirit, exemplarischer ist der vom amerikanischen Verband ARRL zu Beginn des 20. Jahrhunderts publizierte Text. Wegen der besonders zu Morse-Zeiten eher langsamen \u00dcbertragung hat sich eine ausgepr\u00e4gte Kultur der Abk\u00fcrzungen entwickelt.<br>Die Abk\u00fcrzungen stammen durchweg aus dem englischen Sprachraum und sind weltweit g\u00fcltig.<br>Beispielsweise steht <em>OM<\/em> (von <em>old man<\/em>) f\u00fcr einen m\u00e4nnlichen, sowie <em>YL<\/em> (von <em>young lady<\/em>) f\u00fcr einen weiblichen Funkamateur.<\/p>\n\n\n\n<div style=\"height:1px\" aria-hidden=\"true\" class=\"wp-block-spacer\"><\/div>\n\n\n\n<div class=\"wp-block-image is-style-default\"><figure class=\"alignright size-large is-resized\"><a href=\"http:\/\/www.df7er.de\/wp-content\/uploads\/2020\/12\/KC2QFR.jpg\"><img loading=\"lazy\" decoding=\"async\" src=\"http:\/\/www.df7er.de\/wp-content\/uploads\/2020\/12\/KC2QFR.jpg\" alt=\"\" width=\"337\" height=\"214\"\/><\/a><\/figure><\/div>\n\n\n\n<p><strong><span class=\"has-inline-color has-luminous-vivid-orange-color\">QSL Karten<\/span><\/strong><br><br>Mit dem Versand einer QSL-Karte best\u00e4tigen Funkamateure eine erfolgreiche Funkverbindung.<br>Die Hauptaussage von QSL-Karten ist die Empfangsqualit\u00e4t und die geographische Verbreitung eines Sendesignals.<br>Neben den Funkamateuren verschicken auch die meisten Rundfunksender, insbesondere solche, die auch im Lang-, Mittel- und v.&nbsp;a. Kurzwellenbereich mindestens einen Sender betreiben, als Best\u00e4tigung f\u00fcr erhaltene Empfangsberichte QSL-Karten. Daneben best\u00e4tigen auch diverse Betreiber anderer Sendeanlagen gro\u00dfer Reichweite, wie z.&nbsp;B. Zeitzeichensender, die Empfangsberichte mit QSL-Karten.<br>Au\u00dferdem werden bei Funkverbindungen ins Ausland, manchmal auch im CB-Funk, QSL-Karten ausgetauscht.<br><\/p>\n\n\n\n<p>QSL-Karten dienen zum Nachweis von Amateurfunkverbindungen und werden bei der Beantragung von Amateurfunkdiplomen ben\u00f6tigt.<br>Die interessante und vielf\u00e4ltige Aufmachung der Karten macht sie zu beliebten Sammlerobjekten.<\/p>\n\n\n\n<p>Neben dem Austausch von QSL-Karten unter lizenzierten Funkamateuren k\u00f6nnen auch Kurzwellenh\u00f6rer (SWL, engl. <em>Short Wave Listener<\/em>) ihre Empfangsberichte an Funkamateure oder Rundfunkanstalten schicken und erhalten darauf eine QSL-Karte der Sendestation.<br>Das Sammeln von QSL-Karten von internationalen Kurzwellenstationen ist ein Hobby der SWLs.<\/p>\n\n\n\n<p>Die QSL-Karten werden normalerweise \u00fcber den eigenen Amateurfunk-Verband an die Amateurfunk-Verb\u00e4nde im jeweiligen Land geschickt.<br>Um die QSL-Karten auch direkt an andere Funkamateure senden zu k\u00f6nnen, gibt es au\u00dferdem ein Verzeichnis, in dem jede lizenzierte Station eingetragen ist, das sogenannte <em>Callbook<\/em>.<br>Oft geben die nationalen Amateurfunk-Verwaltungen ein Callbook heraus, das die national zugeteilten Rufzeichen enth\u00e4lt. Daneben gibt es ein internationales Callbook, dessen Daten von den nationalen Amateurfunkverb\u00e4nden zusammengetragen werden.<\/p>\n\n\n\n<div style=\"height:1px\" aria-hidden=\"true\" class=\"wp-block-spacer\"><\/div>\n\n\n\n<hr class=\"wp-block-separator\"\/>","protected":false},"excerpt":{"rendered":"<p>Der Amateurfunkdienst (kurz: Amateurfunk, englisch: ham radio oder amateur radio) ist ein internationaler \u00f6ffentlicher Funkdienst, der \u201evon Funkamateuren untereinander, zu experimentellen und technisch-wissenschaftlichen Studien, zur eigenen Weiterbildung, zur V\u00f6lkerverst\u00e4ndigung und zur Unterst\u00fctzung von Hilfsaktionen in Not- und Katastrophenf\u00e4llen wahrgenommen wird.\u201c In vielen L\u00e4ndern sind die internationalen Regelungen, wie die amateurfunkspezifischen Regelungen der Vollzugsordnung f\u00fcr den [&hellip;]<\/p>","protected":false},"author":1,"featured_media":0,"parent":0,"menu_order":0,"comment_status":"closed","ping_status":"closed","template":"page-full-width.php","meta":{"ngg_post_thumbnail":0,"footnotes":""},"class_list":["post-2358","page","type-page","status-publish","hentry"],"yoast_head":"<!-- This site is optimized with the Yoast SEO plugin v26.9 - https:\/\/yoast.com\/product\/yoast-seo-wordpress\/ -->\n<title>Was ist Amateurfunk - DF7ER<\/title>\n<meta name=\"description\" content=\"Was ist eigendlich Amateurfunk. Mehr k\u00f6nnt ihr hier erfahren. Es ist nur eine kleiner Auszug davon.\" \/>\n<meta name=\"robots\" content=\"index, follow, max-snippet:-1, max-image-preview:large, max-video-preview:-1\" \/>\n<link rel=\"canonical\" href=\"http:\/\/www.df7er.de\/en\/was-ist-amateurfunk\/\" \/>\n<meta property=\"og:locale\" content=\"en_US\" \/>\n<meta property=\"og:type\" content=\"article\" \/>\n<meta property=\"og:title\" content=\"Was ist Amateurfunk - DF7ER\" \/>\n<meta property=\"og:description\" content=\"Was ist eigendlich Amateurfunk. Mehr k\u00f6nnt ihr hier erfahren. Es ist nur eine kleiner Auszug davon.\" \/>\n<meta property=\"og:url\" content=\"http:\/\/www.df7er.de\/en\/was-ist-amateurfunk\/\" \/>\n<meta property=\"og:site_name\" content=\"DF7ER\" \/>\n<meta property=\"article:modified_time\" content=\"2022-03-25T12:59:00+00:00\" \/>\n<meta property=\"og:image\" content=\"http:\/\/www.df7er.de\/wp-content\/uploads\/2020\/11\/ham.png\" \/>\n<meta name=\"twitter:card\" content=\"summary_large_image\" \/>\n<meta name=\"twitter:label1\" content=\"Est. reading time\" \/>\n\t<meta name=\"twitter:data1\" content=\"5 minutes\" \/>\n<script type=\"application\/ld+json\" class=\"yoast-schema-graph\">{\"@context\":\"https:\/\/schema.org\",\"@graph\":[{\"@type\":\"WebPage\",\"@id\":\"http:\/\/www.df7er.de\/was-ist-amateurfunk\/\",\"url\":\"http:\/\/www.df7er.de\/was-ist-amateurfunk\/\",\"name\":\"Was ist Amateurfunk - DF7ER\",\"isPartOf\":{\"@id\":\"http:\/\/www.df7er.de\/#website\"},\"primaryImageOfPage\":{\"@id\":\"http:\/\/www.df7er.de\/was-ist-amateurfunk\/#primaryimage\"},\"image\":{\"@id\":\"http:\/\/www.df7er.de\/was-ist-amateurfunk\/#primaryimage\"},\"thumbnailUrl\":\"http:\/\/www.df7er.de\/wp-content\/uploads\/2020\/11\/ham.png\",\"datePublished\":\"2020-12-12T15:44:01+00:00\",\"dateModified\":\"2022-03-25T12:59:00+00:00\",\"description\":\"Was ist eigendlich Amateurfunk. Mehr k\u00f6nnt ihr hier erfahren. Es ist nur eine kleiner Auszug davon.\",\"breadcrumb\":{\"@id\":\"http:\/\/www.df7er.de\/was-ist-amateurfunk\/#breadcrumb\"},\"inLanguage\":\"en-US\",\"potentialAction\":[{\"@type\":\"ReadAction\",\"target\":[\"http:\/\/www.df7er.de\/was-ist-amateurfunk\/\"]}]},{\"@type\":\"ImageObject\",\"inLanguage\":\"en-US\",\"@id\":\"http:\/\/www.df7er.de\/was-ist-amateurfunk\/#primaryimage\",\"url\":\"http:\/\/www.df7er.de\/wp-content\/uploads\/2020\/11\/ham.png\",\"contentUrl\":\"http:\/\/www.df7er.de\/wp-content\/uploads\/2020\/11\/ham.png\"},{\"@type\":\"BreadcrumbList\",\"@id\":\"http:\/\/www.df7er.de\/was-ist-amateurfunk\/#breadcrumb\",\"itemListElement\":[{\"@type\":\"ListItem\",\"position\":1,\"name\":\"Startseite\",\"item\":\"http:\/\/www.df7er.de\/\"},{\"@type\":\"ListItem\",\"position\":2,\"name\":\"Was ist Amateurfunk\"}]},{\"@type\":\"WebSite\",\"@id\":\"http:\/\/www.df7er.de\/#website\",\"url\":\"http:\/\/www.df7er.de\/\",\"name\":\"DF7ER German Amateur Radio Station\",\"description\":\"German Amateur Radion Station in JO52HR\",\"publisher\":{\"@id\":\"http:\/\/www.df7er.de\/#\/schema\/person\/653b63e414718c8c68bac56967a2e8ef\"},\"potentialAction\":[{\"@type\":\"SearchAction\",\"target\":{\"@type\":\"EntryPoint\",\"urlTemplate\":\"http:\/\/www.df7er.de\/?s={search_term_string}\"},\"query-input\":{\"@type\":\"PropertyValueSpecification\",\"valueRequired\":true,\"valueName\":\"search_term_string\"}}],\"inLanguage\":\"en-US\"},{\"@type\":[\"Person\",\"Organization\"],\"@id\":\"http:\/\/www.df7er.de\/#\/schema\/person\/653b63e414718c8c68bac56967a2e8ef\",\"name\":\"Sascha DF7ER\",\"image\":{\"@type\":\"ImageObject\",\"inLanguage\":\"en-US\",\"@id\":\"http:\/\/www.df7er.de\/#\/schema\/person\/image\/\",\"url\":\"http:\/\/www.df7er.de\/wp-content\/uploads\/2020\/12\/wolfswarte1.jpg\",\"contentUrl\":\"http:\/\/www.df7er.de\/wp-content\/uploads\/2020\/12\/wolfswarte1.jpg\",\"width\":480,\"height\":360,\"caption\":\"Sascha DF7ER\"},\"logo\":{\"@id\":\"http:\/\/www.df7er.de\/#\/schema\/person\/image\/\"},\"sameAs\":[\"http:\/\/www.df7er.de\"]}]}<\/script>\n<!-- \/ Yoast SEO plugin. -->","yoast_head_json":{"title":"Was ist Amateurfunk - DF7ER","description":"Was ist eigendlich Amateurfunk. Mehr k\u00f6nnt ihr hier erfahren. Es ist nur eine kleiner Auszug davon.","robots":{"index":"index","follow":"follow","max-snippet":"max-snippet:-1","max-image-preview":"max-image-preview:large","max-video-preview":"max-video-preview:-1"},"canonical":"http:\/\/www.df7er.de\/en\/was-ist-amateurfunk\/","og_locale":"en_US","og_type":"article","og_title":"Was ist Amateurfunk - DF7ER","og_description":"Was ist eigendlich Amateurfunk. Mehr k\u00f6nnt ihr hier erfahren. Es ist nur eine kleiner Auszug davon.","og_url":"http:\/\/www.df7er.de\/en\/was-ist-amateurfunk\/","og_site_name":"DF7ER","article_modified_time":"2022-03-25T12:59:00+00:00","og_image":[{"url":"http:\/\/www.df7er.de\/wp-content\/uploads\/2020\/11\/ham.png","type":"","width":"","height":""}],"twitter_card":"summary_large_image","twitter_misc":{"Est. reading time":"5 minutes"},"schema":{"@context":"https:\/\/schema.org","@graph":[{"@type":"WebPage","@id":"http:\/\/www.df7er.de\/was-ist-amateurfunk\/","url":"http:\/\/www.df7er.de\/was-ist-amateurfunk\/","name":"Was ist Amateurfunk - DF7ER","isPartOf":{"@id":"http:\/\/www.df7er.de\/#website"},"primaryImageOfPage":{"@id":"http:\/\/www.df7er.de\/was-ist-amateurfunk\/#primaryimage"},"image":{"@id":"http:\/\/www.df7er.de\/was-ist-amateurfunk\/#primaryimage"},"thumbnailUrl":"http:\/\/www.df7er.de\/wp-content\/uploads\/2020\/11\/ham.png","datePublished":"2020-12-12T15:44:01+00:00","dateModified":"2022-03-25T12:59:00+00:00","description":"Was ist eigendlich Amateurfunk. Mehr k\u00f6nnt ihr hier erfahren. Es ist nur eine kleiner Auszug davon.","breadcrumb":{"@id":"http:\/\/www.df7er.de\/was-ist-amateurfunk\/#breadcrumb"},"inLanguage":"en-US","potentialAction":[{"@type":"ReadAction","target":["http:\/\/www.df7er.de\/was-ist-amateurfunk\/"]}]},{"@type":"ImageObject","inLanguage":"en-US","@id":"http:\/\/www.df7er.de\/was-ist-amateurfunk\/#primaryimage","url":"http:\/\/www.df7er.de\/wp-content\/uploads\/2020\/11\/ham.png","contentUrl":"http:\/\/www.df7er.de\/wp-content\/uploads\/2020\/11\/ham.png"},{"@type":"BreadcrumbList","@id":"http:\/\/www.df7er.de\/was-ist-amateurfunk\/#breadcrumb","itemListElement":[{"@type":"ListItem","position":1,"name":"Startseite","item":"http:\/\/www.df7er.de\/"},{"@type":"ListItem","position":2,"name":"Was ist Amateurfunk"}]},{"@type":"WebSite","@id":"http:\/\/www.df7er.de\/#website","url":"http:\/\/www.df7er.de\/","name":"DF7ER German Amateur Radio Station","description":"German Amateur Radion Station in JO52HR","publisher":{"@id":"http:\/\/www.df7er.de\/#\/schema\/person\/653b63e414718c8c68bac56967a2e8ef"},"potentialAction":[{"@type":"SearchAction","target":{"@type":"EntryPoint","urlTemplate":"http:\/\/www.df7er.de\/?s={search_term_string}"},"query-input":{"@type":"PropertyValueSpecification","valueRequired":true,"valueName":"search_term_string"}}],"inLanguage":"en-US"},{"@type":["Person","Organization"],"@id":"http:\/\/www.df7er.de\/#\/schema\/person\/653b63e414718c8c68bac56967a2e8ef","name":"Sascha DF7ER","image":{"@type":"ImageObject","inLanguage":"en-US","@id":"http:\/\/www.df7er.de\/#\/schema\/person\/image\/","url":"http:\/\/www.df7er.de\/wp-content\/uploads\/2020\/12\/wolfswarte1.jpg","contentUrl":"http:\/\/www.df7er.de\/wp-content\/uploads\/2020\/12\/wolfswarte1.jpg","width":480,"height":360,"caption":"Sascha DF7ER"},"logo":{"@id":"http:\/\/www.df7er.de\/#\/schema\/person\/image\/"},"sameAs":["http:\/\/www.df7er.de"]}]}},"_links":{"self":[{"href":"http:\/\/www.df7er.de\/en\/wp-json\/wp\/v2\/pages\/2358","targetHints":{"allow":["GET"]}}],"collection":[{"href":"http:\/\/www.df7er.de\/en\/wp-json\/wp\/v2\/pages"}],"about":[{"href":"http:\/\/www.df7er.de\/en\/wp-json\/wp\/v2\/types\/page"}],"author":[{"embeddable":true,"href":"http:\/\/www.df7er.de\/en\/wp-json\/wp\/v2\/users\/1"}],"replies":[{"embeddable":true,"href":"http:\/\/www.df7er.de\/en\/wp-json\/wp\/v2\/comments?post=2358"}],"version-history":[{"count":5,"href":"http:\/\/www.df7er.de\/en\/wp-json\/wp\/v2\/pages\/2358\/revisions"}],"predecessor-version":[{"id":4180,"href":"http:\/\/www.df7er.de\/en\/wp-json\/wp\/v2\/pages\/2358\/revisions\/4180"}],"wp:attachment":[{"href":"http:\/\/www.df7er.de\/en\/wp-json\/wp\/v2\/media?parent=2358"}],"curies":[{"name":"wp","href":"https:\/\/api.w.org\/{rel}","templated":true}]}}