{"id":2335,"date":"2020-12-06T13:47:55","date_gmt":"2020-12-06T12:47:55","guid":{"rendered":"http:\/\/homepage.df7er.de\/?page_id=2335"},"modified":"2022-03-25T13:17:03","modified_gmt":"2022-03-25T12:17:03","slug":"burgentag-1-mai-2016","status":"publish","type":"page","link":"http:\/\/www.df7er.de\/en\/burgentag-1-mai-2016\/","title":{"rendered":"Burgentag 1.Mai 2016"},"content":{"rendered":"<p class=\"has-text-align-center\"><strong><span class=\"has-inline-color has-luminous-vivid-orange-color\">1.Mai 2016 Schloss &amp; Burgentag vom Schloss Eldingen<br>DL-04249 NSB-109 &#8211; JO52EQ<\/span><\/strong><br><\/p>\n\n\n\n<div class=\"wp-block-image is-style-default\"><figure class=\"alignleft size-large is-resized\"><a href=\"http:\/\/www.df7er.de\/wp-content\/uploads\/2020\/12\/Burgentag-2016.jpg\"><img loading=\"lazy\" decoding=\"async\" src=\"http:\/\/www.df7er.de\/wp-content\/uploads\/2020\/12\/Burgentag-2016.jpg\" alt=\"\" width=\"384\" height=\"497\"\/><\/a><\/figure><\/div>\n\n\n\n<p>Am 01.05.2016 war der Schloss &amp; Burgentag. Martin DK9CA (ex DO1CA) &amp; Ich waren am Schloss Eldingen DL-04249 NSB-109 QRV.<br>Von 13:00 Uhr bis 16:00 Uhr waren wir unter <strong><span class=\"has-inline-color has-luminous-vivid-orange-color\">DA9X<\/span> <\/strong>QRV.<br><br><strong><span class=\"has-inline-color has-luminous-vivid-orange-color\">Schloss Eldingen<\/span><\/strong><br><br>Das Schloss Eldingen, ein Herrenhaus, 1904 im Neobarockstil von Baron Walther Johannes von Caron (1855\u20131937), dem Bruder des Albert von Caron erbaut.Das Schloss diente im August\/September 2008 auch als Kulisse f\u00fcr den Film Berlin 36. Im Jahr 2010 erwarb Hans Gebhard von der Wense das Eldinger Schloss mit einem Vorkaufsrecht, um es anschlie\u00dfend an das Unternehmen ECM weiterzuverkaufen. In den darauffolgenden Jahren wurde es durch Privatinvestoren renoviert und restauriert, heute k\u00f6nnen die R\u00e4ume des Schlosses f\u00fcr Tagungen, Messen oder Feierlichkeiten gemietet werden. J\u00e4hrlich findet hier die Veranstaltung <em>Wintertr\u00e4ume<\/em> statt, bei der anspruchsvolle Wohnkultur, Kunst und Design, Antiquit\u00e4ten, Schmuck, Landhausmoden und Winterdekorationen aus aller Welt von rund 160 Ausstellern pr\u00e4sentiert werden. Die <em>Wintertr\u00e4ume<\/em> locken j\u00e4hrlich tausende Besucher nach Eldingen.<br><br>Quelle : <a href=\"https:\/\/de.wikipedia.org\/wiki\/Eldingen\">https:\/\/de.wikipedia.org\/wiki\/Eldingen<\/a><\/p>\n\n\n\n<div style=\"height:20px\" aria-hidden=\"true\" class=\"wp-block-spacer\"><\/div>\n\n\n\n<div class=\"wp-block-image is-style-default\"><figure class=\"alignright size-large is-resized\"><a href=\"http:\/\/www.df7er.de\/wp-content\/uploads\/2020\/12\/Burgentag1.jpg\"><img loading=\"lazy\" decoding=\"async\" src=\"http:\/\/www.df7er.de\/wp-content\/uploads\/2020\/12\/Burgentag1.jpg\" alt=\"\" width=\"512\" height=\"289\"\/><\/a><\/figure><\/div>\n\n\n\n<p>Wir haben uns ein wenig vom Schloss Aufgebaut auf einem Parkplatz. Wir waren aber im Umkreis von 500m am Schloss.<br>Martin war hier gerade beim Aufbau der Stromversorgung.<br>&nbsp;&nbsp;<\/p>\n\n\n\n<div style=\"height:20px\" aria-hidden=\"true\" class=\"wp-block-spacer\"><\/div>\n\n\n\n<div class=\"wp-block-image is-style-default\"><figure class=\"alignright size-large is-resized\"><a href=\"http:\/\/www.df7er.de\/wp-content\/uploads\/2020\/12\/Burgentag-1.jpg\"><img loading=\"lazy\" decoding=\"async\" src=\"http:\/\/www.df7er.de\/wp-content\/uploads\/2020\/12\/Burgentag-1.jpg\" alt=\"\" width=\"512\" height=\"289\"\/><\/a><\/figure><\/div>\n\n\n\n<p>Aufgebaut haben wir ein Mast f\u00fcr Kurzwelle f\u00fcr 15m &amp; ein Mast f\u00fcr UKW FM\/SSB.<br>Martin hat Kurzwelle und UKW SSB gemacht. Ich selber habe auf denn Relais QSO\u00b4s gemacht.<br><\/p>\n\n\n\n<div style=\"height:20px\" aria-hidden=\"true\" class=\"wp-block-spacer\"><\/div>\n\n\n\n<div class=\"wp-block-image is-style-default\"><figure class=\"alignright size-large is-resized\"><a href=\"http:\/\/www.df7er.de\/wp-content\/uploads\/2020\/12\/Burgentag2.jpg\"><img loading=\"lazy\" decoding=\"async\" src=\"http:\/\/www.df7er.de\/wp-content\/uploads\/2020\/12\/Burgentag2.jpg\" alt=\"\" width=\"512\" height=\"289\"\/><\/a><\/figure><\/div>\n\n\n\n<p>Nach 2,5 Stunden hatten wir 28 QSO\u00b4s im Log. Es hat gereicht um das Schloss Eldingen zu Aktivieren.<br>Leider waren die Bedingungen auf Kurzwelle an diesem Tag nicht so gut. Daf\u00fcr aber auf denn Relais sehr gut.<br><br>Infos \u00fcber Burgen &amp; Schl\u00f6sser findet man hier: <a href=\"http:\/\/www.cotagroup.org\/cotagroup\/\">http:\/\/www.cotagroup.org\/cotagroup\/<\/a><\/p>\n\n\n\n<div style=\"height:20px\" aria-hidden=\"true\" class=\"wp-block-spacer\"><\/div>\n\n\n\n<hr class=\"wp-block-separator\"\/>","protected":false},"excerpt":{"rendered":"<p>1.Mai 2016 Schloss &amp; Burgentag vom Schloss EldingenDL-04249 NSB-109 &#8211; JO52EQ Am 01.05.2016 war der Schloss &amp; Burgentag. Martin DK9CA (ex DO1CA) &amp; Ich waren am Schloss Eldingen DL-04249 NSB-109 QRV.Von 13:00 Uhr bis 16:00 Uhr waren wir unter DA9X QRV. Schloss Eldingen Das Schloss Eldingen, ein Herrenhaus, 1904 im Neobarockstil von Baron Walther Johannes [&hellip;]<\/p>","protected":false},"author":1,"featured_media":0,"parent":0,"menu_order":0,"comment_status":"closed","ping_status":"closed","template":"page-full-width.php","meta":{"ngg_post_thumbnail":0,"footnotes":""},"class_list":["post-2335","page","type-page","status-publish","hentry"],"yoast_head":"<!-- This site is optimized with the Yoast SEO plugin v26.9 - https:\/\/yoast.com\/product\/yoast-seo-wordpress\/ -->\n<title>Burgentag 1.Mai 2016 - DF7ER<\/title>\n<meta name=\"description\" content=\"1.Mai 2016 Schloss &amp; Burgentag vom Schloss Eldingen DL-04249 NSB-109 - JO52EQ. Mit Martin DK9CA und mir.\" \/>\n<meta name=\"robots\" content=\"index, follow, max-snippet:-1, max-image-preview:large, max-video-preview:-1\" \/>\n<link rel=\"canonical\" href=\"http:\/\/www.df7er.de\/en\/burgentag-1-mai-2016\/\" \/>\n<meta property=\"og:locale\" content=\"en_US\" \/>\n<meta property=\"og:type\" content=\"article\" \/>\n<meta property=\"og:title\" content=\"Burgentag 1.Mai 2016 - DF7ER\" \/>\n<meta property=\"og:description\" content=\"1.Mai 2016 Schloss &amp; Burgentag vom Schloss Eldingen DL-04249 NSB-109 - JO52EQ. Mit Martin DK9CA und mir.\" \/>\n<meta property=\"og:url\" content=\"http:\/\/www.df7er.de\/en\/burgentag-1-mai-2016\/\" \/>\n<meta property=\"og:site_name\" content=\"DF7ER\" \/>\n<meta property=\"article:modified_time\" content=\"2022-03-25T12:17:03+00:00\" \/>\n<meta property=\"og:image\" content=\"http:\/\/www.df7er.de\/wp-content\/uploads\/2020\/12\/Burgentag-2016.jpg\" \/>\n<meta name=\"twitter:card\" content=\"summary_large_image\" \/>\n<meta name=\"twitter:label1\" content=\"Est. reading time\" \/>\n\t<meta name=\"twitter:data1\" content=\"3 minutes\" \/>\n<script type=\"application\/ld+json\" class=\"yoast-schema-graph\">{\"@context\":\"https:\/\/schema.org\",\"@graph\":[{\"@type\":\"WebPage\",\"@id\":\"http:\/\/www.df7er.de\/burgentag-1-mai-2016\/\",\"url\":\"http:\/\/www.df7er.de\/burgentag-1-mai-2016\/\",\"name\":\"Burgentag 1.Mai 2016 - DF7ER\",\"isPartOf\":{\"@id\":\"http:\/\/www.df7er.de\/#website\"},\"primaryImageOfPage\":{\"@id\":\"http:\/\/www.df7er.de\/burgentag-1-mai-2016\/#primaryimage\"},\"image\":{\"@id\":\"http:\/\/www.df7er.de\/burgentag-1-mai-2016\/#primaryimage\"},\"thumbnailUrl\":\"http:\/\/www.df7er.de\/wp-content\/uploads\/2020\/12\/Burgentag-2016.jpg\",\"datePublished\":\"2020-12-06T12:47:55+00:00\",\"dateModified\":\"2022-03-25T12:17:03+00:00\",\"description\":\"1.Mai 2016 Schloss & Burgentag vom Schloss Eldingen DL-04249 NSB-109 - JO52EQ. Mit Martin DK9CA und mir.\",\"breadcrumb\":{\"@id\":\"http:\/\/www.df7er.de\/burgentag-1-mai-2016\/#breadcrumb\"},\"inLanguage\":\"en-US\",\"potentialAction\":[{\"@type\":\"ReadAction\",\"target\":[\"http:\/\/www.df7er.de\/burgentag-1-mai-2016\/\"]}]},{\"@type\":\"ImageObject\",\"inLanguage\":\"en-US\",\"@id\":\"http:\/\/www.df7er.de\/burgentag-1-mai-2016\/#primaryimage\",\"url\":\"http:\/\/www.df7er.de\/wp-content\/uploads\/2020\/12\/Burgentag-2016.jpg\",\"contentUrl\":\"http:\/\/www.df7er.de\/wp-content\/uploads\/2020\/12\/Burgentag-2016.jpg\"},{\"@type\":\"BreadcrumbList\",\"@id\":\"http:\/\/www.df7er.de\/burgentag-1-mai-2016\/#breadcrumb\",\"itemListElement\":[{\"@type\":\"ListItem\",\"position\":1,\"name\":\"Startseite\",\"item\":\"http:\/\/www.df7er.de\/\"},{\"@type\":\"ListItem\",\"position\":2,\"name\":\"Burgentag 1.Mai 2016\"}]},{\"@type\":\"WebSite\",\"@id\":\"http:\/\/www.df7er.de\/#website\",\"url\":\"http:\/\/www.df7er.de\/\",\"name\":\"DF7ER German Amateur Radio Station\",\"description\":\"German Amateur Radion Station in JO52HR\",\"publisher\":{\"@id\":\"http:\/\/www.df7er.de\/#\/schema\/person\/653b63e414718c8c68bac56967a2e8ef\"},\"potentialAction\":[{\"@type\":\"SearchAction\",\"target\":{\"@type\":\"EntryPoint\",\"urlTemplate\":\"http:\/\/www.df7er.de\/?s={search_term_string}\"},\"query-input\":{\"@type\":\"PropertyValueSpecification\",\"valueRequired\":true,\"valueName\":\"search_term_string\"}}],\"inLanguage\":\"en-US\"},{\"@type\":[\"Person\",\"Organization\"],\"@id\":\"http:\/\/www.df7er.de\/#\/schema\/person\/653b63e414718c8c68bac56967a2e8ef\",\"name\":\"Sascha DF7ER\",\"image\":{\"@type\":\"ImageObject\",\"inLanguage\":\"en-US\",\"@id\":\"http:\/\/www.df7er.de\/#\/schema\/person\/image\/\",\"url\":\"http:\/\/www.df7er.de\/wp-content\/uploads\/2020\/12\/wolfswarte1.jpg\",\"contentUrl\":\"http:\/\/www.df7er.de\/wp-content\/uploads\/2020\/12\/wolfswarte1.jpg\",\"width\":480,\"height\":360,\"caption\":\"Sascha DF7ER\"},\"logo\":{\"@id\":\"http:\/\/www.df7er.de\/#\/schema\/person\/image\/\"},\"sameAs\":[\"http:\/\/www.df7er.de\"]}]}<\/script>\n<!-- \/ Yoast SEO plugin. -->","yoast_head_json":{"title":"Burgentag 1.Mai 2016 - DF7ER","description":"1.Mai 2016 Schloss & Burgentag vom Schloss Eldingen DL-04249 NSB-109 - JO52EQ. Mit Martin DK9CA und mir.","robots":{"index":"index","follow":"follow","max-snippet":"max-snippet:-1","max-image-preview":"max-image-preview:large","max-video-preview":"max-video-preview:-1"},"canonical":"http:\/\/www.df7er.de\/en\/burgentag-1-mai-2016\/","og_locale":"en_US","og_type":"article","og_title":"Burgentag 1.Mai 2016 - DF7ER","og_description":"1.Mai 2016 Schloss & Burgentag vom Schloss Eldingen DL-04249 NSB-109 - JO52EQ. Mit Martin DK9CA und mir.","og_url":"http:\/\/www.df7er.de\/en\/burgentag-1-mai-2016\/","og_site_name":"DF7ER","article_modified_time":"2022-03-25T12:17:03+00:00","og_image":[{"url":"http:\/\/www.df7er.de\/wp-content\/uploads\/2020\/12\/Burgentag-2016.jpg","type":"","width":"","height":""}],"twitter_card":"summary_large_image","twitter_misc":{"Est. reading time":"3 minutes"},"schema":{"@context":"https:\/\/schema.org","@graph":[{"@type":"WebPage","@id":"http:\/\/www.df7er.de\/burgentag-1-mai-2016\/","url":"http:\/\/www.df7er.de\/burgentag-1-mai-2016\/","name":"Burgentag 1.Mai 2016 - DF7ER","isPartOf":{"@id":"http:\/\/www.df7er.de\/#website"},"primaryImageOfPage":{"@id":"http:\/\/www.df7er.de\/burgentag-1-mai-2016\/#primaryimage"},"image":{"@id":"http:\/\/www.df7er.de\/burgentag-1-mai-2016\/#primaryimage"},"thumbnailUrl":"http:\/\/www.df7er.de\/wp-content\/uploads\/2020\/12\/Burgentag-2016.jpg","datePublished":"2020-12-06T12:47:55+00:00","dateModified":"2022-03-25T12:17:03+00:00","description":"1.Mai 2016 Schloss & Burgentag vom Schloss Eldingen DL-04249 NSB-109 - JO52EQ. Mit Martin DK9CA und mir.","breadcrumb":{"@id":"http:\/\/www.df7er.de\/burgentag-1-mai-2016\/#breadcrumb"},"inLanguage":"en-US","potentialAction":[{"@type":"ReadAction","target":["http:\/\/www.df7er.de\/burgentag-1-mai-2016\/"]}]},{"@type":"ImageObject","inLanguage":"en-US","@id":"http:\/\/www.df7er.de\/burgentag-1-mai-2016\/#primaryimage","url":"http:\/\/www.df7er.de\/wp-content\/uploads\/2020\/12\/Burgentag-2016.jpg","contentUrl":"http:\/\/www.df7er.de\/wp-content\/uploads\/2020\/12\/Burgentag-2016.jpg"},{"@type":"BreadcrumbList","@id":"http:\/\/www.df7er.de\/burgentag-1-mai-2016\/#breadcrumb","itemListElement":[{"@type":"ListItem","position":1,"name":"Startseite","item":"http:\/\/www.df7er.de\/"},{"@type":"ListItem","position":2,"name":"Burgentag 1.Mai 2016"}]},{"@type":"WebSite","@id":"http:\/\/www.df7er.de\/#website","url":"http:\/\/www.df7er.de\/","name":"DF7ER German Amateur Radio Station","description":"German Amateur Radion Station in JO52HR","publisher":{"@id":"http:\/\/www.df7er.de\/#\/schema\/person\/653b63e414718c8c68bac56967a2e8ef"},"potentialAction":[{"@type":"SearchAction","target":{"@type":"EntryPoint","urlTemplate":"http:\/\/www.df7er.de\/?s={search_term_string}"},"query-input":{"@type":"PropertyValueSpecification","valueRequired":true,"valueName":"search_term_string"}}],"inLanguage":"en-US"},{"@type":["Person","Organization"],"@id":"http:\/\/www.df7er.de\/#\/schema\/person\/653b63e414718c8c68bac56967a2e8ef","name":"Sascha DF7ER","image":{"@type":"ImageObject","inLanguage":"en-US","@id":"http:\/\/www.df7er.de\/#\/schema\/person\/image\/","url":"http:\/\/www.df7er.de\/wp-content\/uploads\/2020\/12\/wolfswarte1.jpg","contentUrl":"http:\/\/www.df7er.de\/wp-content\/uploads\/2020\/12\/wolfswarte1.jpg","width":480,"height":360,"caption":"Sascha DF7ER"},"logo":{"@id":"http:\/\/www.df7er.de\/#\/schema\/person\/image\/"},"sameAs":["http:\/\/www.df7er.de"]}]}},"_links":{"self":[{"href":"http:\/\/www.df7er.de\/en\/wp-json\/wp\/v2\/pages\/2335","targetHints":{"allow":["GET"]}}],"collection":[{"href":"http:\/\/www.df7er.de\/en\/wp-json\/wp\/v2\/pages"}],"about":[{"href":"http:\/\/www.df7er.de\/en\/wp-json\/wp\/v2\/types\/page"}],"author":[{"embeddable":true,"href":"http:\/\/www.df7er.de\/en\/wp-json\/wp\/v2\/users\/1"}],"replies":[{"embeddable":true,"href":"http:\/\/www.df7er.de\/en\/wp-json\/wp\/v2\/comments?post=2335"}],"version-history":[{"count":5,"href":"http:\/\/www.df7er.de\/en\/wp-json\/wp\/v2\/pages\/2335\/revisions"}],"predecessor-version":[{"id":4166,"href":"http:\/\/www.df7er.de\/en\/wp-json\/wp\/v2\/pages\/2335\/revisions\/4166"}],"wp:attachment":[{"href":"http:\/\/www.df7er.de\/en\/wp-json\/wp\/v2\/media?parent=2335"}],"curies":[{"name":"wp","href":"https:\/\/api.w.org\/{rel}","templated":true}]}}