{"id":2160,"date":"2020-11-28T19:13:37","date_gmt":"2020-11-28T18:13:37","guid":{"rendered":"http:\/\/homepage.df7er.de\/?page_id=2160"},"modified":"2022-03-25T13:52:25","modified_gmt":"2022-03-25T12:52:25","slug":"logbuecher","status":"publish","type":"page","link":"http:\/\/www.df7er.de\/en\/logbuecher\/","title":{"rendered":"Logb\u00fccher"},"content":{"rendered":"<div class=\"wp-block-group\"><div class=\"wp-block-group__inner-container is-layout-flow wp-block-group-is-layout-flow\">\n<div class=\"wp-block-columns is-layout-flex wp-container-core-columns-is-layout-9d6595d7 wp-block-columns-is-layout-flex\">\n<div class=\"wp-block-column is-layout-flow wp-block-column-is-layout-flow\" style=\"flex-basis:100%\"><p><center><!-- HRDLOG.net script start --><\/p>\n<div id=\"hrdlog-oa\"> <\/div>\n<div id=\"hrdlog\">www.hrdlog.net<\/div>\n<p><script type=\"text\/javascript\" language=\"javascript\" src=\"http:\/\/www.hrdlog.net\/hrdlog.js\"><\/script><br \/>\n<script type=\"text\/javascript\" language=\"javascript\">\nvar ohrdlog = new HrdLog('DF7ER');\nsetInterval('ohrdlog.LoadOnAir()', 15000);\nohrdlog.LoadByCallsign();\nohrdlog.EnableBandSlots();\nohrdlog.SetColors('&colors=%23F6F4EB','%23FFFFFF','%23F6F4EB');\nohrdlog.LoadLastQso(30);\nohrdlog.EnableQsoMap(500);\n<\/script><br \/>\n<img decoding=\"async\" src=\"http:\/\/www.hrdlog.net\/dxccplate.aspx?user=DF7ER\"><br \/>\n<!-- HRDLOG.net script stop --><center><\/center><\/center><\/p>\n\n\n\n<p><\/p>\n<\/div>\n<\/div>\n<\/div><\/div>\n\n\n\n<hr class=\"wp-block-separator\"\/>\n\n\n<p><center><\/p>\n<p style=\"text-align: center;\"><span style=\"font-family:tahoma,geneva,sans-serif\"><span style=\"font-size:14px\"><span style=\"font-family:tahoma,geneva,sans-serif\"><span style=\"font-size:14px\"><span style=\"font-family:tahoma,geneva,sans-serif\"><span style=\"font-size:14px\"><a href=\"http:\/\/s09.flagcounter.com\/more\/k0U\"><img decoding=\"async\" alt=\"Free counters!\" src=\"http:\/\/s09.flagcounter.com\/count\/k0U\/bg_030303\/txt_F7F7F7\/border_CCCCCC\/columns_8\/maxflags_250\/viewers_DF7ER\/labels_1\/pageviews_1\/flags_1\/percent_0\/\" style=\"height:288px; width:720px\"><\/a><\/span><\/span><\/span><\/span><\/span><\/span><\/p>\n<p><center><\/center><\/center><\/p>\n\n\n\n<hr class=\"wp-block-separator\"\/>\n\n\n\n<p><a href=\"https:\/\/info.flagcounter.com\/Gw9d\"><\/a><\/p>","protected":false},"excerpt":{"rendered":"","protected":false},"author":1,"featured_media":0,"parent":0,"menu_order":0,"comment_status":"closed","ping_status":"closed","template":"page-full-width.php","meta":{"ngg_post_thumbnail":0,"footnotes":""},"class_list":["post-2160","page","type-page","status-publish","hentry"],"yoast_head":"<!-- This site is optimized with the Yoast SEO plugin v26.9 - https:\/\/yoast.com\/product\/yoast-seo-wordpress\/ -->\n<title>Logb\u00fccher - DF7ER<\/title>\n<meta name=\"description\" content=\"Hier sind meine Logb\u00fccher drin und wo ich gerade Online bin auf den B\u00e4ndern.\" \/>\n<meta name=\"robots\" content=\"index, follow, max-snippet:-1, max-image-preview:large, max-video-preview:-1\" \/>\n<link rel=\"canonical\" href=\"http:\/\/www.df7er.de\/en\/logbuecher\/\" \/>\n<meta property=\"og:locale\" content=\"en_US\" \/>\n<meta property=\"og:type\" content=\"article\" \/>\n<meta property=\"og:title\" content=\"Logb\u00fccher - DF7ER\" \/>\n<meta property=\"og:description\" content=\"Hier sind meine Logb\u00fccher drin und wo ich gerade Online bin auf den B\u00e4ndern.\" \/>\n<meta property=\"og:url\" content=\"http:\/\/www.df7er.de\/en\/logbuecher\/\" \/>\n<meta property=\"og:site_name\" content=\"DF7ER\" \/>\n<meta property=\"article:modified_time\" content=\"2022-03-25T12:52:25+00:00\" \/>\n<meta property=\"og:image\" content=\"http:\/\/www.hrdlog.net\/dxccplate.aspx?user=DF7ER\" \/>\n<meta name=\"twitter:card\" content=\"summary_large_image\" \/>\n<meta name=\"twitter:label1\" content=\"Est. reading time\" \/>\n\t<meta name=\"twitter:data1\" content=\"1 minute\" \/>\n<script type=\"application\/ld+json\" class=\"yoast-schema-graph\">{\"@context\":\"https:\/\/schema.org\",\"@graph\":[{\"@type\":\"WebPage\",\"@id\":\"http:\/\/www.df7er.de\/logbuecher\/\",\"url\":\"http:\/\/www.df7er.de\/logbuecher\/\",\"name\":\"Logb\u00fccher - DF7ER\",\"isPartOf\":{\"@id\":\"http:\/\/www.df7er.de\/#website\"},\"primaryImageOfPage\":{\"@id\":\"http:\/\/www.df7er.de\/logbuecher\/#primaryimage\"},\"image\":{\"@id\":\"http:\/\/www.df7er.de\/logbuecher\/#primaryimage\"},\"thumbnailUrl\":\"http:\/\/www.hrdlog.net\/dxccplate.aspx?user=DF7ER\",\"datePublished\":\"2020-11-28T18:13:37+00:00\",\"dateModified\":\"2022-03-25T12:52:25+00:00\",\"description\":\"Hier sind meine Logb\u00fccher drin und wo ich gerade Online bin auf den B\u00e4ndern.\",\"breadcrumb\":{\"@id\":\"http:\/\/www.df7er.de\/logbuecher\/#breadcrumb\"},\"inLanguage\":\"en-US\",\"potentialAction\":[{\"@type\":\"ReadAction\",\"target\":[\"http:\/\/www.df7er.de\/logbuecher\/\"]}]},{\"@type\":\"ImageObject\",\"inLanguage\":\"en-US\",\"@id\":\"http:\/\/www.df7er.de\/logbuecher\/#primaryimage\",\"url\":\"http:\/\/www.hrdlog.net\/dxccplate.aspx?user=DF7ER\",\"contentUrl\":\"http:\/\/www.hrdlog.net\/dxccplate.aspx?user=DF7ER\"},{\"@type\":\"BreadcrumbList\",\"@id\":\"http:\/\/www.df7er.de\/logbuecher\/#breadcrumb\",\"itemListElement\":[{\"@type\":\"ListItem\",\"position\":1,\"name\":\"Startseite\",\"item\":\"http:\/\/www.df7er.de\/\"},{\"@type\":\"ListItem\",\"position\":2,\"name\":\"Logb\u00fccher\"}]},{\"@type\":\"WebSite\",\"@id\":\"http:\/\/www.df7er.de\/#website\",\"url\":\"http:\/\/www.df7er.de\/\",\"name\":\"DF7ER German Amateur Radio Station\",\"description\":\"German Amateur Radion Station in JO52HR\",\"publisher\":{\"@id\":\"http:\/\/www.df7er.de\/#\/schema\/person\/653b63e414718c8c68bac56967a2e8ef\"},\"potentialAction\":[{\"@type\":\"SearchAction\",\"target\":{\"@type\":\"EntryPoint\",\"urlTemplate\":\"http:\/\/www.df7er.de\/?s={search_term_string}\"},\"query-input\":{\"@type\":\"PropertyValueSpecification\",\"valueRequired\":true,\"valueName\":\"search_term_string\"}}],\"inLanguage\":\"en-US\"},{\"@type\":[\"Person\",\"Organization\"],\"@id\":\"http:\/\/www.df7er.de\/#\/schema\/person\/653b63e414718c8c68bac56967a2e8ef\",\"name\":\"Sascha DF7ER\",\"image\":{\"@type\":\"ImageObject\",\"inLanguage\":\"en-US\",\"@id\":\"http:\/\/www.df7er.de\/#\/schema\/person\/image\/\",\"url\":\"http:\/\/www.df7er.de\/wp-content\/uploads\/2020\/12\/wolfswarte1.jpg\",\"contentUrl\":\"http:\/\/www.df7er.de\/wp-content\/uploads\/2020\/12\/wolfswarte1.jpg\",\"width\":480,\"height\":360,\"caption\":\"Sascha DF7ER\"},\"logo\":{\"@id\":\"http:\/\/www.df7er.de\/#\/schema\/person\/image\/\"},\"sameAs\":[\"http:\/\/www.df7er.de\"]}]}<\/script>\n<!-- \/ Yoast SEO plugin. -->","yoast_head_json":{"title":"Logb\u00fccher - DF7ER","description":"Hier sind meine Logb\u00fccher drin und wo ich gerade Online bin auf den B\u00e4ndern.","robots":{"index":"index","follow":"follow","max-snippet":"max-snippet:-1","max-image-preview":"max-image-preview:large","max-video-preview":"max-video-preview:-1"},"canonical":"http:\/\/www.df7er.de\/en\/logbuecher\/","og_locale":"en_US","og_type":"article","og_title":"Logb\u00fccher - DF7ER","og_description":"Hier sind meine Logb\u00fccher drin und wo ich gerade Online bin auf den B\u00e4ndern.","og_url":"http:\/\/www.df7er.de\/en\/logbuecher\/","og_site_name":"DF7ER","article_modified_time":"2022-03-25T12:52:25+00:00","og_image":[{"url":"http:\/\/www.hrdlog.net\/dxccplate.aspx?user=DF7ER","type":"","width":"","height":""}],"twitter_card":"summary_large_image","twitter_misc":{"Est. reading time":"1 minute"},"schema":{"@context":"https:\/\/schema.org","@graph":[{"@type":"WebPage","@id":"http:\/\/www.df7er.de\/logbuecher\/","url":"http:\/\/www.df7er.de\/logbuecher\/","name":"Logb\u00fccher - DF7ER","isPartOf":{"@id":"http:\/\/www.df7er.de\/#website"},"primaryImageOfPage":{"@id":"http:\/\/www.df7er.de\/logbuecher\/#primaryimage"},"image":{"@id":"http:\/\/www.df7er.de\/logbuecher\/#primaryimage"},"thumbnailUrl":"http:\/\/www.hrdlog.net\/dxccplate.aspx?user=DF7ER","datePublished":"2020-11-28T18:13:37+00:00","dateModified":"2022-03-25T12:52:25+00:00","description":"Hier sind meine Logb\u00fccher drin und wo ich gerade Online bin auf den B\u00e4ndern.","breadcrumb":{"@id":"http:\/\/www.df7er.de\/logbuecher\/#breadcrumb"},"inLanguage":"en-US","potentialAction":[{"@type":"ReadAction","target":["http:\/\/www.df7er.de\/logbuecher\/"]}]},{"@type":"ImageObject","inLanguage":"en-US","@id":"http:\/\/www.df7er.de\/logbuecher\/#primaryimage","url":"http:\/\/www.hrdlog.net\/dxccplate.aspx?user=DF7ER","contentUrl":"http:\/\/www.hrdlog.net\/dxccplate.aspx?user=DF7ER"},{"@type":"BreadcrumbList","@id":"http:\/\/www.df7er.de\/logbuecher\/#breadcrumb","itemListElement":[{"@type":"ListItem","position":1,"name":"Startseite","item":"http:\/\/www.df7er.de\/"},{"@type":"ListItem","position":2,"name":"Logb\u00fccher"}]},{"@type":"WebSite","@id":"http:\/\/www.df7er.de\/#website","url":"http:\/\/www.df7er.de\/","name":"DF7ER German Amateur Radio Station","description":"German Amateur Radion Station in JO52HR","publisher":{"@id":"http:\/\/www.df7er.de\/#\/schema\/person\/653b63e414718c8c68bac56967a2e8ef"},"potentialAction":[{"@type":"SearchAction","target":{"@type":"EntryPoint","urlTemplate":"http:\/\/www.df7er.de\/?s={search_term_string}"},"query-input":{"@type":"PropertyValueSpecification","valueRequired":true,"valueName":"search_term_string"}}],"inLanguage":"en-US"},{"@type":["Person","Organization"],"@id":"http:\/\/www.df7er.de\/#\/schema\/person\/653b63e414718c8c68bac56967a2e8ef","name":"Sascha DF7ER","image":{"@type":"ImageObject","inLanguage":"en-US","@id":"http:\/\/www.df7er.de\/#\/schema\/person\/image\/","url":"http:\/\/www.df7er.de\/wp-content\/uploads\/2020\/12\/wolfswarte1.jpg","contentUrl":"http:\/\/www.df7er.de\/wp-content\/uploads\/2020\/12\/wolfswarte1.jpg","width":480,"height":360,"caption":"Sascha DF7ER"},"logo":{"@id":"http:\/\/www.df7er.de\/#\/schema\/person\/image\/"},"sameAs":["http:\/\/www.df7er.de"]}]}},"_links":{"self":[{"href":"http:\/\/www.df7er.de\/en\/wp-json\/wp\/v2\/pages\/2160","targetHints":{"allow":["GET"]}}],"collection":[{"href":"http:\/\/www.df7er.de\/en\/wp-json\/wp\/v2\/pages"}],"about":[{"href":"http:\/\/www.df7er.de\/en\/wp-json\/wp\/v2\/types\/page"}],"author":[{"embeddable":true,"href":"http:\/\/www.df7er.de\/en\/wp-json\/wp\/v2\/users\/1"}],"replies":[{"embeddable":true,"href":"http:\/\/www.df7er.de\/en\/wp-json\/wp\/v2\/comments?post=2160"}],"version-history":[{"count":10,"href":"http:\/\/www.df7er.de\/en\/wp-json\/wp\/v2\/pages\/2160\/revisions"}],"predecessor-version":[{"id":4176,"href":"http:\/\/www.df7er.de\/en\/wp-json\/wp\/v2\/pages\/2160\/revisions\/4176"}],"wp:attachment":[{"href":"http:\/\/www.df7er.de\/en\/wp-json\/wp\/v2\/media?parent=2160"}],"curies":[{"name":"wp","href":"https:\/\/api.w.org\/{rel}","templated":true}]}}