{"id":2,"date":"2020-11-21T13:14:01","date_gmt":"2020-11-21T12:14:01","guid":{"rendered":"http:\/\/homepage.df7er.de\/?page_id=2"},"modified":"2024-01-14T11:30:21","modified_gmt":"2024-01-14T10:30:21","slug":"german-amateur-radio-station-df7er","status":"publish","type":"page","link":"http:\/\/www.df7er.de\/en\/","title":{"rendered":""},"content":{"rendered":"<p class=\"has-text-align-center\" id=\"DF7ER\" style=\"font-size:21px\"><mark style=\"background-color:rgba(0, 0, 0, 0)\" class=\"has-inline-color has-luminous-vivid-orange-color\"><strong>Welcome to my homepage<\/strong><\/mark><\/p>\n\n\n<div class=\"wp-block-image\">\n<figure class=\"alignright size-large is-resized\"><a href=\"http:\/\/www.df7er.de\/wp-content\/uploads\/2020\/12\/DF7ER.jpg\"><img decoding=\"async\" src=\"http:\/\/www.df7er.de\/wp-content\/uploads\/2020\/12\/DF7ER.jpg\" alt=\"\" style=\"width:437px;height:310px\"\/><\/a><figcaption class=\"wp-element-caption\"><strong><sup><span class=\"has-inline-color has-luminous-vivid-orange-color\">Aktuelle QSL Karte von mir<\/span><\/sup><\/strong><\/figcaption><\/figure>\n<\/div>\n\n\n<p class=\"has-text-align-left\">Nice that you found your way to my website.<br><br>On these pages I would like to give you a little insight into my hobby <a href=\"http:\/\/www.df7er.de\/de_DE\/was-ist-amateurfunk\/\"><strong>Amateurfunk<\/strong><\/a> give and also <strong><a data-type=\"URL\" href=\"http:\/\/www.df7er.de\/de_DE\/ueber-mich\/\">myself<\/a><\/strong>, mine <strong><a href=\"http:\/\/www.df7er.de\/de_DE\/shack\/\">Shack<\/a><\/strong>&nbsp;and mine&nbsp;<strong><a href=\"http:\/\/www.df7er.de\/de_DE\/qth\/\">QTH Hankensb\u00fcttel<\/a><\/strong>&nbsp;(JO52HR) in the Gifhorn district.<br><br>Also my online log for&nbsp;<strong><mark style=\"background-color:rgba(0, 0, 0, 0)\" class=\"has-inline-color has-white-color\">DF7ER<\/mark><\/strong> can be found here. Like mine <strong><a href=\"http:\/\/www.df7er.de\/de_DE\/dxcc\/\">DXCC Stand<\/a><\/strong>. I am a member of <strong><a href=\"http:\/\/www.darc-celle.de\" target=\"_blank\" rel=\"noreferrer noopener\">DARC &#8211; Ortsverband Celle Stadt &amp; Land H05<\/a><\/strong>.<\/p>\n\n\n\n<p>I can be reached daily on 145.500 MHz, the 2 meter call frequency mobile and digitally on DMR Brandmeister Netz <strong>TG 263225<\/strong> or in <strong>TG 26235 \/ TG 263<\/strong>. In addition, the DB0NDS relay in Zernien also runs at 145.600 MHz in the Shack, and on 70cm I can also be reached on DB0VW in Wolfsburg on the frequency 439.1875 MHz. The 145,500 Mhz runs mobile in the work truck.<br>I hope you enjoy browsing through the pages. About a nice greeting im <strong><a href=\"http:\/\/www.df7er.de\/de_DE\/gaestebuch\/\">Guest book<\/a><\/strong> I would be happy - for anything else, please write me an email.<br><br><strong><span class=\"has-inline-color has-luminous-vivid-orange-color\">73 de Sascha DF7ER<\/span><\/strong><\/p>\n\n\n\n<hr class=\"wp-block-separator has-css-opacity\"\/>\n\n\n\n<p class=\"has-text-align-center\"><a href=\"https:\/\/all-inkl.com\/PA2E75D95A15250\"><img decoding=\"async\" src=\"https:\/\/all-inkl.com\/banner\/all-inkl_banner_185x35_black.gif\" alt=\"ALL-INKL.COM - Webhosting Server Hosting Domain Provider\"><\/a><\/p>\n\n\n\n<a href=\"https:\/\/www.imcounter.com\/stats\/21630\/dashboard\" rel=\"nofollow noopener noreferrer\" target=\"_blank\" title=\"Free Counter\"><img decoding=\"async\" src=\"https:\/\/www.imcounter.com\/fcounter.php?id=21630;\" alt=\"Free Counter\" title=\"Free Counter\"><\/a>","protected":false},"excerpt":{"rendered":"<p>Herzlich Willkommen auf meiner Homepage Sch\u00f6n, dass Ihr den Weg auf meine Internetpr\u00e4senz gefunden habt. Auf diesen Seiten m\u00f6chte ich Euch einen kleinen Einblick in mein Hobby Amateurfunk geben und auch mich selbst, meinen Shack&nbsp;und meinen&nbsp;QTH Hankensb\u00fcttel&nbsp;(JO52HR) im Landkreis Gifhorn vorstellen. Auch mein Onlinelogbuch f\u00fcr&nbsp;DF7ER ist hier zufinden. So wie mein DXCC Stand. Ich bin [&hellip;]<\/p>","protected":false},"author":1,"featured_media":0,"parent":0,"menu_order":0,"comment_status":"closed","ping_status":"open","template":"","meta":{"ngg_post_thumbnail":0,"footnotes":""},"class_list":["post-2","page","type-page","status-publish","hentry"],"yoast_head":"<!-- This site is optimized with the Yoast SEO plugin v26.9 - https:\/\/yoast.com\/product\/yoast-seo-wordpress\/ -->\n<title>DF7ER German Amateur Radion Station in JO52HR<\/title>\n<meta name=\"description\" content=\"German Amateur Radio Station DF7ER \/ DN7ML Hankensb\u00fcttel - Auf diesen Seiten m\u00f6chte ich Euch einen kleinen Einblick in mein Hobby Amateurfunk geben.\" \/>\n<meta name=\"robots\" content=\"index, follow, max-snippet:-1, max-image-preview:large, max-video-preview:-1\" \/>\n<link rel=\"canonical\" href=\"http:\/\/www.df7er.de\/en\/\" \/>\n<meta property=\"og:locale\" content=\"en_US\" \/>\n<meta property=\"og:type\" content=\"article\" \/>\n<meta property=\"og:title\" content=\"DF7ER German Amateur Radion Station in JO52HR\" \/>\n<meta property=\"og:description\" content=\"German Amateur Radio Station DF7ER \/ DN7ML Hankensb\u00fcttel - Auf diesen Seiten m\u00f6chte ich Euch einen kleinen Einblick in mein Hobby Amateurfunk geben.\" \/>\n<meta property=\"og:url\" content=\"http:\/\/www.df7er.de\/en\/\" \/>\n<meta property=\"og:site_name\" content=\"DF7ER\" \/>\n<meta property=\"article:modified_time\" content=\"2024-01-14T10:30:21+00:00\" \/>\n<meta property=\"og:image\" content=\"http:\/\/www.df7er.de\/wp-content\/uploads\/2020\/12\/wolfswarte1.jpg\" \/>\n\t<meta property=\"og:image:width\" content=\"480\" \/>\n\t<meta property=\"og:image:height\" content=\"360\" \/>\n\t<meta property=\"og:image:type\" content=\"image\/jpeg\" \/>\n<meta name=\"twitter:card\" content=\"summary_large_image\" \/>\n<meta name=\"twitter:label1\" content=\"Est. reading time\" \/>\n\t<meta name=\"twitter:data1\" content=\"2 minutes\" \/>\n<script type=\"application\/ld+json\" class=\"yoast-schema-graph\">{\"@context\":\"https:\/\/schema.org\",\"@graph\":[{\"@type\":\"WebPage\",\"@id\":\"http:\/\/www.df7er.de\/\",\"url\":\"http:\/\/www.df7er.de\/\",\"name\":\"DF7ER German Amateur Radion Station in JO52HR\",\"isPartOf\":{\"@id\":\"http:\/\/www.df7er.de\/#website\"},\"primaryImageOfPage\":{\"@id\":\"http:\/\/www.df7er.de\/#primaryimage\"},\"image\":{\"@id\":\"http:\/\/www.df7er.de\/#primaryimage\"},\"thumbnailUrl\":\"http:\/\/www.df7er.de\/wp-content\/uploads\/2020\/12\/DF7ER.jpg\",\"datePublished\":\"2020-11-21T12:14:01+00:00\",\"dateModified\":\"2024-01-14T10:30:21+00:00\",\"description\":\"German Amateur Radio Station DF7ER \/ DN7ML Hankensb\u00fcttel - Auf diesen Seiten m\u00f6chte ich Euch einen kleinen Einblick in mein Hobby Amateurfunk geben.\",\"inLanguage\":\"en-US\",\"potentialAction\":[{\"@type\":\"ReadAction\",\"target\":[\"http:\/\/www.df7er.de\/\"]}]},{\"@type\":\"ImageObject\",\"inLanguage\":\"en-US\",\"@id\":\"http:\/\/www.df7er.de\/#primaryimage\",\"url\":\"http:\/\/www.df7er.de\/wp-content\/uploads\/2020\/12\/DF7ER.jpg\",\"contentUrl\":\"http:\/\/www.df7er.de\/wp-content\/uploads\/2020\/12\/DF7ER.jpg\"},{\"@type\":\"WebSite\",\"@id\":\"http:\/\/www.df7er.de\/#website\",\"url\":\"http:\/\/www.df7er.de\/\",\"name\":\"DF7ER German Amateur Radio Station\",\"description\":\"German Amateur Radion Station in JO52HR\",\"publisher\":{\"@id\":\"http:\/\/www.df7er.de\/#\/schema\/person\/653b63e414718c8c68bac56967a2e8ef\"},\"potentialAction\":[{\"@type\":\"SearchAction\",\"target\":{\"@type\":\"EntryPoint\",\"urlTemplate\":\"http:\/\/www.df7er.de\/?s={search_term_string}\"},\"query-input\":{\"@type\":\"PropertyValueSpecification\",\"valueRequired\":true,\"valueName\":\"search_term_string\"}}],\"inLanguage\":\"en-US\"},{\"@type\":[\"Person\",\"Organization\"],\"@id\":\"http:\/\/www.df7er.de\/#\/schema\/person\/653b63e414718c8c68bac56967a2e8ef\",\"name\":\"Sascha DF7ER\",\"image\":{\"@type\":\"ImageObject\",\"inLanguage\":\"en-US\",\"@id\":\"http:\/\/www.df7er.de\/#\/schema\/person\/image\/\",\"url\":\"http:\/\/www.df7er.de\/wp-content\/uploads\/2020\/12\/wolfswarte1.jpg\",\"contentUrl\":\"http:\/\/www.df7er.de\/wp-content\/uploads\/2020\/12\/wolfswarte1.jpg\",\"width\":480,\"height\":360,\"caption\":\"Sascha DF7ER\"},\"logo\":{\"@id\":\"http:\/\/www.df7er.de\/#\/schema\/person\/image\/\"},\"sameAs\":[\"http:\/\/www.df7er.de\"]}]}<\/script>\n<!-- \/ Yoast SEO plugin. -->","yoast_head_json":{"title":"DF7ER German Amateur Radion Station in JO52HR","description":"German Amateur Radio Station DF7ER \/ DN7ML Hankensb\u00fcttel - Auf diesen Seiten m\u00f6chte ich Euch einen kleinen Einblick in mein Hobby Amateurfunk geben.","robots":{"index":"index","follow":"follow","max-snippet":"max-snippet:-1","max-image-preview":"max-image-preview:large","max-video-preview":"max-video-preview:-1"},"canonical":"http:\/\/www.df7er.de\/en\/","og_locale":"en_US","og_type":"article","og_title":"DF7ER German Amateur Radion Station in JO52HR","og_description":"German Amateur Radio Station DF7ER \/ DN7ML Hankensb\u00fcttel - Auf diesen Seiten m\u00f6chte ich Euch einen kleinen Einblick in mein Hobby Amateurfunk geben.","og_url":"http:\/\/www.df7er.de\/en\/","og_site_name":"DF7ER","article_modified_time":"2024-01-14T10:30:21+00:00","og_image":[{"width":480,"height":360,"url":"http:\/\/www.df7er.de\/wp-content\/uploads\/2020\/12\/wolfswarte1.jpg","type":"image\/jpeg"}],"twitter_card":"summary_large_image","twitter_misc":{"Est. reading time":"2 minutes"},"schema":{"@context":"https:\/\/schema.org","@graph":[{"@type":"WebPage","@id":"http:\/\/www.df7er.de\/","url":"http:\/\/www.df7er.de\/","name":"DF7ER German Amateur Radion Station in JO52HR","isPartOf":{"@id":"http:\/\/www.df7er.de\/#website"},"primaryImageOfPage":{"@id":"http:\/\/www.df7er.de\/#primaryimage"},"image":{"@id":"http:\/\/www.df7er.de\/#primaryimage"},"thumbnailUrl":"http:\/\/www.df7er.de\/wp-content\/uploads\/2020\/12\/DF7ER.jpg","datePublished":"2020-11-21T12:14:01+00:00","dateModified":"2024-01-14T10:30:21+00:00","description":"German Amateur Radio Station DF7ER \/ DN7ML Hankensb\u00fcttel - Auf diesen Seiten m\u00f6chte ich Euch einen kleinen Einblick in mein Hobby Amateurfunk geben.","inLanguage":"en-US","potentialAction":[{"@type":"ReadAction","target":["http:\/\/www.df7er.de\/"]}]},{"@type":"ImageObject","inLanguage":"en-US","@id":"http:\/\/www.df7er.de\/#primaryimage","url":"http:\/\/www.df7er.de\/wp-content\/uploads\/2020\/12\/DF7ER.jpg","contentUrl":"http:\/\/www.df7er.de\/wp-content\/uploads\/2020\/12\/DF7ER.jpg"},{"@type":"WebSite","@id":"http:\/\/www.df7er.de\/#website","url":"http:\/\/www.df7er.de\/","name":"DF7ER German Amateur Radio Station","description":"German Amateur Radion Station in JO52HR","publisher":{"@id":"http:\/\/www.df7er.de\/#\/schema\/person\/653b63e414718c8c68bac56967a2e8ef"},"potentialAction":[{"@type":"SearchAction","target":{"@type":"EntryPoint","urlTemplate":"http:\/\/www.df7er.de\/?s={search_term_string}"},"query-input":{"@type":"PropertyValueSpecification","valueRequired":true,"valueName":"search_term_string"}}],"inLanguage":"en-US"},{"@type":["Person","Organization"],"@id":"http:\/\/www.df7er.de\/#\/schema\/person\/653b63e414718c8c68bac56967a2e8ef","name":"Sascha DF7ER","image":{"@type":"ImageObject","inLanguage":"en-US","@id":"http:\/\/www.df7er.de\/#\/schema\/person\/image\/","url":"http:\/\/www.df7er.de\/wp-content\/uploads\/2020\/12\/wolfswarte1.jpg","contentUrl":"http:\/\/www.df7er.de\/wp-content\/uploads\/2020\/12\/wolfswarte1.jpg","width":480,"height":360,"caption":"Sascha DF7ER"},"logo":{"@id":"http:\/\/www.df7er.de\/#\/schema\/person\/image\/"},"sameAs":["http:\/\/www.df7er.de"]}]}},"_links":{"self":[{"href":"http:\/\/www.df7er.de\/en\/wp-json\/wp\/v2\/pages\/2","targetHints":{"allow":["GET"]}}],"collection":[{"href":"http:\/\/www.df7er.de\/en\/wp-json\/wp\/v2\/pages"}],"about":[{"href":"http:\/\/www.df7er.de\/en\/wp-json\/wp\/v2\/types\/page"}],"author":[{"embeddable":true,"href":"http:\/\/www.df7er.de\/en\/wp-json\/wp\/v2\/users\/1"}],"replies":[{"embeddable":true,"href":"http:\/\/www.df7er.de\/en\/wp-json\/wp\/v2\/comments?post=2"}],"version-history":[{"count":11,"href":"http:\/\/www.df7er.de\/en\/wp-json\/wp\/v2\/pages\/2\/revisions"}],"predecessor-version":[{"id":5292,"href":"http:\/\/www.df7er.de\/en\/wp-json\/wp\/v2\/pages\/2\/revisions\/5292"}],"wp:attachment":[{"href":"http:\/\/www.df7er.de\/en\/wp-json\/wp\/v2\/media?parent=2"}],"curies":[{"name":"wp","href":"https:\/\/api.w.org\/{rel}","templated":true}]}}