{"id":15,"date":"2020-11-21T13:29:37","date_gmt":"2020-11-21T12:29:37","guid":{"rendered":"http:\/\/homepage.df7er.de\/?page_id=15"},"modified":"2022-12-26T13:44:12","modified_gmt":"2022-12-26T12:44:12","slug":"qth","status":"publish","type":"page","link":"http:\/\/www.df7er.de\/en\/qth\/","title":{"rendered":"QTH"},"content":{"rendered":"<p class=\"has-text-align-center\">Hankensb\u00fcttel is located in Lower Saxony in the Gifhorn district. Cities in the vicinity are Salzwedel, Uelzen, Celle, Gifhorn and Wolfsburg<br>Hankensb\u00fcttel is 95m above sea level, the area is 34.82m\u00b2 and has 4321 inhabitants (as of December 31, 2010)<br><br><strong><mark style=\"background-color:rgba(0, 0, 0, 0)\" class=\"has-inline-color has-luminous-vivid-orange-color\">On the aerial photo you can see the five amateur radio stations in Hankensb\u00fcttel<br>( unter jeweiligen D sind die H\u00e4user der OM\u00b4s )\u00a0 DH9AF Andi (SK) \/ <\/mark><a href=\"http:\/\/www.dk9ca.de\" target=\"_blank\" rel=\"noreferrer noopener\">DK9CA Martin<\/a><mark style=\"background-color:rgba(0, 0, 0, 0)\" class=\"has-inline-color has-luminous-vivid-orange-color\"> \/ DL1OAD Herbert \/ DL1OFC Daniel and my location \ud83d\ude09<\/mark><\/strong><\/p>\n\n\n\n<figure class=\"wp-block-image size-large is-style-default\"><a href=\"http:\/\/www.df7er.de\/wp-content\/uploads\/2020\/11\/Hankensbuettel-Funkamteure.jpg\"><img decoding=\"async\" src=\"http:\/\/www.df7er.de\/wp-content\/uploads\/2020\/11\/Hankensbuettel-Funkamteure.jpg\" alt=\"\"\/><\/a><figcaption class=\"wp-element-caption\">Hankensb\u00fcttel radio amateurs card<\/figcaption><\/figure>\n\n\n\n<hr class=\"wp-block-separator has-css-opacity\"\/>\n\n\n\n<p>Historically, Hankensb\u00fcttel belongs to the group of B\u00fcttel localities. The first mention comes from a document from Emperor Heinrich III. from the year 1051, in which the place is evidently mentioned as \"Honengesbuthele\".<br><br>At that time, the Billunger family, followers of the Holy Roman Emperors, ruled the region. Located on important military and trade routes, it quickly developed favorably. Protection was provided by an aristocratic large court whose existence is believed to have existed as early as the 10th century, while a Conradus Honeskesbutle is proven to be the lord of the castle for the 13th century.<br><br>As early as the 11th century, Hankensb\u00fcttel was the center of an extensive parish district and the seat of the episcopal sending court of the Diocese of Hildesheim. In the middle of the 12th century there was also a Gohgericht and a Gohgr\u00e4fenhof. After the Billungers died out in 1106, the region came under the rule of the Guelphs, from 1267 on to the L\u00fcneburg line.<\/p>\n\n\n\n<p>During the Thirty Years' War Hankensb\u00fcttel was in the marching area of \u200b\u200bthe fighting troops, at times the church was misused as an army camp and horse stable.<br><br>In the 18th and 19th centuries, the place experienced the eventful history of the Hanover mansion.<br>During the Seven Years' War (1756\u20131763) Hankensb\u00fcttel was under French rule as well as during the time of the Kingdom of Westphalia (1807\u20131813), and from 1866 it belonged to Prussia.<br><br>As a result of the Prussian district reform in 1885, Hankensb\u00fcttel, which at that time had around 1,200 inhabitants, was incorporated into the Isenhagen district, which was added to the Gifhorn district in 1933.<br>In 1904 Hankensb\u00fcttel was connected to the Celle \u2013 Wittingen railway line. Passenger traffic on this route was discontinued in 1974.<\/p>\n\n\n\n<p>Hankensb\u00fcttel has been the administrative center of the municipality of the same name since 1996.<\/p>\n\n\n\n<hr class=\"wp-block-separator has-css-opacity\"\/>\n\n\n<div class=\"wp-block-image is-style-default\">\n<figure class=\"alignleft size-large\"><img decoding=\"async\" src=\"http:\/\/www.df7er.de\/wp-content\/uploads\/2020\/11\/DF7ER-Wappen-Hankensbuettel.jpg\" alt=\"\"\/><\/figure>\n<\/div>\n\n\n<p>The coat of arms of Hankensb\u00fcttel : \"Divided in green by a silver wavy bar diagonally left. In the center of the arms is an upright golden sword, in the upper right flank a silver abbot's staff and in the lower left flank a silver horseshoe.\" The wavy bar refers to the river Ise, the sword to the administrative and judicial seat of the former Gografschaft, the abbot's staff to the town as an ecclesiastical center as well as the monastery Isenhagen and the horseshoe to the army and trade routes running through the town.<\/p>\n\n\n\n<p>The colors of the municipality of Hankensb\u00fcttel are green-silver (white).<\/p>\n\n\n\n<div style=\"height:20px\" aria-hidden=\"true\" class=\"wp-block-spacer\"><\/div>\n\n\n<div class=\"wp-block-image is-style-default\">\n<figure class=\"alignright size-large is-resized\"><img loading=\"lazy\" decoding=\"async\" src=\"http:\/\/www.df7er.de\/wp-content\/uploads\/2020\/11\/DF7ER-LK-Gifhorn.png\" alt=\"\" width=\"470\" height=\"449\"\/><\/figure>\n<\/div>\n\n\n<p>In Hankensb\u00fcttel, the Otter Center has existed since 1988 on a 6 hectare outdoor area operated by the association \"Aktion Fischotterschutz e. V.\". The facility is located directly on Lake Isenhagen.<\/p>\n\n\n\n<p>Lake Isenhagen was artificially created by dredging in the 1960s. For several hundred years, there were fish ponds of the nearby Isenhagen monastery on the site, which became a meadow in the 19th century.<\/p>\n\n\n\n<p>The Isenhagen Monastery on the outskirts of Hankensb\u00fcttel was founded between 1345 and 1350 as a Cistercian monastery and has been a Protestant nunnery since 1540.<\/p>\n\n\n\n<p>The legendary preservation of the village during the Thirty Years' War is commemorated at the Pig Market. There are bronze sculptures of a small herd of pigs together with a swineherdess.<br><br>According to a local legend, the twelve-year-old swineherdess Juliane Amalie Hinrichsen, called \"P\u00fcddelchen\", was awakened at night by the restlessness of her herd.<br><br>In this way, it warned the town in time of an attack by Wallenstein (according to another tradition, Swedish) troops.<\/p>\n\n\n\n<div style=\"height:20px\" aria-hidden=\"true\" class=\"wp-block-spacer\"><\/div>\n\n\n<div class=\"wp-block-image is-style-default\">\n<figure class=\"alignleft size-large is-resized\"><img loading=\"lazy\" decoding=\"async\" src=\"http:\/\/www.df7er.de\/wp-content\/uploads\/2020\/11\/DF7ER-Otterzentrum.jpg\" alt=\"\" width=\"512\" height=\"295\"\/><\/figure>\n<\/div>\n\n\n<p>The <a rel=\"noreferrer noopener\" href=\"http:\/\/www.otter-zentrum.de\" target=\"_blank\"><strong><span class=\"has-inline-color has-luminous-vivid-orange-color\">Otter-Zentrum<\/span><\/strong><\/a> in Hankensb\u00fcttel in the district of Gifhorn is a nature experience center located on a six-hectare open-air site at Lake Isenhagen.<br>The Otter Center presents the endangered species of otter as well as several related marten species in a natural environment.<br>The facility is run by the association <em>Aktion Fischotterschutz e.V.<\/em>, a state-approved nature conservation organization, and is a much-visited excursion destination on the southern edge of the L\u00fcneburg Heath.<\/p>\n\n\n\n<div style=\"height:20px\" aria-hidden=\"true\" class=\"wp-block-spacer\"><\/div>\n\n\n<div class=\"wp-block-image is-style-default\">\n<figure class=\"alignright size-large is-resized\"><img loading=\"lazy\" decoding=\"async\" src=\"http:\/\/www.df7er.de\/wp-content\/uploads\/2020\/11\/DF7ER-Kirche-Hankensbuettel.jpg\" alt=\"\" width=\"508\" height=\"384\"\/><\/figure>\n<\/div>\n\n\n<p><strong><span class=\"has-inline-color has-luminous-vivid-orange-color\">St.-Pankratius-Kirche Hankensb\u00fcttel<\/span><\/strong><br><br>An exact date for the origin of the church is not known. However, it is certain that at the time of the first documentary mention of Hankensb\u00fcttel in 1051, the place was already the seat of a parish. Therefore, a foundation date in the first millennium can be assumed. The church is dedicated to a young martyr who was beheaded under the Roman emperor Diocletian (284-305).<\/p>\n\n\n\n<div style=\"height:20px\" aria-hidden=\"true\" class=\"wp-block-spacer\"><\/div>\n\n\n<div class=\"wp-block-image is-style-default\">\n<figure class=\"alignleft size-large is-resized\"><img loading=\"lazy\" decoding=\"async\" src=\"http:\/\/www.df7er.de\/wp-content\/uploads\/2020\/11\/DF7ER-Schule-Hankensbuettel.jpg\" alt=\"\" width=\"252\" height=\"300\"\/><\/figure>\n<\/div>\n\n\n<p>The <strong>Gymnasium Hankensb\u00fcttel<\/strong> is a high school in Hankensb\u00fcttel in Lower Saxony.<br>It is the oldest grammar school in the district of Gifhorn and the only grammar school in the so-called Nordkreis, the former district of Isenhagen.<br><\/p>\n\n\n\n<div style=\"height:20px\" aria-hidden=\"true\" class=\"wp-block-spacer\"><\/div>\n\n\n\n<hr class=\"wp-block-separator has-css-opacity\"\/>\n\n\n\n<p><strong><span class=\"has-inline-color has-luminous-vivid-orange-color\">The Lorenz Bahlsen Snack-World GmbH &amp; Co KG Germany<\/span><\/strong><br><br>is a company founded in 1999 in Neu-Isenburg, Germany, that produces snack foods such as potato chips (<em>Crunchips<\/em>), Stapelchips (<em>Chipsletten<\/em>), Salzstangen (<em>Saltletts<\/em> &#8211; fr\u00fcher <em>Salzletten<\/em>) and peanut products (for example <em>Erdnu\u00dfLocken<\/em>) manufactures.<br><br>The plant in Hankensb\u00fcttel has been in existence since 1972.<\/p>\n\n\n\n<hr class=\"wp-block-separator has-css-opacity\"\/>\n\n\n<div class=\"wp-block-image is-style-default\">\n<figure class=\"alignright size-large is-resized\"><img loading=\"lazy\" decoding=\"async\" src=\"http:\/\/www.df7er.de\/wp-content\/uploads\/2020\/11\/ham.png\" alt=\"\" width=\"150\" height=\"300\"\/><\/figure>\n<\/div>\n\n\n<p><br>The <strong>Amateurfunkdienst<\/strong> (kurz: Amateurfunk, englisch: <em>ham radio<\/em> oder <em>amateur radio<\/em>) is a radio service in accordance with the Radio Regulations.<br>In many countries, the international regulations are implemented in national amateur radio laws and the details are specified in amateur radio ordinances and intergovernmental treaties.<br>A participant in the amateur radio service is called a radio amateur and is assigned a unique call sign by the responsible telecommunications authority.<br>The so-called Ham Spirit is considered the guideline for participants in the Amateur Radio Service.<br><br><strong>In Hankensb\u00fcttel we have five stations Andi DH9AF \/ <a rel=\"noreferrer noopener\" href=\"http:\/\/www.dk9ca.de\" target=\"_blank\">Martin DK9CA &#8211; DN8CA<\/a> \/ Herbert DL1OAD \/ DL1OFC Daniel and me <a href=\"http:\/\/www.df7er.de\">DF7ER \/ DN7ML<\/a>.<\/strong><\/p>\n\n\n\n<div style=\"height:20px\" aria-hidden=\"true\" class=\"wp-block-spacer\"><\/div>\n\n\n\n<h3 class=\"wp-block-heading\"><mark style=\"background-color:rgba(0, 0, 0, 0)\" class=\"has-inline-color has-luminous-vivid-orange-color\"><strong>Regular events in Hankensb\u00fctte<\/strong>l<\/mark><\/h3>\n\n\n\n<ul class=\"wp-block-list\">\n<li>Wine festival, 1st weekend in August (even years)<\/li>\n\n\n\n<li>Heidm\u00e4rker-Fest, 1st weekend in August (odd years)<\/li>\n\n\n\n<li>Potato Day, 4th weekend in August<\/li>\n\n\n\n<li>Trade show, 3rd weekend in October<\/li>\n\n\n\n<li>Sch\u00fctzenfest, 1st full weekend in July<\/li>\n\n\n\n<li>Rock against violence, 2nd or 3rd Saturday in November<\/li>\n<\/ul>\n\n\n\n<div style=\"height:20px\" aria-hidden=\"true\" class=\"wp-block-spacer\"><\/div>\n\n\n\n<p class=\"has-text-align-center\"><strong>All info from Wikipedia or written by myself.<\/strong><\/p>\n\n\n<div class=\"wp-block-image is-style-default\">\n<figure class=\"aligncenter size-large\"><a href=\"https:\/\/de.wikipedia.org\/wiki\/Wikipedia:Hauptseite\" target=\"_blank\" rel=\"noopener noreferrer\"><img decoding=\"async\" src=\"http:\/\/www.df7er.de\/wp-content\/uploads\/2020\/11\/logo.png\" alt=\"\"\/><\/a><figcaption class=\"wp-element-caption\">Wikipedia<\/figcaption><\/figure>\n<\/div>","protected":false},"excerpt":{"rendered":"<p>Hankensb\u00fcttel liegt in Niedersachsen im Landkreis Gifhorn.\u00a0 St\u00e4dte im Umkreis sind Salzwedel, Uelzen, Celle, Gifhorn und Wolfsburg.Hankensb\u00fcttel liegt in der H\u00f6he von 95m u.NN die Fl\u00e4che ist 34,82m\u00b2 und haben 4321 Einwohner ( Stand\u00a0 31.12.2010 ) Auf der Luftaufnahme sieht man die f\u00fcnf Amateurfunk Stationen in Hankensb\u00fcttel( unter jeweiligen D sind die H\u00e4user der OM\u00b4s [&hellip;]<\/p>","protected":false},"author":1,"featured_media":0,"parent":0,"menu_order":0,"comment_status":"closed","ping_status":"closed","template":"page-full-width.php","meta":{"ngg_post_thumbnail":0,"footnotes":""},"class_list":["post-15","page","type-page","status-publish","hentry"],"yoast_head":"<!-- This site is optimized with the Yoast SEO plugin v26.9 - https:\/\/yoast.com\/product\/yoast-seo-wordpress\/ -->\n<title>QTH - DF7ER<\/title>\n<meta name=\"description\" content=\"Wo steht meine Station oder besser gesagt wo wohne ich. Hier erfahrt ihr alles \u00fcber meine Wohnort Hankensb\u00fcttel.\" \/>\n<meta name=\"robots\" content=\"index, follow, max-snippet:-1, max-image-preview:large, max-video-preview:-1\" \/>\n<link rel=\"canonical\" href=\"http:\/\/www.df7er.de\/en\/qth\/\" \/>\n<meta property=\"og:locale\" content=\"en_US\" \/>\n<meta property=\"og:type\" content=\"article\" \/>\n<meta property=\"og:title\" content=\"QTH - DF7ER\" \/>\n<meta property=\"og:description\" content=\"Wo steht meine Station oder besser gesagt wo wohne ich. Hier erfahrt ihr alles \u00fcber meine Wohnort Hankensb\u00fcttel.\" \/>\n<meta property=\"og:url\" content=\"http:\/\/www.df7er.de\/en\/qth\/\" \/>\n<meta property=\"og:site_name\" content=\"DF7ER\" \/>\n<meta property=\"article:modified_time\" content=\"2022-12-26T12:44:12+00:00\" \/>\n<meta property=\"og:image\" content=\"http:\/\/www.df7er.de\/wp-content\/uploads\/2020\/11\/Hankensbuettel-Funkamteure.jpg\" \/>\n<meta name=\"twitter:card\" content=\"summary_large_image\" \/>\n<meta name=\"twitter:label1\" content=\"Est. reading time\" \/>\n\t<meta name=\"twitter:data1\" content=\"7 minutes\" \/>\n<script type=\"application\/ld+json\" class=\"yoast-schema-graph\">{\"@context\":\"https:\/\/schema.org\",\"@graph\":[{\"@type\":\"WebPage\",\"@id\":\"http:\/\/www.df7er.de\/qth\/\",\"url\":\"http:\/\/www.df7er.de\/qth\/\",\"name\":\"QTH - DF7ER\",\"isPartOf\":{\"@id\":\"http:\/\/www.df7er.de\/#website\"},\"primaryImageOfPage\":{\"@id\":\"http:\/\/www.df7er.de\/qth\/#primaryimage\"},\"image\":{\"@id\":\"http:\/\/www.df7er.de\/qth\/#primaryimage\"},\"thumbnailUrl\":\"http:\/\/www.df7er.de\/wp-content\/uploads\/2020\/11\/Hankensbuettel-Funkamteure.jpg\",\"datePublished\":\"2020-11-21T12:29:37+00:00\",\"dateModified\":\"2022-12-26T12:44:12+00:00\",\"description\":\"Wo steht meine Station oder besser gesagt wo wohne ich. Hier erfahrt ihr alles \u00fcber meine Wohnort Hankensb\u00fcttel.\",\"breadcrumb\":{\"@id\":\"http:\/\/www.df7er.de\/qth\/#breadcrumb\"},\"inLanguage\":\"en-US\",\"potentialAction\":[{\"@type\":\"ReadAction\",\"target\":[\"http:\/\/www.df7er.de\/qth\/\"]}]},{\"@type\":\"ImageObject\",\"inLanguage\":\"en-US\",\"@id\":\"http:\/\/www.df7er.de\/qth\/#primaryimage\",\"url\":\"http:\/\/www.df7er.de\/wp-content\/uploads\/2020\/11\/Hankensbuettel-Funkamteure.jpg\",\"contentUrl\":\"http:\/\/www.df7er.de\/wp-content\/uploads\/2020\/11\/Hankensbuettel-Funkamteure.jpg\"},{\"@type\":\"BreadcrumbList\",\"@id\":\"http:\/\/www.df7er.de\/qth\/#breadcrumb\",\"itemListElement\":[{\"@type\":\"ListItem\",\"position\":1,\"name\":\"Startseite\",\"item\":\"http:\/\/www.df7er.de\/\"},{\"@type\":\"ListItem\",\"position\":2,\"name\":\"QTH\"}]},{\"@type\":\"WebSite\",\"@id\":\"http:\/\/www.df7er.de\/#website\",\"url\":\"http:\/\/www.df7er.de\/\",\"name\":\"DF7ER German Amateur Radio Station\",\"description\":\"German Amateur Radion Station in JO52HR\",\"publisher\":{\"@id\":\"http:\/\/www.df7er.de\/#\/schema\/person\/653b63e414718c8c68bac56967a2e8ef\"},\"potentialAction\":[{\"@type\":\"SearchAction\",\"target\":{\"@type\":\"EntryPoint\",\"urlTemplate\":\"http:\/\/www.df7er.de\/?s={search_term_string}\"},\"query-input\":{\"@type\":\"PropertyValueSpecification\",\"valueRequired\":true,\"valueName\":\"search_term_string\"}}],\"inLanguage\":\"en-US\"},{\"@type\":[\"Person\",\"Organization\"],\"@id\":\"http:\/\/www.df7er.de\/#\/schema\/person\/653b63e414718c8c68bac56967a2e8ef\",\"name\":\"Sascha DF7ER\",\"image\":{\"@type\":\"ImageObject\",\"inLanguage\":\"en-US\",\"@id\":\"http:\/\/www.df7er.de\/#\/schema\/person\/image\/\",\"url\":\"http:\/\/www.df7er.de\/wp-content\/uploads\/2020\/12\/wolfswarte1.jpg\",\"contentUrl\":\"http:\/\/www.df7er.de\/wp-content\/uploads\/2020\/12\/wolfswarte1.jpg\",\"width\":480,\"height\":360,\"caption\":\"Sascha DF7ER\"},\"logo\":{\"@id\":\"http:\/\/www.df7er.de\/#\/schema\/person\/image\/\"},\"sameAs\":[\"http:\/\/www.df7er.de\"]}]}<\/script>\n<!-- \/ Yoast SEO plugin. -->","yoast_head_json":{"title":"QTH - DF7ER","description":"Wo steht meine Station oder besser gesagt wo wohne ich. Hier erfahrt ihr alles \u00fcber meine Wohnort Hankensb\u00fcttel.","robots":{"index":"index","follow":"follow","max-snippet":"max-snippet:-1","max-image-preview":"max-image-preview:large","max-video-preview":"max-video-preview:-1"},"canonical":"http:\/\/www.df7er.de\/en\/qth\/","og_locale":"en_US","og_type":"article","og_title":"QTH - DF7ER","og_description":"Wo steht meine Station oder besser gesagt wo wohne ich. Hier erfahrt ihr alles \u00fcber meine Wohnort Hankensb\u00fcttel.","og_url":"http:\/\/www.df7er.de\/en\/qth\/","og_site_name":"DF7ER","article_modified_time":"2022-12-26T12:44:12+00:00","og_image":[{"url":"http:\/\/www.df7er.de\/wp-content\/uploads\/2020\/11\/Hankensbuettel-Funkamteure.jpg","type":"","width":"","height":""}],"twitter_card":"summary_large_image","twitter_misc":{"Est. reading time":"7 minutes"},"schema":{"@context":"https:\/\/schema.org","@graph":[{"@type":"WebPage","@id":"http:\/\/www.df7er.de\/qth\/","url":"http:\/\/www.df7er.de\/qth\/","name":"QTH - DF7ER","isPartOf":{"@id":"http:\/\/www.df7er.de\/#website"},"primaryImageOfPage":{"@id":"http:\/\/www.df7er.de\/qth\/#primaryimage"},"image":{"@id":"http:\/\/www.df7er.de\/qth\/#primaryimage"},"thumbnailUrl":"http:\/\/www.df7er.de\/wp-content\/uploads\/2020\/11\/Hankensbuettel-Funkamteure.jpg","datePublished":"2020-11-21T12:29:37+00:00","dateModified":"2022-12-26T12:44:12+00:00","description":"Wo steht meine Station oder besser gesagt wo wohne ich. Hier erfahrt ihr alles \u00fcber meine Wohnort Hankensb\u00fcttel.","breadcrumb":{"@id":"http:\/\/www.df7er.de\/qth\/#breadcrumb"},"inLanguage":"en-US","potentialAction":[{"@type":"ReadAction","target":["http:\/\/www.df7er.de\/qth\/"]}]},{"@type":"ImageObject","inLanguage":"en-US","@id":"http:\/\/www.df7er.de\/qth\/#primaryimage","url":"http:\/\/www.df7er.de\/wp-content\/uploads\/2020\/11\/Hankensbuettel-Funkamteure.jpg","contentUrl":"http:\/\/www.df7er.de\/wp-content\/uploads\/2020\/11\/Hankensbuettel-Funkamteure.jpg"},{"@type":"BreadcrumbList","@id":"http:\/\/www.df7er.de\/qth\/#breadcrumb","itemListElement":[{"@type":"ListItem","position":1,"name":"Startseite","item":"http:\/\/www.df7er.de\/"},{"@type":"ListItem","position":2,"name":"QTH"}]},{"@type":"WebSite","@id":"http:\/\/www.df7er.de\/#website","url":"http:\/\/www.df7er.de\/","name":"DF7ER German Amateur Radio Station","description":"German Amateur Radion Station in JO52HR","publisher":{"@id":"http:\/\/www.df7er.de\/#\/schema\/person\/653b63e414718c8c68bac56967a2e8ef"},"potentialAction":[{"@type":"SearchAction","target":{"@type":"EntryPoint","urlTemplate":"http:\/\/www.df7er.de\/?s={search_term_string}"},"query-input":{"@type":"PropertyValueSpecification","valueRequired":true,"valueName":"search_term_string"}}],"inLanguage":"en-US"},{"@type":["Person","Organization"],"@id":"http:\/\/www.df7er.de\/#\/schema\/person\/653b63e414718c8c68bac56967a2e8ef","name":"Sascha DF7ER","image":{"@type":"ImageObject","inLanguage":"en-US","@id":"http:\/\/www.df7er.de\/#\/schema\/person\/image\/","url":"http:\/\/www.df7er.de\/wp-content\/uploads\/2020\/12\/wolfswarte1.jpg","contentUrl":"http:\/\/www.df7er.de\/wp-content\/uploads\/2020\/12\/wolfswarte1.jpg","width":480,"height":360,"caption":"Sascha DF7ER"},"logo":{"@id":"http:\/\/www.df7er.de\/#\/schema\/person\/image\/"},"sameAs":["http:\/\/www.df7er.de"]}]}},"_links":{"self":[{"href":"http:\/\/www.df7er.de\/en\/wp-json\/wp\/v2\/pages\/15","targetHints":{"allow":["GET"]}}],"collection":[{"href":"http:\/\/www.df7er.de\/en\/wp-json\/wp\/v2\/pages"}],"about":[{"href":"http:\/\/www.df7er.de\/en\/wp-json\/wp\/v2\/types\/page"}],"author":[{"embeddable":true,"href":"http:\/\/www.df7er.de\/en\/wp-json\/wp\/v2\/users\/1"}],"replies":[{"embeddable":true,"href":"http:\/\/www.df7er.de\/en\/wp-json\/wp\/v2\/comments?post=15"}],"version-history":[{"count":7,"href":"http:\/\/www.df7er.de\/en\/wp-json\/wp\/v2\/pages\/15\/revisions"}],"predecessor-version":[{"id":4673,"href":"http:\/\/www.df7er.de\/en\/wp-json\/wp\/v2\/pages\/15\/revisions\/4673"}],"wp:attachment":[{"href":"http:\/\/www.df7er.de\/en\/wp-json\/wp\/v2\/media?parent=15"}],"curies":[{"name":"wp","href":"https:\/\/api.w.org\/{rel}","templated":true}]}}