{"id":13,"date":"2020-11-21T13:29:37","date_gmt":"2020-11-21T12:29:37","guid":{"rendered":"http:\/\/homepage.df7er.de\/?page_id=13"},"modified":"2022-12-28T16:21:59","modified_gmt":"2022-12-28T15:21:59","slug":"ueber-mich","status":"publish","type":"page","link":"http:\/\/www.df7er.de\/en\/ueber-mich\/","title":{"rendered":"About me"},"content":{"rendered":"<p><strong><span class=\"has-inline-color has-luminous-vivid-orange-color\">Hello everyone!\ud83d\ude42<\/span><\/strong><br><br>My name is Sascha and I live happily with my wife Nicole and my two sons in Hankensb\u00fcttel.<br>On July 20th, 2011 I took the amateur radio exam in Bremen and have been using the callsign DO8ER since then.<\/p>\n\n\n<div class=\"wp-block-image is-style-default\">\n<figure class=\"alignright size-large is-resized\"><a href=\"http:\/\/www.df7er.de\/wp-content\/uploads\/2020\/11\/wolfswarte1.jpg\"><img loading=\"lazy\" decoding=\"async\" src=\"http:\/\/www.df7er.de\/wp-content\/uploads\/2020\/11\/wolfswarte1.jpg\" alt=\"\" width=\"476\" height=\"357\"\/><\/a><\/figure>\n<\/div>\n\n\n<p>I dealt with radio very early on, I did my first \"QSO\" many years ago in CB radio. Packet radio was soon one of my hobbyhorses. From 2008, however, I stopped my hobby and didn't do anything on the radio, as many of my previous radio colleagues gave up their hobby and dismantled the stations. At the beginning of 2011, however, I met Daniel (now DL1OFC) again. He sparked my interest in amateur radio and I made the first attempts at walking under his supervision with his training callsign DN1MP.<br><br>After 4 months of preparation, I went to Bremen for the exam.&nbsp;<br><br>At the <span class=\"has-inline-color has-luminous-vivid-orange-color\">15. Juni 2016<\/span> when the time had come after about 5 years with DO callsign, I took my class A in Hanover.<br>One day later my new callsign came in the mail, now it goes with DF7ER on the bands.<\/p>\n\n\n\n<hr class=\"wp-block-separator has-css-opacity\"\/>\n\n\n\n<blockquote class=\"wp-block-quote is-layout-flow wp-block-quote-is-layout-flow\">\n<p><mark style=\"background-color:rgba(0, 0, 0, 0)\" class=\"has-inline-color has-luminous-vivid-orange-color\">QSL &#8211; Info<\/mark><\/p>\n<cite><em><span class=\"has-inline-color has-luminous-vivid-orange-color\">I prefer \"classic\" paper QSL (I love paper QSL cards ) and i send and answer all cards 100% via the Bureau or direct.<br>Shipping QSL cards is once a month via Bureau.<br>Direct QSL cards: PLEASE DO NOT send me IRC or green Stamps.<br>I send eQSL \/ LotW automatically for every contact.<br>QSL requests via Clublog are is ok.<br>SWL reports are welcome and answered 100% via Bureau.<\/span><\/em><\/cite><\/blockquote>\n\n\n\n<hr class=\"wp-block-separator has-css-opacity\"\/>\n\n\n\n<p><mark style=\"background-color:rgba(0, 0, 0, 0)\" class=\"has-inline-color has-luminous-vivid-orange-color\"><strong>I am a member of \u2026<\/strong><\/mark><\/p>\n\n\n<div class=\"wp-block-image is-style-default\">\n<figure class=\"alignleft size-large is-resized\"><img loading=\"lazy\" decoding=\"async\" src=\"http:\/\/www.df7er.de\/wp-content\/uploads\/2020\/11\/Darc.jpg\" alt=\"DARC\" width=\"175\" height=\"125\"\/><\/figure>\n<\/div>\n\n\n<p><a href=\"http:\/\/www.darc.de\" target=\"_blank\" rel=\"noreferrer noopener\"><strong><mark style=\"background-color:rgba(0, 0, 0, 0)\" class=\"has-inline-color has-luminous-vivid-orange-color\">Deutscher Amateur Radio Club e.V.<\/mark><\/strong><\/a><br>Der DARC hat rund 32.800 Mitglieder (Stand Anfang 2021) und ist die gr\u00f6\u00dfte Amateurfunkvereinigung in Deutschland. Ich selbst bin Mitglied im <a href=\"https:\/\/www.darc.de\/der-club\/distrikte\/h\/ortsverbaende\/05\/\">OV Celle Stadt &amp; Land<\/a> (DOK H05).<\/p>\n\n\n\n<div style=\"height:25px\" aria-hidden=\"true\" class=\"wp-block-spacer\"><\/div>\n\n\n<div class=\"wp-block-image is-style-default\">\n<figure class=\"alignleft size-large is-resized\"><img loading=\"lazy\" decoding=\"async\" src=\"http:\/\/www.df7er.de\/wp-content\/uploads\/2020\/11\/epcmember.jpg\" alt=\"\" width=\"175\" height=\"125\"\/><\/figure>\n<\/div>\n\n\n<p><strong><a rel=\"noreferrer noopener\" href=\"http:\/\/epc-dl.de\/\" target=\"_blank\"><span class=\"has-inline-color has-luminous-vivid-orange-color\">European PSK Club<\/span><\/a> &#8211; #25328<\/strong><br>The European PSK Club, EPC for short, is an informal association of licensed radio amateurs and SWLs who are dedicated to digital operating modes, especially PSK modes.<\/p>\n\n\n\n<div style=\"height:25px\" aria-hidden=\"true\" class=\"wp-block-spacer\"><\/div>\n\n\n<div class=\"wp-block-image is-style-default\">\n<figure class=\"alignleft size-large is-resized\"><img loading=\"lazy\" decoding=\"async\" src=\"http:\/\/www.df7er.de\/wp-content\/uploads\/2020\/11\/agmember.png\" alt=\"\" width=\"175\" height=\"125\"\/><\/figure>\n<\/div>\n\n\n<p><a rel=\"noreferrer noopener\" href=\"http:\/\/www.eqsl.cc\" target=\"_blank\"><strong><span class=\"has-inline-color has-luminous-vivid-orange-color\">www.eQSL.cc<\/span><\/strong><\/a><br>I not only send paper cards, but also an eQSL automatically for each QSO. A nice service for those who can't get paper cards.<\/p>\n\n\n\n<div style=\"height:25px\" aria-hidden=\"true\" class=\"wp-block-spacer\"><\/div>\n\n\n\n<hr class=\"wp-block-separator has-css-opacity\"\/>\n\n\n\n<p><strong><span class=\"has-inline-color has-luminous-vivid-orange-color\">DN7ML when I shouldn't be there ...<\/span><\/strong><\/p>\n\n\n\n<div style=\"height:25px\" aria-hidden=\"true\" class=\"wp-block-spacer\"><\/div>\n\n\n<div class=\"wp-block-image is-style-default\">\n<figure class=\"alignright size-large is-resized\"><img loading=\"lazy\" decoding=\"async\" src=\"http:\/\/www.df7er.de\/wp-content\/uploads\/2020\/11\/lukasfunk.jpg\" alt=\"\" width=\"365\" height=\"233\"\/><\/figure>\n<\/div>\n\n\n<p>If dad isn't there, I like to answer the radio.<br>You can reach me under DN7ML.<\/p>","protected":false},"excerpt":{"rendered":"<p>Moin zusammen! \ud83d\ude42 Mein Name ist Sascha und ich lebe gl\u00fccklich mit meiner Frau Nicole und mein beiden S\u00f6hnen in Hankensb\u00fcttel.Am 20.07.2011 habe ich die Amateurfunkpr\u00fcfung in Bremen abgelegt und trage seitdem das Rufzeichen DO8ER. Mit Funk habe ich mich bereits sehr fr\u00fch besch\u00e4ftigt, meine ersten &#8220;QSO&#8221; machte ich vor vielen Jahren im CB-Funk. Bald [&hellip;]<\/p>","protected":false},"author":1,"featured_media":0,"parent":0,"menu_order":0,"comment_status":"closed","ping_status":"closed","template":"page-full-width.php","meta":{"ngg_post_thumbnail":0,"footnotes":""},"class_list":["post-13","page","type-page","status-publish","hentry"],"yoast_head":"<!-- This site is optimized with the Yoast SEO plugin v26.9 - https:\/\/yoast.com\/product\/yoast-seo-wordpress\/ -->\n<title>\u00dcber Mich - DF7ER<\/title>\n<meta name=\"description\" content=\"Alles \u00fcber mich und wie ich zum Amateurfunk gekommen bin. Sowie wann ich meine Pr\u00fcfungen abgelegt habe zu Klasse E &amp; A\" \/>\n<meta name=\"robots\" content=\"index, follow, max-snippet:-1, max-image-preview:large, max-video-preview:-1\" \/>\n<link rel=\"canonical\" href=\"http:\/\/www.df7er.de\/en\/ueber-mich\/\" \/>\n<meta property=\"og:locale\" content=\"en_US\" \/>\n<meta property=\"og:type\" content=\"article\" \/>\n<meta property=\"og:title\" content=\"\u00dcber Mich - DF7ER\" \/>\n<meta property=\"og:description\" content=\"Alles \u00fcber mich und wie ich zum Amateurfunk gekommen bin. Sowie wann ich meine Pr\u00fcfungen abgelegt habe zu Klasse E &amp; A\" \/>\n<meta property=\"og:url\" content=\"http:\/\/www.df7er.de\/en\/ueber-mich\/\" \/>\n<meta property=\"og:site_name\" content=\"DF7ER\" \/>\n<meta property=\"article:modified_time\" content=\"2022-12-28T15:21:59+00:00\" \/>\n<meta property=\"og:image\" content=\"http:\/\/www.df7er.de\/wp-content\/uploads\/2020\/11\/wolfswarte1.jpg\" \/>\n<meta name=\"twitter:card\" content=\"summary_large_image\" \/>\n<meta name=\"twitter:label1\" content=\"Est. reading time\" \/>\n\t<meta name=\"twitter:data1\" content=\"3 minutes\" \/>\n<script type=\"application\/ld+json\" class=\"yoast-schema-graph\">{\"@context\":\"https:\/\/schema.org\",\"@graph\":[{\"@type\":\"WebPage\",\"@id\":\"http:\/\/www.df7er.de\/ueber-mich\/\",\"url\":\"http:\/\/www.df7er.de\/ueber-mich\/\",\"name\":\"\u00dcber Mich - DF7ER\",\"isPartOf\":{\"@id\":\"http:\/\/www.df7er.de\/#website\"},\"primaryImageOfPage\":{\"@id\":\"http:\/\/www.df7er.de\/ueber-mich\/#primaryimage\"},\"image\":{\"@id\":\"http:\/\/www.df7er.de\/ueber-mich\/#primaryimage\"},\"thumbnailUrl\":\"http:\/\/www.df7er.de\/wp-content\/uploads\/2020\/11\/wolfswarte1.jpg\",\"datePublished\":\"2020-11-21T12:29:37+00:00\",\"dateModified\":\"2022-12-28T15:21:59+00:00\",\"description\":\"Alles \u00fcber mich und wie ich zum Amateurfunk gekommen bin. Sowie wann ich meine Pr\u00fcfungen abgelegt habe zu Klasse E & A\",\"breadcrumb\":{\"@id\":\"http:\/\/www.df7er.de\/ueber-mich\/#breadcrumb\"},\"inLanguage\":\"en-US\",\"potentialAction\":[{\"@type\":\"ReadAction\",\"target\":[\"http:\/\/www.df7er.de\/ueber-mich\/\"]}]},{\"@type\":\"ImageObject\",\"inLanguage\":\"en-US\",\"@id\":\"http:\/\/www.df7er.de\/ueber-mich\/#primaryimage\",\"url\":\"http:\/\/www.df7er.de\/wp-content\/uploads\/2020\/11\/wolfswarte1.jpg\",\"contentUrl\":\"http:\/\/www.df7er.de\/wp-content\/uploads\/2020\/11\/wolfswarte1.jpg\"},{\"@type\":\"BreadcrumbList\",\"@id\":\"http:\/\/www.df7er.de\/ueber-mich\/#breadcrumb\",\"itemListElement\":[{\"@type\":\"ListItem\",\"position\":1,\"name\":\"Startseite\",\"item\":\"http:\/\/www.df7er.de\/\"},{\"@type\":\"ListItem\",\"position\":2,\"name\":\"\u00dcber Mich\"}]},{\"@type\":\"WebSite\",\"@id\":\"http:\/\/www.df7er.de\/#website\",\"url\":\"http:\/\/www.df7er.de\/\",\"name\":\"DF7ER German Amateur Radio Station\",\"description\":\"German Amateur Radion Station in JO52HR\",\"publisher\":{\"@id\":\"http:\/\/www.df7er.de\/#\/schema\/person\/653b63e414718c8c68bac56967a2e8ef\"},\"potentialAction\":[{\"@type\":\"SearchAction\",\"target\":{\"@type\":\"EntryPoint\",\"urlTemplate\":\"http:\/\/www.df7er.de\/?s={search_term_string}\"},\"query-input\":{\"@type\":\"PropertyValueSpecification\",\"valueRequired\":true,\"valueName\":\"search_term_string\"}}],\"inLanguage\":\"en-US\"},{\"@type\":[\"Person\",\"Organization\"],\"@id\":\"http:\/\/www.df7er.de\/#\/schema\/person\/653b63e414718c8c68bac56967a2e8ef\",\"name\":\"Sascha DF7ER\",\"image\":{\"@type\":\"ImageObject\",\"inLanguage\":\"en-US\",\"@id\":\"http:\/\/www.df7er.de\/#\/schema\/person\/image\/\",\"url\":\"http:\/\/www.df7er.de\/wp-content\/uploads\/2020\/12\/wolfswarte1.jpg\",\"contentUrl\":\"http:\/\/www.df7er.de\/wp-content\/uploads\/2020\/12\/wolfswarte1.jpg\",\"width\":480,\"height\":360,\"caption\":\"Sascha DF7ER\"},\"logo\":{\"@id\":\"http:\/\/www.df7er.de\/#\/schema\/person\/image\/\"},\"sameAs\":[\"http:\/\/www.df7er.de\"]}]}<\/script>\n<!-- \/ Yoast SEO plugin. -->","yoast_head_json":{"title":"\u00dcber Mich - DF7ER","description":"Alles \u00fcber mich und wie ich zum Amateurfunk gekommen bin. Sowie wann ich meine Pr\u00fcfungen abgelegt habe zu Klasse E & A","robots":{"index":"index","follow":"follow","max-snippet":"max-snippet:-1","max-image-preview":"max-image-preview:large","max-video-preview":"max-video-preview:-1"},"canonical":"http:\/\/www.df7er.de\/en\/ueber-mich\/","og_locale":"en_US","og_type":"article","og_title":"\u00dcber Mich - DF7ER","og_description":"Alles \u00fcber mich und wie ich zum Amateurfunk gekommen bin. Sowie wann ich meine Pr\u00fcfungen abgelegt habe zu Klasse E & A","og_url":"http:\/\/www.df7er.de\/en\/ueber-mich\/","og_site_name":"DF7ER","article_modified_time":"2022-12-28T15:21:59+00:00","og_image":[{"url":"http:\/\/www.df7er.de\/wp-content\/uploads\/2020\/11\/wolfswarte1.jpg","type":"","width":"","height":""}],"twitter_card":"summary_large_image","twitter_misc":{"Est. reading time":"3 minutes"},"schema":{"@context":"https:\/\/schema.org","@graph":[{"@type":"WebPage","@id":"http:\/\/www.df7er.de\/ueber-mich\/","url":"http:\/\/www.df7er.de\/ueber-mich\/","name":"\u00dcber Mich - DF7ER","isPartOf":{"@id":"http:\/\/www.df7er.de\/#website"},"primaryImageOfPage":{"@id":"http:\/\/www.df7er.de\/ueber-mich\/#primaryimage"},"image":{"@id":"http:\/\/www.df7er.de\/ueber-mich\/#primaryimage"},"thumbnailUrl":"http:\/\/www.df7er.de\/wp-content\/uploads\/2020\/11\/wolfswarte1.jpg","datePublished":"2020-11-21T12:29:37+00:00","dateModified":"2022-12-28T15:21:59+00:00","description":"Alles \u00fcber mich und wie ich zum Amateurfunk gekommen bin. Sowie wann ich meine Pr\u00fcfungen abgelegt habe zu Klasse E & A","breadcrumb":{"@id":"http:\/\/www.df7er.de\/ueber-mich\/#breadcrumb"},"inLanguage":"en-US","potentialAction":[{"@type":"ReadAction","target":["http:\/\/www.df7er.de\/ueber-mich\/"]}]},{"@type":"ImageObject","inLanguage":"en-US","@id":"http:\/\/www.df7er.de\/ueber-mich\/#primaryimage","url":"http:\/\/www.df7er.de\/wp-content\/uploads\/2020\/11\/wolfswarte1.jpg","contentUrl":"http:\/\/www.df7er.de\/wp-content\/uploads\/2020\/11\/wolfswarte1.jpg"},{"@type":"BreadcrumbList","@id":"http:\/\/www.df7er.de\/ueber-mich\/#breadcrumb","itemListElement":[{"@type":"ListItem","position":1,"name":"Startseite","item":"http:\/\/www.df7er.de\/"},{"@type":"ListItem","position":2,"name":"\u00dcber Mich"}]},{"@type":"WebSite","@id":"http:\/\/www.df7er.de\/#website","url":"http:\/\/www.df7er.de\/","name":"DF7ER German Amateur Radio Station","description":"German Amateur Radion Station in JO52HR","publisher":{"@id":"http:\/\/www.df7er.de\/#\/schema\/person\/653b63e414718c8c68bac56967a2e8ef"},"potentialAction":[{"@type":"SearchAction","target":{"@type":"EntryPoint","urlTemplate":"http:\/\/www.df7er.de\/?s={search_term_string}"},"query-input":{"@type":"PropertyValueSpecification","valueRequired":true,"valueName":"search_term_string"}}],"inLanguage":"en-US"},{"@type":["Person","Organization"],"@id":"http:\/\/www.df7er.de\/#\/schema\/person\/653b63e414718c8c68bac56967a2e8ef","name":"Sascha DF7ER","image":{"@type":"ImageObject","inLanguage":"en-US","@id":"http:\/\/www.df7er.de\/#\/schema\/person\/image\/","url":"http:\/\/www.df7er.de\/wp-content\/uploads\/2020\/12\/wolfswarte1.jpg","contentUrl":"http:\/\/www.df7er.de\/wp-content\/uploads\/2020\/12\/wolfswarte1.jpg","width":480,"height":360,"caption":"Sascha DF7ER"},"logo":{"@id":"http:\/\/www.df7er.de\/#\/schema\/person\/image\/"},"sameAs":["http:\/\/www.df7er.de"]}]}},"_links":{"self":[{"href":"http:\/\/www.df7er.de\/en\/wp-json\/wp\/v2\/pages\/13","targetHints":{"allow":["GET"]}}],"collection":[{"href":"http:\/\/www.df7er.de\/en\/wp-json\/wp\/v2\/pages"}],"about":[{"href":"http:\/\/www.df7er.de\/en\/wp-json\/wp\/v2\/types\/page"}],"author":[{"embeddable":true,"href":"http:\/\/www.df7er.de\/en\/wp-json\/wp\/v2\/users\/1"}],"replies":[{"embeddable":true,"href":"http:\/\/www.df7er.de\/en\/wp-json\/wp\/v2\/comments?post=13"}],"version-history":[{"count":10,"href":"http:\/\/www.df7er.de\/en\/wp-json\/wp\/v2\/pages\/13\/revisions"}],"predecessor-version":[{"id":4684,"href":"http:\/\/www.df7er.de\/en\/wp-json\/wp\/v2\/pages\/13\/revisions\/4684"}],"wp:attachment":[{"href":"http:\/\/www.df7er.de\/en\/wp-json\/wp\/v2\/media?parent=13"}],"curies":[{"name":"wp","href":"https:\/\/api.w.org\/{rel}","templated":true}]}}