{"id":2662,"date":"2020-12-25T16:32:42","date_gmt":"2020-12-25T15:32:42","guid":{"rendered":"http:\/\/homepage.df7er.de\/?page_id=2662"},"modified":"2022-03-25T12:44:28","modified_gmt":"2022-03-25T11:44:28","slug":"aprs","status":"publish","type":"page","link":"http:\/\/www.df7er.de\/de_de\/aprs\/","title":{"rendered":"APRS"},"content":{"rendered":"\n<p><strong><span class=\"has-inline-color has-luminous-vivid-orange-color\">APRS &#8211; Allgemein<\/span><\/strong><\/p>\n\n\n\n<p>Das Automatic Packet Reporting System (APRS) stellt eine spezielle Form von Packet Radio im Amateurfunkdienst dar.<br>Das System wurde in den 1980er Jahren vom amerikanischen Funkamateur Bob Bruninga (Rufzeichen WB4APR) entwickelt.<br>APRS erm\u00f6glicht die automatisierte Verbreitung von Daten (z. B. GPS-Position, Wetterdaten, kurze Textnachrichten) \u00fcber beliebige Entfernungen im Packet-Radio-Netz. Diese Daten werden auf einheitlichen Simplex-Frequenzen im 2-Meter-Band bei einer Bitrate von 1200 Bit\/s und teilweise auch 70-Zentimeter-Band (dort auch mit einer Bitrate von 9600 Bit\/s) . Um das Packet-Radio-Netz m\u00f6glichst wenig zu belasten, die Daten jedoch m\u00f6glichst global verbreiten zu k\u00f6nnen, werden die einzelnen Datenpakete von den Packet Radio Digipeatern nur soweit per Funk geroutet, bis sie auf einen speziellen APRS-Digipeater (manchmal auch \u201eIGATE\u201c \u2013 als Kurzform f\u00fcr \u201eInternet Gateway\u201c \u2013 genannt) sto\u00dfen.<br>Dabei handelt es sich um einen Packet Radio Digipeater, der an das Internet angeschlossen ist.<br><br>Quelle : <a href=\"https:\/\/de.wikipedia.org\/wiki\/Automatic_Packet_Reporting_System\">Wikipedia<\/a><\/p>\n\n\n\n<div class=\"wp-block-image is-style-default\"><figure class=\"alignleft size-large is-resized\"><a href=\"http:\/\/www.df7er.de\/wp-content\/uploads\/2020\/12\/DO8ER-10.jpg\"><img loading=\"lazy\" decoding=\"async\" src=\"http:\/\/www.df7er.de\/wp-content\/uploads\/2020\/12\/DO8ER-10.jpg\" alt=\"DA9X-10\" width=\"289\" height=\"512\"\/><\/a><\/figure><\/div>\n\n\n\n<p><strong><span class=\"has-inline-color has-luminous-vivid-orange-color\">Zur APRS Station DA9X-10<\/span><\/strong><\/p>\n\n\n\n<p>Zum Einsatz kommt ein Raspberry PI Modell A+ mit der Software APRX 2.8.<br>Anbindung zum Internet erfolgt durch ein W-Lan Stick.<br>Das Ganze ist dann mit dem Stabo TNC 2 verbunden der die Signale dann von der Handfunke bekommt.<br>Als Handfunke kommt das Baofeng UV-5R Plus zum Einsatz. F\u00fcr die Stromversorgung der Handfunke<br>ist ein Batterie Eliminator dran. Als Antenne benutze ich zurzeit die Diamond X510.<br><br>Die Komplette Stromversorgung (Raspberry Pi, Handfunke, TNC usw.) wird durch ein umgebautes PC-Netzteil<br>erledigt. Zurzeit ben\u00f6tigt das System 10 Watt Leistung beim H\u00f6ren und beim senden 25 Watt.<br>Eingebaut ist alles in einem Servergeh\u00e4use.<br><br>Erbaut und ausgedacht hat es Martin <strong><a href=\"http:\/\/dk9ca.de\" data-type=\"URL\" data-id=\"dk9ca.de\">DK9CA<\/a><\/strong>.<\/p>\n\n\n\n<div style=\"height:1px\" aria-hidden=\"true\" class=\"wp-block-spacer\"><\/div>\n\n\n\n<div class=\"wp-block-image is-style-default\"><figure class=\"alignleft size-large is-resized\"><a href=\"http:\/\/www.df7er.de\/wp-content\/uploads\/2020\/12\/aprs3-1024x590.jpg\"><img loading=\"lazy\" decoding=\"async\" src=\"http:\/\/www.df7er.de\/wp-content\/uploads\/2020\/12\/aprs3-1024x590.jpg\" alt=\"\" width=\"512\" height=\"295\"\/><\/a><\/figure><\/div>\n\n\n\n<p>Hier mal ein kleiner Karte von <a href=\"http:\/\/aprs.fi\">APRS.FI<\/a> wo meine Station sich befindet und was so alles in der n\u00e4he ist.<br>Stationsname hat sich ge\u00e4ndert in DA9X-10 vorher DO8ER-10<br><br>Man kann meine Station auch Direkt hier sehen: <a rel=\"noreferrer noopener\" href=\"http:\/\/aprs.fi\/#!mt=roadmap&amp;z=10&amp;call=a%2FDA9X-10&amp;timerange=10800&amp;tail=10800\" target=\"_blank\">klick hier<\/a><\/p>\n\n\n\n<div style=\"height:1px\" aria-hidden=\"true\" class=\"wp-block-spacer\"><\/div>\n\n\n\n<div class=\"wp-block-image is-style-default\"><figure class=\"alignleft size-large is-resized\"><a href=\"http:\/\/www.df7er.de\/wp-content\/uploads\/2020\/12\/aprs2-1024x595.jpg\"><img loading=\"lazy\" decoding=\"async\" src=\"http:\/\/www.df7er.de\/wp-content\/uploads\/2020\/12\/aprs2-1024x595.jpg\" alt=\"\" width=\"512\" height=\"298\"\/><\/a><\/figure><\/div>\n\n\n\n<p>Hier mal eine kleine \u00dcbersichtskarte was ich im August 2015 direkt geh\u00f6rt habe an meine Station.&nbsp;&nbsp;<\/p>\n\n\n\n<div style=\"height:1px\" aria-hidden=\"true\" class=\"wp-block-spacer\"><\/div>\n\n\n\n<div class=\"wp-block-image is-style-default\"><figure class=\"alignleft size-large is-resized\"><a href=\"http:\/\/www.df7er.de\/wp-content\/uploads\/2020\/12\/aprs1-1024x592.jpg\"><img loading=\"lazy\" decoding=\"async\" src=\"http:\/\/www.df7er.de\/wp-content\/uploads\/2020\/12\/aprs1-1024x592.jpg\" alt=\"\" width=\"512\" height=\"296\"\/><\/a><\/figure><\/div>\n\n\n\n<p class=\"has-text-align-center\">Bei der Karte sind alle Sache drin die ich oder ein andere Digi (ohne Internet) geh\u00f6rt hat und die Pakete zu mir gesendet hat.<br>Ich habe dann die Pakete dann ins Internet geleitet.<br><br><strong><span class=\"has-inline-color has-luminous-vivid-orange-color\">Weitere Infos findet man zum Thema APRS auch im Internet unter :<\/span><\/strong><br><br><a href=\"https:\/\/de.wikipedia.org\/wiki\/Automatic_Packet_Reporting_System\">Wikipedia.<\/a><br><a href=\"http:\/\/www.aprs-dl.de\/\">APRS-DL<\/a><br><a href=\"http:\/\/www.aprs-frankfurt.de\/\">APRS-Frankfurt<\/a><br><a href=\"http:\/\/www.darc.de\/distrikte\/g\/25\/anleitungen-vortraege-projekte\/aprs-fuer-einsteiger\/\">DARC APRS f\u00fcr Einsteiger<\/a><\/p>\n\n\n\n<div style=\"height:1px\" aria-hidden=\"true\" class=\"wp-block-spacer\"><\/div>\n\n\n\n<hr class=\"wp-block-separator\"\/>\n","protected":false},"excerpt":{"rendered":"<p>APRS &#8211; Allgemein Das Automatic Packet Reporting System (APRS) stellt eine spezielle Form von Packet Radio im Amateurfunkdienst dar.Das System wurde in den 1980er Jahren vom amerikanischen Funkamateur Bob Bruninga (Rufzeichen WB4APR) entwickelt.APRS erm\u00f6glicht die automatisierte Verbreitung von Daten (z. B. GPS-Position, Wetterdaten, kurze Textnachrichten) \u00fcber beliebige Entfernungen im Packet-Radio-Netz. Diese Daten werden auf einheitlichen [&hellip;]<\/p>\n","protected":false},"author":1,"featured_media":0,"parent":0,"menu_order":0,"comment_status":"closed","ping_status":"closed","template":"page-full-width.php","meta":{"ngg_post_thumbnail":0,"footnotes":""},"class_list":["post-2662","page","type-page","status-publish","hentry"],"yoast_head":"<!-- This site is optimized with the Yoast SEO plugin v26.9 - https:\/\/yoast.com\/product\/yoast-seo-wordpress\/ -->\n<title>APRS - DF7ER<\/title>\n<meta name=\"description\" content=\"APRS Sender in Hankesb\u00fcttel Raspberry Pi Software APRX 2.9\" \/>\n<meta name=\"robots\" content=\"index, follow, max-snippet:-1, max-image-preview:large, max-video-preview:-1\" \/>\n<link rel=\"canonical\" href=\"http:\/\/www.df7er.de\/de_de\/aprs\/\" \/>\n<meta property=\"og:locale\" content=\"de_DE\" \/>\n<meta property=\"og:type\" content=\"article\" \/>\n<meta property=\"og:title\" content=\"APRS - DF7ER\" \/>\n<meta property=\"og:description\" content=\"APRS Sender in Hankesb\u00fcttel Raspberry Pi Software APRX 2.9\" \/>\n<meta property=\"og:url\" content=\"http:\/\/www.df7er.de\/de_de\/aprs\/\" \/>\n<meta property=\"og:site_name\" content=\"DF7ER\" \/>\n<meta property=\"article:modified_time\" content=\"2022-03-25T11:44:28+00:00\" \/>\n<meta property=\"og:image\" content=\"http:\/\/www.df7er.de\/wp-content\/uploads\/2020\/12\/DO8ER-10.jpg\" \/>\n<meta name=\"twitter:card\" content=\"summary_large_image\" \/>\n<meta name=\"twitter:label1\" content=\"Gesch\u00e4tzte Lesezeit\" \/>\n\t<meta name=\"twitter:data1\" content=\"3\u00a0Minuten\" \/>\n<script type=\"application\/ld+json\" class=\"yoast-schema-graph\">{\"@context\":\"https:\/\/schema.org\",\"@graph\":[{\"@type\":\"WebPage\",\"@id\":\"http:\/\/www.df7er.de\/aprs\/\",\"url\":\"http:\/\/www.df7er.de\/aprs\/\",\"name\":\"APRS - DF7ER\",\"isPartOf\":{\"@id\":\"http:\/\/www.df7er.de\/#website\"},\"primaryImageOfPage\":{\"@id\":\"http:\/\/www.df7er.de\/aprs\/#primaryimage\"},\"image\":{\"@id\":\"http:\/\/www.df7er.de\/aprs\/#primaryimage\"},\"thumbnailUrl\":\"http:\/\/www.df7er.de\/wp-content\/uploads\/2020\/12\/DO8ER-10.jpg\",\"datePublished\":\"2020-12-25T15:32:42+00:00\",\"dateModified\":\"2022-03-25T11:44:28+00:00\",\"description\":\"APRS Sender in Hankesb\u00fcttel Raspberry Pi Software APRX 2.9\",\"breadcrumb\":{\"@id\":\"http:\/\/www.df7er.de\/aprs\/#breadcrumb\"},\"inLanguage\":\"de\",\"potentialAction\":[{\"@type\":\"ReadAction\",\"target\":[\"http:\/\/www.df7er.de\/aprs\/\"]}]},{\"@type\":\"ImageObject\",\"inLanguage\":\"de\",\"@id\":\"http:\/\/www.df7er.de\/aprs\/#primaryimage\",\"url\":\"http:\/\/www.df7er.de\/wp-content\/uploads\/2020\/12\/DO8ER-10.jpg\",\"contentUrl\":\"http:\/\/www.df7er.de\/wp-content\/uploads\/2020\/12\/DO8ER-10.jpg\"},{\"@type\":\"BreadcrumbList\",\"@id\":\"http:\/\/www.df7er.de\/aprs\/#breadcrumb\",\"itemListElement\":[{\"@type\":\"ListItem\",\"position\":1,\"name\":\"Startseite\",\"item\":\"http:\/\/www.df7er.de\/\"},{\"@type\":\"ListItem\",\"position\":2,\"name\":\"APRS\"}]},{\"@type\":\"WebSite\",\"@id\":\"http:\/\/www.df7er.de\/#website\",\"url\":\"http:\/\/www.df7er.de\/\",\"name\":\"DF7ER German Amateur Radio Station\",\"description\":\"German Amateur Radion Station in JO52HR\",\"publisher\":{\"@id\":\"http:\/\/www.df7er.de\/#\/schema\/person\/653b63e414718c8c68bac56967a2e8ef\"},\"potentialAction\":[{\"@type\":\"SearchAction\",\"target\":{\"@type\":\"EntryPoint\",\"urlTemplate\":\"http:\/\/www.df7er.de\/?s={search_term_string}\"},\"query-input\":{\"@type\":\"PropertyValueSpecification\",\"valueRequired\":true,\"valueName\":\"search_term_string\"}}],\"inLanguage\":\"de\"},{\"@type\":[\"Person\",\"Organization\"],\"@id\":\"http:\/\/www.df7er.de\/#\/schema\/person\/653b63e414718c8c68bac56967a2e8ef\",\"name\":\"Sascha DF7ER\",\"image\":{\"@type\":\"ImageObject\",\"inLanguage\":\"de\",\"@id\":\"http:\/\/www.df7er.de\/#\/schema\/person\/image\/\",\"url\":\"http:\/\/www.df7er.de\/wp-content\/uploads\/2020\/12\/wolfswarte1.jpg\",\"contentUrl\":\"http:\/\/www.df7er.de\/wp-content\/uploads\/2020\/12\/wolfswarte1.jpg\",\"width\":480,\"height\":360,\"caption\":\"Sascha DF7ER\"},\"logo\":{\"@id\":\"http:\/\/www.df7er.de\/#\/schema\/person\/image\/\"},\"sameAs\":[\"http:\/\/www.df7er.de\"]}]}<\/script>\n<!-- \/ Yoast SEO plugin. -->","yoast_head_json":{"title":"APRS - DF7ER","description":"APRS Sender in Hankesb\u00fcttel Raspberry Pi Software APRX 2.9","robots":{"index":"index","follow":"follow","max-snippet":"max-snippet:-1","max-image-preview":"max-image-preview:large","max-video-preview":"max-video-preview:-1"},"canonical":"http:\/\/www.df7er.de\/de_de\/aprs\/","og_locale":"de_DE","og_type":"article","og_title":"APRS - DF7ER","og_description":"APRS Sender in Hankesb\u00fcttel Raspberry Pi Software APRX 2.9","og_url":"http:\/\/www.df7er.de\/de_de\/aprs\/","og_site_name":"DF7ER","article_modified_time":"2022-03-25T11:44:28+00:00","og_image":[{"url":"http:\/\/www.df7er.de\/wp-content\/uploads\/2020\/12\/DO8ER-10.jpg","type":"","width":"","height":""}],"twitter_card":"summary_large_image","twitter_misc":{"Gesch\u00e4tzte Lesezeit":"3\u00a0Minuten"},"schema":{"@context":"https:\/\/schema.org","@graph":[{"@type":"WebPage","@id":"http:\/\/www.df7er.de\/aprs\/","url":"http:\/\/www.df7er.de\/aprs\/","name":"APRS - DF7ER","isPartOf":{"@id":"http:\/\/www.df7er.de\/#website"},"primaryImageOfPage":{"@id":"http:\/\/www.df7er.de\/aprs\/#primaryimage"},"image":{"@id":"http:\/\/www.df7er.de\/aprs\/#primaryimage"},"thumbnailUrl":"http:\/\/www.df7er.de\/wp-content\/uploads\/2020\/12\/DO8ER-10.jpg","datePublished":"2020-12-25T15:32:42+00:00","dateModified":"2022-03-25T11:44:28+00:00","description":"APRS Sender in Hankesb\u00fcttel Raspberry Pi Software APRX 2.9","breadcrumb":{"@id":"http:\/\/www.df7er.de\/aprs\/#breadcrumb"},"inLanguage":"de","potentialAction":[{"@type":"ReadAction","target":["http:\/\/www.df7er.de\/aprs\/"]}]},{"@type":"ImageObject","inLanguage":"de","@id":"http:\/\/www.df7er.de\/aprs\/#primaryimage","url":"http:\/\/www.df7er.de\/wp-content\/uploads\/2020\/12\/DO8ER-10.jpg","contentUrl":"http:\/\/www.df7er.de\/wp-content\/uploads\/2020\/12\/DO8ER-10.jpg"},{"@type":"BreadcrumbList","@id":"http:\/\/www.df7er.de\/aprs\/#breadcrumb","itemListElement":[{"@type":"ListItem","position":1,"name":"Startseite","item":"http:\/\/www.df7er.de\/"},{"@type":"ListItem","position":2,"name":"APRS"}]},{"@type":"WebSite","@id":"http:\/\/www.df7er.de\/#website","url":"http:\/\/www.df7er.de\/","name":"DF7ER German Amateur Radio Station","description":"German Amateur Radion Station in JO52HR","publisher":{"@id":"http:\/\/www.df7er.de\/#\/schema\/person\/653b63e414718c8c68bac56967a2e8ef"},"potentialAction":[{"@type":"SearchAction","target":{"@type":"EntryPoint","urlTemplate":"http:\/\/www.df7er.de\/?s={search_term_string}"},"query-input":{"@type":"PropertyValueSpecification","valueRequired":true,"valueName":"search_term_string"}}],"inLanguage":"de"},{"@type":["Person","Organization"],"@id":"http:\/\/www.df7er.de\/#\/schema\/person\/653b63e414718c8c68bac56967a2e8ef","name":"Sascha DF7ER","image":{"@type":"ImageObject","inLanguage":"de","@id":"http:\/\/www.df7er.de\/#\/schema\/person\/image\/","url":"http:\/\/www.df7er.de\/wp-content\/uploads\/2020\/12\/wolfswarte1.jpg","contentUrl":"http:\/\/www.df7er.de\/wp-content\/uploads\/2020\/12\/wolfswarte1.jpg","width":480,"height":360,"caption":"Sascha DF7ER"},"logo":{"@id":"http:\/\/www.df7er.de\/#\/schema\/person\/image\/"},"sameAs":["http:\/\/www.df7er.de"]}]}},"_links":{"self":[{"href":"http:\/\/www.df7er.de\/de_de\/wp-json\/wp\/v2\/pages\/2662","targetHints":{"allow":["GET"]}}],"collection":[{"href":"http:\/\/www.df7er.de\/de_de\/wp-json\/wp\/v2\/pages"}],"about":[{"href":"http:\/\/www.df7er.de\/de_de\/wp-json\/wp\/v2\/types\/page"}],"author":[{"embeddable":true,"href":"http:\/\/www.df7er.de\/de_de\/wp-json\/wp\/v2\/users\/1"}],"replies":[{"embeddable":true,"href":"http:\/\/www.df7er.de\/de_de\/wp-json\/wp\/v2\/comments?post=2662"}],"version-history":[{"count":7,"href":"http:\/\/www.df7er.de\/de_de\/wp-json\/wp\/v2\/pages\/2662\/revisions"}],"predecessor-version":[{"id":4150,"href":"http:\/\/www.df7er.de\/de_de\/wp-json\/wp\/v2\/pages\/2662\/revisions\/4150"}],"wp:attachment":[{"href":"http:\/\/www.df7er.de\/de_de\/wp-json\/wp\/v2\/media?parent=2662"}],"curies":[{"name":"wp","href":"https:\/\/api.w.org\/{rel}","templated":true}]}}