{"id":2573,"date":"2020-12-25T14:28:51","date_gmt":"2020-12-25T13:28:51","guid":{"rendered":"http:\/\/homepage.df7er.de\/?page_id=2573"},"modified":"2022-03-25T13:45:33","modified_gmt":"2022-03-25T12:45:33","slug":"interradio","status":"publish","type":"page","link":"http:\/\/www.df7er.de\/de_de\/interradio\/","title":{"rendered":"Interradio"},"content":{"rendered":"\n<div class=\"wp-block-image is-style-default\"><figure class=\"alignright size-large is-resized\"><a href=\"http:\/\/www.df7er.de\/wp-content\/uploads\/2020\/12\/interradio.jpg\"><img loading=\"lazy\" decoding=\"async\" src=\"http:\/\/www.df7er.de\/wp-content\/uploads\/2020\/12\/interradio.jpg\" alt=\"\" width=\"362\" height=\"512\"\/><\/a><\/figure><\/div>\n\n\n\n<p><strong><span class=\"has-inline-color has-luminous-vivid-orange-color\">Am 27.10.2012 fande die 31. Interradio in Hannover statt.<\/span><\/strong><br>Da ich sowas noch nicht kenne sind Martin DO1CA und ich um 10 Uhr aus Hankensb\u00fcttel gestartet.<br><br>Man konnte sehr gut st\u00f6bern in denn St\u00e4nden, auch die Firmen hatten sch\u00f6ne Sachen mitgebracht.<br><br>Das sch\u00f6nste war das man viele OM\u00b4s gesehen und geredet hat die man so vom Amateurfunk kennt.<br>Die kleinen Kl\u00f6nrunden mit denn OM\u00b4s hat Spa\u00df gemacht.<br><br><br>Hier mal eine paar OM\u00b4s die man getroffen hat :<br><br><strong>Arne DL4OCE, Michael DL5OCD, Siggi DL6OCM, Michael DF2OK, Ralf DJ6OL, Dieter DO1ODM, Stefan DL1IN mit YL Katharina DO2IN, Holger DO1FY und viele mehr.<\/strong>&nbsp;&nbsp;<\/p>\n\n\n\n<div style=\"height:1px\" aria-hidden=\"true\" class=\"wp-block-spacer\"><\/div>\n\n\n\n<div class=\"wp-block-image is-style-default\"><figure class=\"alignright size-large is-resized\"><a href=\"http:\/\/www.df7er.de\/wp-content\/uploads\/2020\/12\/interradio1.jpg\"><img loading=\"lazy\" decoding=\"async\" src=\"http:\/\/www.df7er.de\/wp-content\/uploads\/2020\/12\/interradio1.jpg\" alt=\"\" width=\"512\" height=\"384\"\/><\/a><\/figure><\/div>\n\n\n\n<p>OK ich habe die Foto\u00b4s leicht zusp\u00e4t gemacht.<br>Einige waren schon beim Abbau.<\/p>\n\n\n\n<div style=\"height:1px\" aria-hidden=\"true\" class=\"wp-block-spacer\"><\/div>\n\n\n\n<div class=\"wp-block-image is-style-default\"><figure class=\"alignright size-large is-resized\"><a href=\"http:\/\/www.df7er.de\/wp-content\/uploads\/2020\/12\/interradio2.jpg\"><img loading=\"lazy\" decoding=\"async\" src=\"http:\/\/www.df7er.de\/wp-content\/uploads\/2020\/12\/interradio2.jpg\" alt=\"\" width=\"512\" height=\"384\"\/><\/a><\/figure><\/div>\n\n\n\n<p>Nur mal so ein kleiner \u00dcberblick wie gro\u00df die Halle ist.<br>Ist aber nur ein kleiner Teil.&nbsp;&nbsp;<br><\/p>\n\n\n\n<div style=\"height:1px\" aria-hidden=\"true\" class=\"wp-block-spacer\"><\/div>\n\n\n\n<div class=\"wp-block-image is-style-default\"><figure class=\"alignright size-large is-resized\"><a href=\"http:\/\/www.df7er.de\/wp-content\/uploads\/2020\/12\/interradio3-rotated.jpg\"><img loading=\"lazy\" decoding=\"async\" src=\"http:\/\/www.df7er.de\/wp-content\/uploads\/2020\/12\/interradio3-rotated.jpg\" alt=\"\" width=\"428\" height=\"384\"\/><\/a><\/figure><\/div>\n\n\n\n<p>Der Tag wahr sch\u00f6n und ich denke mal n\u00e4chstes Jahr bin auch wieder mit dabei.<br><br>N\u00e4chste Interradio in Hannover findet am 26.10.2013 statt.<br><br>Bis zum n\u00e4chste Mal<br>73 de Sascha DF7ER &nbsp;<\/p>\n\n\n\n<div style=\"height:1px\" aria-hidden=\"true\" class=\"wp-block-spacer\"><\/div>\n\n\n\n<hr class=\"wp-block-separator\"\/>\n","protected":false},"excerpt":{"rendered":"<p>Am 27.10.2012 fande die 31. Interradio in Hannover statt.Da ich sowas noch nicht kenne sind Martin DO1CA und ich um 10 Uhr aus Hankensb\u00fcttel gestartet. Man konnte sehr gut st\u00f6bern in denn St\u00e4nden, auch die Firmen hatten sch\u00f6ne Sachen mitgebracht. Das sch\u00f6nste war das man viele OM\u00b4s gesehen und geredet hat die man so vom [&hellip;]<\/p>\n","protected":false},"author":1,"featured_media":0,"parent":0,"menu_order":0,"comment_status":"closed","ping_status":"closed","template":"page-full-width.php","meta":{"ngg_post_thumbnail":0,"footnotes":""},"class_list":["post-2573","page","type-page","status-publish","hentry"],"yoast_head":"<!-- This site is optimized with the Yoast SEO plugin v26.9 - https:\/\/yoast.com\/product\/yoast-seo-wordpress\/ -->\n<title>Interradio - DF7ER<\/title>\n<meta name=\"description\" content=\"Am 27.10.2012 fande die 31. Interradio in Hannover statt. Und ich habe mal eine kleinen Besuch dahin gemacht.\" \/>\n<meta name=\"robots\" content=\"index, follow, max-snippet:-1, max-image-preview:large, max-video-preview:-1\" \/>\n<link rel=\"canonical\" href=\"http:\/\/www.df7er.de\/de_de\/interradio\/\" \/>\n<meta property=\"og:locale\" content=\"de_DE\" \/>\n<meta property=\"og:type\" content=\"article\" \/>\n<meta property=\"og:title\" content=\"Interradio - DF7ER\" \/>\n<meta property=\"og:description\" content=\"Am 27.10.2012 fande die 31. Interradio in Hannover statt. Und ich habe mal eine kleinen Besuch dahin gemacht.\" \/>\n<meta property=\"og:url\" content=\"http:\/\/www.df7er.de\/de_de\/interradio\/\" \/>\n<meta property=\"og:site_name\" content=\"DF7ER\" \/>\n<meta property=\"article:modified_time\" content=\"2022-03-25T12:45:33+00:00\" \/>\n<meta property=\"og:image\" content=\"http:\/\/www.df7er.de\/wp-content\/uploads\/2020\/12\/interradio.jpg\" \/>\n<meta name=\"twitter:card\" content=\"summary_large_image\" \/>\n<meta name=\"twitter:label1\" content=\"Gesch\u00e4tzte Lesezeit\" \/>\n\t<meta name=\"twitter:data1\" content=\"2\u00a0Minuten\" \/>\n<script type=\"application\/ld+json\" class=\"yoast-schema-graph\">{\"@context\":\"https:\/\/schema.org\",\"@graph\":[{\"@type\":\"WebPage\",\"@id\":\"http:\/\/www.df7er.de\/interradio\/\",\"url\":\"http:\/\/www.df7er.de\/interradio\/\",\"name\":\"Interradio - DF7ER\",\"isPartOf\":{\"@id\":\"http:\/\/www.df7er.de\/#website\"},\"primaryImageOfPage\":{\"@id\":\"http:\/\/www.df7er.de\/interradio\/#primaryimage\"},\"image\":{\"@id\":\"http:\/\/www.df7er.de\/interradio\/#primaryimage\"},\"thumbnailUrl\":\"http:\/\/www.df7er.de\/wp-content\/uploads\/2020\/12\/interradio.jpg\",\"datePublished\":\"2020-12-25T13:28:51+00:00\",\"dateModified\":\"2022-03-25T12:45:33+00:00\",\"description\":\"Am 27.10.2012 fande die 31. Interradio in Hannover statt. Und ich habe mal eine kleinen Besuch dahin gemacht.\",\"breadcrumb\":{\"@id\":\"http:\/\/www.df7er.de\/interradio\/#breadcrumb\"},\"inLanguage\":\"de\",\"potentialAction\":[{\"@type\":\"ReadAction\",\"target\":[\"http:\/\/www.df7er.de\/interradio\/\"]}]},{\"@type\":\"ImageObject\",\"inLanguage\":\"de\",\"@id\":\"http:\/\/www.df7er.de\/interradio\/#primaryimage\",\"url\":\"http:\/\/www.df7er.de\/wp-content\/uploads\/2020\/12\/interradio.jpg\",\"contentUrl\":\"http:\/\/www.df7er.de\/wp-content\/uploads\/2020\/12\/interradio.jpg\"},{\"@type\":\"BreadcrumbList\",\"@id\":\"http:\/\/www.df7er.de\/interradio\/#breadcrumb\",\"itemListElement\":[{\"@type\":\"ListItem\",\"position\":1,\"name\":\"Startseite\",\"item\":\"http:\/\/www.df7er.de\/\"},{\"@type\":\"ListItem\",\"position\":2,\"name\":\"Interradio\"}]},{\"@type\":\"WebSite\",\"@id\":\"http:\/\/www.df7er.de\/#website\",\"url\":\"http:\/\/www.df7er.de\/\",\"name\":\"DF7ER German Amateur Radio Station\",\"description\":\"German Amateur Radion Station in JO52HR\",\"publisher\":{\"@id\":\"http:\/\/www.df7er.de\/#\/schema\/person\/653b63e414718c8c68bac56967a2e8ef\"},\"potentialAction\":[{\"@type\":\"SearchAction\",\"target\":{\"@type\":\"EntryPoint\",\"urlTemplate\":\"http:\/\/www.df7er.de\/?s={search_term_string}\"},\"query-input\":{\"@type\":\"PropertyValueSpecification\",\"valueRequired\":true,\"valueName\":\"search_term_string\"}}],\"inLanguage\":\"de\"},{\"@type\":[\"Person\",\"Organization\"],\"@id\":\"http:\/\/www.df7er.de\/#\/schema\/person\/653b63e414718c8c68bac56967a2e8ef\",\"name\":\"Sascha DF7ER\",\"image\":{\"@type\":\"ImageObject\",\"inLanguage\":\"de\",\"@id\":\"http:\/\/www.df7er.de\/#\/schema\/person\/image\/\",\"url\":\"http:\/\/www.df7er.de\/wp-content\/uploads\/2020\/12\/wolfswarte1.jpg\",\"contentUrl\":\"http:\/\/www.df7er.de\/wp-content\/uploads\/2020\/12\/wolfswarte1.jpg\",\"width\":480,\"height\":360,\"caption\":\"Sascha DF7ER\"},\"logo\":{\"@id\":\"http:\/\/www.df7er.de\/#\/schema\/person\/image\/\"},\"sameAs\":[\"http:\/\/www.df7er.de\"]}]}<\/script>\n<!-- \/ Yoast SEO plugin. -->","yoast_head_json":{"title":"Interradio - DF7ER","description":"Am 27.10.2012 fande die 31. Interradio in Hannover statt. Und ich habe mal eine kleinen Besuch dahin gemacht.","robots":{"index":"index","follow":"follow","max-snippet":"max-snippet:-1","max-image-preview":"max-image-preview:large","max-video-preview":"max-video-preview:-1"},"canonical":"http:\/\/www.df7er.de\/de_de\/interradio\/","og_locale":"de_DE","og_type":"article","og_title":"Interradio - DF7ER","og_description":"Am 27.10.2012 fande die 31. Interradio in Hannover statt. Und ich habe mal eine kleinen Besuch dahin gemacht.","og_url":"http:\/\/www.df7er.de\/de_de\/interradio\/","og_site_name":"DF7ER","article_modified_time":"2022-03-25T12:45:33+00:00","og_image":[{"url":"http:\/\/www.df7er.de\/wp-content\/uploads\/2020\/12\/interradio.jpg","type":"","width":"","height":""}],"twitter_card":"summary_large_image","twitter_misc":{"Gesch\u00e4tzte Lesezeit":"2\u00a0Minuten"},"schema":{"@context":"https:\/\/schema.org","@graph":[{"@type":"WebPage","@id":"http:\/\/www.df7er.de\/interradio\/","url":"http:\/\/www.df7er.de\/interradio\/","name":"Interradio - DF7ER","isPartOf":{"@id":"http:\/\/www.df7er.de\/#website"},"primaryImageOfPage":{"@id":"http:\/\/www.df7er.de\/interradio\/#primaryimage"},"image":{"@id":"http:\/\/www.df7er.de\/interradio\/#primaryimage"},"thumbnailUrl":"http:\/\/www.df7er.de\/wp-content\/uploads\/2020\/12\/interradio.jpg","datePublished":"2020-12-25T13:28:51+00:00","dateModified":"2022-03-25T12:45:33+00:00","description":"Am 27.10.2012 fande die 31. Interradio in Hannover statt. Und ich habe mal eine kleinen Besuch dahin gemacht.","breadcrumb":{"@id":"http:\/\/www.df7er.de\/interradio\/#breadcrumb"},"inLanguage":"de","potentialAction":[{"@type":"ReadAction","target":["http:\/\/www.df7er.de\/interradio\/"]}]},{"@type":"ImageObject","inLanguage":"de","@id":"http:\/\/www.df7er.de\/interradio\/#primaryimage","url":"http:\/\/www.df7er.de\/wp-content\/uploads\/2020\/12\/interradio.jpg","contentUrl":"http:\/\/www.df7er.de\/wp-content\/uploads\/2020\/12\/interradio.jpg"},{"@type":"BreadcrumbList","@id":"http:\/\/www.df7er.de\/interradio\/#breadcrumb","itemListElement":[{"@type":"ListItem","position":1,"name":"Startseite","item":"http:\/\/www.df7er.de\/"},{"@type":"ListItem","position":2,"name":"Interradio"}]},{"@type":"WebSite","@id":"http:\/\/www.df7er.de\/#website","url":"http:\/\/www.df7er.de\/","name":"DF7ER German Amateur Radio Station","description":"German Amateur Radion Station in JO52HR","publisher":{"@id":"http:\/\/www.df7er.de\/#\/schema\/person\/653b63e414718c8c68bac56967a2e8ef"},"potentialAction":[{"@type":"SearchAction","target":{"@type":"EntryPoint","urlTemplate":"http:\/\/www.df7er.de\/?s={search_term_string}"},"query-input":{"@type":"PropertyValueSpecification","valueRequired":true,"valueName":"search_term_string"}}],"inLanguage":"de"},{"@type":["Person","Organization"],"@id":"http:\/\/www.df7er.de\/#\/schema\/person\/653b63e414718c8c68bac56967a2e8ef","name":"Sascha DF7ER","image":{"@type":"ImageObject","inLanguage":"de","@id":"http:\/\/www.df7er.de\/#\/schema\/person\/image\/","url":"http:\/\/www.df7er.de\/wp-content\/uploads\/2020\/12\/wolfswarte1.jpg","contentUrl":"http:\/\/www.df7er.de\/wp-content\/uploads\/2020\/12\/wolfswarte1.jpg","width":480,"height":360,"caption":"Sascha DF7ER"},"logo":{"@id":"http:\/\/www.df7er.de\/#\/schema\/person\/image\/"},"sameAs":["http:\/\/www.df7er.de"]}]}},"_links":{"self":[{"href":"http:\/\/www.df7er.de\/de_de\/wp-json\/wp\/v2\/pages\/2573","targetHints":{"allow":["GET"]}}],"collection":[{"href":"http:\/\/www.df7er.de\/de_de\/wp-json\/wp\/v2\/pages"}],"about":[{"href":"http:\/\/www.df7er.de\/de_de\/wp-json\/wp\/v2\/types\/page"}],"author":[{"embeddable":true,"href":"http:\/\/www.df7er.de\/de_de\/wp-json\/wp\/v2\/users\/1"}],"replies":[{"embeddable":true,"href":"http:\/\/www.df7er.de\/de_de\/wp-json\/wp\/v2\/comments?post=2573"}],"version-history":[{"count":4,"href":"http:\/\/www.df7er.de\/de_de\/wp-json\/wp\/v2\/pages\/2573\/revisions"}],"predecessor-version":[{"id":4175,"href":"http:\/\/www.df7er.de\/de_de\/wp-json\/wp\/v2\/pages\/2573\/revisions\/4175"}],"wp:attachment":[{"href":"http:\/\/www.df7er.de\/de_de\/wp-json\/wp\/v2\/media?parent=2573"}],"curies":[{"name":"wp","href":"https:\/\/api.w.org\/{rel}","templated":true}]}}