{"id":2398,"date":"2020-12-13T10:32:56","date_gmt":"2020-12-13T09:32:56","guid":{"rendered":"http:\/\/homepage.df7er.de\/?page_id=2398"},"modified":"2022-03-25T13:01:11","modified_gmt":"2022-03-25T12:01:11","slug":"wettrsonden-was-ist-das","status":"publish","type":"page","link":"http:\/\/www.df7er.de\/de_de\/wettrsonden-was-ist-das\/","title":{"rendered":"Wettersonden &#8211; Was ist das ?"},"content":{"rendered":"\n<p class=\"has-text-align-center\"><strong><span class=\"has-inline-color has-luminous-vivid-orange-color\">Wettersonden was ist das ?<br>Wie finde ich eine Wettersonde ?<\/span><\/strong><br><br>Die Radiosonde (Wettersonde) ist ein Messger\u00e4t, das in der Aerologie eingesetzt wird. Sie dient der direkten Messwertentnahme in der Atmosph\u00e4re.<br>Es entsteht ein genaues Bild \u00fcber den momentanen Zustand der einzelnen Luftschichten.<br><br>Dem Namen entsprechend besteht das Ger\u00e4t aus einem Sendeteil (Radio-) und einem Teil mit Messf\u00fchlern (-sonde).<br>Direkt gemessen werden der <strong>Luftdruck<\/strong>, die <strong>Luftfeuchte <\/strong>und die <strong>Lufttemperatur<\/strong>. Indirekt wird aus dem <strong>Windversatz <\/strong>der Radiosonde der <strong>H\u00f6henwind <\/strong>bestimmt.<br><br>Die Radiosonde wird mit Hilfe eines Gasballons vom Startplatz aus bis in gro\u00dfe H\u00f6hen bef\u00f6rdert (Aufstiegsgeschwindigkeit ca. 300 m\/min).<br>W\u00e4hrend dieses Aufstieges werden \u00fcber die Messf\u00fchler st\u00e4ndig Messwerte genommen und \u00fcber die Sendeeinheit an die Bodenempfangsstation \u00fcbertragen.<br>Die Verfolgung der Ballonposition zur H\u00f6henwindbestimmung geschieht auf verschiedene Art und Weise, am verbreitetsten ist die Radarverfolgung oder die<br>Verfolgung mit Hilfe von GPS (Global Position System).<\/p>\n\n\n\n<p class=\"has-text-align-center\">Damit die Sonde \u00fcberhaupt fliegen kann, wird ein schlaff gef\u00fcllter gro\u00dfer Helium- oder Wasserstoffballon aus Latex daran befestigt.<br>Mit zunehmender H\u00f6he wird der Ballon durch den abnehmenden Luftdruck immer praller und platzt schlie\u00dflich,<br>da sich das Gas im Innern auf ein Vielfaches des Volumens am Boden ausgedehnt hat.<br><br>Bis er in ca. 20-30km H\u00f6he platzt (Rekord DWD bei etwa 39 km bzw. 2,5 hPa).<\/p>\n\n\n\n<p class=\"has-text-align-center\">Nun beginnt die Sonde wieder zur Erde zur\u00fcckzufallen. Damit sie nicht einfach auf den Boden prallt, ist sie oft mit einem<br>kleinen Fallschirm ausger\u00fcstet. Es hat sich aber herausgestellt, dass der kleine Fallschirm meist wenig n\u00fctzt und sich oft<br>auch mit den Schn\u00fcren verknotet und sich nicht entfaltet. Es hei\u00dft, dass er aus Versicherungsgr\u00fcnden trotzdem verwendet werden muss.<\/p>\n\n\n\n<hr class=\"wp-block-separator\"\/>\n\n\n\n<div class=\"wp-block-image is-style-default\"><figure class=\"alignleft size-large is-resized\"><a href=\"http:\/\/www.df7er.de\/wp-content\/uploads\/2020\/12\/RS92SGPA-Essen.jpg\"><img loading=\"lazy\" decoding=\"async\" src=\"http:\/\/www.df7er.de\/wp-content\/uploads\/2020\/12\/RS92SGPA-Essen.jpg\" alt=\"\" width=\"512\" height=\"289\"\/><\/a><\/figure><\/div>\n\n\n\n<p><strong><span class=\"has-inline-color has-luminous-vivid-orange-color\">Die Radiosonde VAISALA RS92-SGP<\/span><\/strong><br><br>Die Abmessungen der Sonde : H\u00f6he : 90mm (190mm mit dem Me\u00dff\u00fchler), Breite : 70mm, Tiefe : 75mm<br>Gewicht : 270g mit Batterien<br>Frequenz : fest und sehr stabil und einstellbar zwischen 400 et 406&nbsp;MHz im 20 kHz-Raster. Jede Sondenstartstation kann ihre bevorzugte Frequenz einstellen, was uns die Zuordnung sehr erleichtert. Nach dem Aufschlag bleibt die Sendefrequenz gleich. Die benutzte Bandbreite ist relativ schmal (etwa 20 kHz).<br>Stromversorgung : &#8211; RS92-SGPD- Block von 6 Alkalibatterien LR6. Spannung 9 Volt. Die Batterien sind durch eine Schale aus Polystyren gegen die K\u00e4lte gesch\u00fctzt. Die bei den Batterien liegenden R\u00f6hrchen mit Wasser dienen der Gewichtsanpassung um bei wechselnder Batteriebest\u00fcckung voll kompatibel zu sein.<br>Lebensdauer : Sie ist garantiert mit 135 Minuten; erreicht aber mehr als 3 Stunden.<br>Modulation : GFSK. Das Signal ist relativ schmalbandig und gut aufzunehmen in FMN (FM-narrow) oder noch besser in SSB nicht aber in FMW (FM-wide). Die Modulation bleibt auch nach dem Aufschlag gleich.<br>Sendeleistung : mehr als 60 mW bei der SGP.<br>Me\u00dff\u00fchler : PTU. Die Messung der Luftfeuchtigkeit erfolgt abwechselnd \u00fcber zwei Me\u00dff\u00fchler, w\u00e4hrend der eine f\u00fcr die Messung verwendet wird, wird der andere elektrisch aufgeheizt. Die Me\u00dff\u00fchler f\u00fcr Temperatur und Luftfeuchtigkeit sind am Ende einer doppelseitig kaschierten, aber flexiblen Leiterplatte angebracht, die oben aus dem Geh\u00e4use herausragt.<\/p>\n\n\n\n<hr class=\"wp-block-separator\"\/>\n\n\n\n<div class=\"wp-block-image is-style-default\"><figure class=\"alignleft size-large is-resized\"><a href=\"http:\/\/www.df7er.de\/wp-content\/uploads\/2020\/12\/RS41.jpg\"><img loading=\"lazy\" decoding=\"async\" src=\"http:\/\/www.df7er.de\/wp-content\/uploads\/2020\/12\/RS41.jpg\" alt=\"\" width=\"512\" height=\"249\"\/><\/a><\/figure><\/div>\n\n\n\n<p><strong><span class=\"has-inline-color has-luminous-vivid-orange-color\">Die Radiosonde VAISALA RS41-SGP<\/span><\/strong><br><br>Geh\u00e4usema\u00dfe : 155mm x 63mm x 46mm<br>Gebogener Sensorarm (L \u00d7 B \u00d7 H):282 \u00d7 63 \u00d7 104 mm<br>Gewicht : 109 Gramm mit Batterien<br>Frequenz : Fest einstellbar und sehr stabil zwischen 400,15 und 406,000 MHz. Der Synthesizer ist programmierbar in Schritten von 20kHz, folglich k\u00f6nnen somit runde Frequenzen wie 400,000 oder 401,000 nicht eingestellt werden. Das durch das abgestrahlte Signal belegte Frequenzband ist sehr schmal.<br>Stromversorgung : 2 AA-Lithiumbatterien<br>Lebensdauer : mindestens 240 Minuten.<br>Modulation : GFSK<br>Sendeleistung : min 60mW (Hochleistungsmodus)<br>Me\u00dff\u00fchler : Temperatur und Luftfeuchtigkeit &#8211; GPS 48 kanalig<\/p>\n\n\n\n<hr class=\"wp-block-separator\"\/>\n\n\n\n<div class=\"wp-block-image is-style-default\"><figure class=\"alignleft size-large is-resized\"><a href=\"http:\/\/www.df7er.de\/wp-content\/uploads\/2020\/12\/DFM-09.jpg\"><img loading=\"lazy\" decoding=\"async\" src=\"http:\/\/www.df7er.de\/wp-content\/uploads\/2020\/12\/DFM-09.jpg\" alt=\"\" width=\"512\" height=\"289\"\/><\/a><\/figure><\/div>\n\n\n\n<p><mark style=\"background-color:rgba(0, 0, 0, 0)\" class=\"has-inline-color has-luminous-vivid-orange-color\"><strong>Die Radiosonde Graw DFM-09<\/strong><br><\/mark><br>Geh\u00e4usema\u00dfe : 200mm x 40mm x 42mm<br>Gewicht : 92 Gramm mit Batterien<br>Frequenz : Fest einstellbar und sehr stabil zwischen 400,010 und 405,990 MHz. Der Synthesizer ist programmierbar in Schritten von 20kHz.\u00a0<br>Das durch das abgestrahlte Signal belegte Frequenzband ist sehr schmal.<br>Stromversorgung : 6 Volt durch zwei Lithiumzellen von je 3 Volt und 1,4 Ah<br>Lebensdauer : mindestens 150 Minuten.<br>Modulation : FSK<br>Sendeleistung : ?<br>Me\u00dff\u00fchler : Temperatur und Luftfeuchtigkeit &#8211; GPS 20 kanalig<\/p>\n\n\n\n<hr class=\"wp-block-separator\"\/>\n\n\n\n<div class=\"wp-block-image is-style-default\"><figure class=\"alignleft size-large is-resized\"><a href=\"http:\/\/www.df7er.de\/wp-content\/uploads\/2020\/12\/DFM-06.jpg\"><img loading=\"lazy\" decoding=\"async\" src=\"http:\/\/www.df7er.de\/wp-content\/uploads\/2020\/12\/DFM-06.jpg\" alt=\"\" width=\"512\" height=\"289\"\/><\/a><\/figure><\/div>\n\n\n\n<p><strong><span class=\"has-inline-color has-luminous-vivid-orange-color\">Die Radiosonde Graw DFM-06<\/span><\/strong><br><br>Geh\u00e4usema\u00dfe : 90mm x 90mm x 50mm<br>Gewicht : 90 Gramm inklusive der Batterien<br>Frequenz : Fest einstellbar und sehr stabil zwischen 400,010 und 405,990 MHz. Der Synthesizer ist programmierbar in Schritten von 20kHz, folglich k\u00f6nnen somit runde Frequenzen wie 400,000 oder 401,000 nicht eingestellt werden. Das durch das abgestrahlte Signal belegte Frequenzband ist sehr schmal.<br>Stromversorgung : mit 6 Volt durch zwei Lithiumzellen zu je 3 Volt und 1,4 Ah.<br>Lebensdauer : mindestens 150 Minuten. In der Praxis beginnt die abgestrahlte Leistung nach 4 bis 5 Stunden schw\u00e4cher zu werden und endet nach 6 bis 7 Stunden g\u00e4nzlich.<br>Modulation : FSK<br>Sendeleistung : 100 mW<br>Me\u00dff\u00fchler : Temperatur und Luftfeuchtigkeit &#8211; GPS 20 Kanal<\/p>\n\n\n\n<hr class=\"wp-block-separator\"\/>\n\n\n\n<p class=\"has-text-align-center\"><strong><span class=\"has-inline-color has-luminous-vivid-orange-color\">Regelm\u00e4\u00dfige Sondenaufstiege<\/span><\/strong><br><br>Viele Stationen lassen alle zw\u00f6lf Stunden eine Sonde steigen, meist zu Mittag und Mitternacht. In Deutschland erfolgt dies auf zw\u00f6lf Stationen<br>(drei davon vollautomatisch).<br>Die vorhergehende Sonde ist zu diesem Zeitpunkt nicht mehr aktiv.<br>Startorte sind z.B. : Bergen, Essen, Greifswald, Hohenspeissenberg, Idar-Oberstein, Lindenberg, Meiningen,<br>Meppen, Schleswig, Norderney und Hamburg Sasel<br>Vollst\u00e4ndige Liste findet man hier : <strong><a href=\"http:\/\/www.radiosonde.eu\/RS00-D\/RS02H-D.html\">radioson<\/a><a href=\"http:\/\/www.radiosonde.eu\/RS00-D\/RS02H-D.html\" target=\"_blank\" rel=\"noreferrer noopener\">de.<\/a><a href=\"http:\/\/www.radiosonde.eu\/RS00-D\/RS02H-D.html\">eu<\/a><\/strong><\/p>\n\n\n\n<p class=\"has-text-align-center\"><mark style=\"background-color:rgba(0, 0, 0, 0)\" class=\"has-inline-color has-luminous-vivid-orange-color\">Wetterballon Start auf der antarktischen Forschungsstation Neumayer Station III<br>Jeden Tag um 11 Uhr startet ein Wetterballon.<\/mark><\/p>\n\n\n\n<figure class=\"wp-block-embed aligncenter is-type-video is-provider-youtube wp-block-embed-youtube wp-embed-aspect-4-3 wp-has-aspect-ratio\"><div class=\"wp-block-embed__wrapper\">\n<iframe loading=\"lazy\" title=\"Der Wetterballon\" width=\"980\" height=\"735\" src=\"https:\/\/www.youtube.com\/embed\/g-u2QMqJgZc?feature=oembed\" frameborder=\"0\" allow=\"accelerometer; autoplay; clipboard-write; encrypted-media; gyroscope; picture-in-picture\" allowfullscreen><\/iframe>\n<\/div><\/figure>\n\n\n\n<figure class=\"wp-block-embed aligncenter is-type-video is-provider-youtube wp-block-embed-youtube wp-embed-aspect-16-9 wp-has-aspect-ratio\"><div class=\"wp-block-embed__wrapper\">\n<iframe loading=\"lazy\" title=\"Meteorologie an der Neumayer-Station III: Der Start einer Radiosonde\" width=\"980\" height=\"551\" src=\"https:\/\/www.youtube.com\/embed\/C377l7pBkzA?feature=oembed\" frameborder=\"0\" allow=\"accelerometer; autoplay; clipboard-write; encrypted-media; gyroscope; picture-in-picture\" allowfullscreen><\/iframe>\n<\/div><\/figure>\n\n\n\n<p class=\"has-text-align-center\"><strong><span class=\"has-inline-color has-vivid-red-color\">Seite ist noch im Aufbau es geht bald weiter hier<\/span><\/strong><\/p>\n\n\n\n<p class=\"has-text-align-left\"><mark style=\"background-color:rgba(0, 0, 0, 0)\" class=\"has-inline-color has-luminous-vivid-orange-color\"><strong>Quellen :<\/strong><br><a href=\"http:\/\/www.radiosonde.eu\/RS00-D\/RS00-D.html\" target=\"_blank\" rel=\"noreferrer noopener\">http:\/\/www.radiosonde.eu\/RS00-D\/RS00-D.html<\/a><br><a href=\"https:\/\/de.wikipedia.org\/wiki\/Radiosonde\" target=\"_blank\" rel=\"noreferrer noopener\">https:\/\/de.wikipedia.org\/wiki\/Radiosonde<\/a><br><a href=\"https:\/\/www.dwd.de\/DE\/service\/lexikon\/Functions\/glossar.html?lv2=102134&amp;lv3=102176\" target=\"_blank\" rel=\"noreferrer noopener\">https:\/\/www.dwd.de\/DE\/service\/lexikon\/Functions\/glossar.html?lv2=102134&amp;lv3=102176<\/a><\/mark><\/p>\n","protected":false},"excerpt":{"rendered":"<p>Wettersonden was ist das ?Wie finde ich eine Wettersonde ? Die Radiosonde (Wettersonde) ist ein Messger\u00e4t, das in der Aerologie eingesetzt wird. Sie dient der direkten Messwertentnahme in der Atmosph\u00e4re.Es entsteht ein genaues Bild \u00fcber den momentanen Zustand der einzelnen Luftschichten. Dem Namen entsprechend besteht das Ger\u00e4t aus einem Sendeteil (Radio-) und einem Teil mit [&hellip;]<\/p>\n","protected":false},"author":1,"featured_media":0,"parent":0,"menu_order":0,"comment_status":"closed","ping_status":"closed","template":"page-full-width.php","meta":{"ngg_post_thumbnail":0,"footnotes":""},"class_list":["post-2398","page","type-page","status-publish","hentry"],"yoast_head":"<!-- This site is optimized with the Yoast SEO plugin v26.9 - https:\/\/yoast.com\/product\/yoast-seo-wordpress\/ -->\n<title>Wettersonden - Was ist das ? - DF7ER<\/title>\n<meta name=\"description\" content=\"Wettersonden was ist das ? Wie finde ich eine Wettersonde ? Was gibt es f\u00fcr Wettersonden. Und wo werden sie gestartet.\" \/>\n<meta name=\"robots\" content=\"index, follow, max-snippet:-1, max-image-preview:large, max-video-preview:-1\" \/>\n<link rel=\"canonical\" href=\"http:\/\/www.df7er.de\/de_de\/wettrsonden-was-ist-das\/\" \/>\n<meta property=\"og:locale\" content=\"de_DE\" \/>\n<meta property=\"og:type\" content=\"article\" \/>\n<meta property=\"og:title\" content=\"Wettersonden - Was ist das ? - DF7ER\" \/>\n<meta property=\"og:description\" content=\"Wettersonden was ist das ? Wie finde ich eine Wettersonde ? Was gibt es f\u00fcr Wettersonden. Und wo werden sie gestartet.\" \/>\n<meta property=\"og:url\" content=\"http:\/\/www.df7er.de\/de_de\/wettrsonden-was-ist-das\/\" \/>\n<meta property=\"og:site_name\" content=\"DF7ER\" \/>\n<meta property=\"article:modified_time\" content=\"2022-03-25T12:01:11+00:00\" \/>\n<meta property=\"og:image\" content=\"http:\/\/www.df7er.de\/wp-content\/uploads\/2020\/12\/RS92SGPA-Essen.jpg\" \/>\n<meta name=\"twitter:card\" content=\"summary_large_image\" \/>\n<meta name=\"twitter:label1\" content=\"Gesch\u00e4tzte Lesezeit\" \/>\n\t<meta name=\"twitter:data1\" content=\"6\u00a0Minuten\" \/>\n<script type=\"application\/ld+json\" class=\"yoast-schema-graph\">{\"@context\":\"https:\/\/schema.org\",\"@graph\":[{\"@type\":\"WebPage\",\"@id\":\"http:\/\/www.df7er.de\/wettrsonden-was-ist-das\/\",\"url\":\"http:\/\/www.df7er.de\/wettrsonden-was-ist-das\/\",\"name\":\"Wettersonden - Was ist das ? - DF7ER\",\"isPartOf\":{\"@id\":\"http:\/\/www.df7er.de\/#website\"},\"primaryImageOfPage\":{\"@id\":\"http:\/\/www.df7er.de\/wettrsonden-was-ist-das\/#primaryimage\"},\"image\":{\"@id\":\"http:\/\/www.df7er.de\/wettrsonden-was-ist-das\/#primaryimage\"},\"thumbnailUrl\":\"http:\/\/www.df7er.de\/wp-content\/uploads\/2020\/12\/RS92SGPA-Essen.jpg\",\"datePublished\":\"2020-12-13T09:32:56+00:00\",\"dateModified\":\"2022-03-25T12:01:11+00:00\",\"description\":\"Wettersonden was ist das ? Wie finde ich eine Wettersonde ? Was gibt es f\u00fcr Wettersonden. Und wo werden sie gestartet.\",\"breadcrumb\":{\"@id\":\"http:\/\/www.df7er.de\/wettrsonden-was-ist-das\/#breadcrumb\"},\"inLanguage\":\"de\",\"potentialAction\":[{\"@type\":\"ReadAction\",\"target\":[\"http:\/\/www.df7er.de\/wettrsonden-was-ist-das\/\"]}]},{\"@type\":\"ImageObject\",\"inLanguage\":\"de\",\"@id\":\"http:\/\/www.df7er.de\/wettrsonden-was-ist-das\/#primaryimage\",\"url\":\"http:\/\/www.df7er.de\/wp-content\/uploads\/2020\/12\/RS92SGPA-Essen.jpg\",\"contentUrl\":\"http:\/\/www.df7er.de\/wp-content\/uploads\/2020\/12\/RS92SGPA-Essen.jpg\"},{\"@type\":\"BreadcrumbList\",\"@id\":\"http:\/\/www.df7er.de\/wettrsonden-was-ist-das\/#breadcrumb\",\"itemListElement\":[{\"@type\":\"ListItem\",\"position\":1,\"name\":\"Startseite\",\"item\":\"http:\/\/www.df7er.de\/\"},{\"@type\":\"ListItem\",\"position\":2,\"name\":\"Wettersonden &#8211; Was ist das ?\"}]},{\"@type\":\"WebSite\",\"@id\":\"http:\/\/www.df7er.de\/#website\",\"url\":\"http:\/\/www.df7er.de\/\",\"name\":\"DF7ER German Amateur Radio Station\",\"description\":\"German Amateur Radion Station in JO52HR\",\"publisher\":{\"@id\":\"http:\/\/www.df7er.de\/#\/schema\/person\/653b63e414718c8c68bac56967a2e8ef\"},\"potentialAction\":[{\"@type\":\"SearchAction\",\"target\":{\"@type\":\"EntryPoint\",\"urlTemplate\":\"http:\/\/www.df7er.de\/?s={search_term_string}\"},\"query-input\":{\"@type\":\"PropertyValueSpecification\",\"valueRequired\":true,\"valueName\":\"search_term_string\"}}],\"inLanguage\":\"de\"},{\"@type\":[\"Person\",\"Organization\"],\"@id\":\"http:\/\/www.df7er.de\/#\/schema\/person\/653b63e414718c8c68bac56967a2e8ef\",\"name\":\"Sascha DF7ER\",\"image\":{\"@type\":\"ImageObject\",\"inLanguage\":\"de\",\"@id\":\"http:\/\/www.df7er.de\/#\/schema\/person\/image\/\",\"url\":\"http:\/\/www.df7er.de\/wp-content\/uploads\/2020\/12\/wolfswarte1.jpg\",\"contentUrl\":\"http:\/\/www.df7er.de\/wp-content\/uploads\/2020\/12\/wolfswarte1.jpg\",\"width\":480,\"height\":360,\"caption\":\"Sascha DF7ER\"},\"logo\":{\"@id\":\"http:\/\/www.df7er.de\/#\/schema\/person\/image\/\"},\"sameAs\":[\"http:\/\/www.df7er.de\"]}]}<\/script>\n<!-- \/ Yoast SEO plugin. -->","yoast_head_json":{"title":"Wettersonden - Was ist das ? - DF7ER","description":"Wettersonden was ist das ? Wie finde ich eine Wettersonde ? Was gibt es f\u00fcr Wettersonden. Und wo werden sie gestartet.","robots":{"index":"index","follow":"follow","max-snippet":"max-snippet:-1","max-image-preview":"max-image-preview:large","max-video-preview":"max-video-preview:-1"},"canonical":"http:\/\/www.df7er.de\/de_de\/wettrsonden-was-ist-das\/","og_locale":"de_DE","og_type":"article","og_title":"Wettersonden - Was ist das ? - DF7ER","og_description":"Wettersonden was ist das ? Wie finde ich eine Wettersonde ? Was gibt es f\u00fcr Wettersonden. Und wo werden sie gestartet.","og_url":"http:\/\/www.df7er.de\/de_de\/wettrsonden-was-ist-das\/","og_site_name":"DF7ER","article_modified_time":"2022-03-25T12:01:11+00:00","og_image":[{"url":"http:\/\/www.df7er.de\/wp-content\/uploads\/2020\/12\/RS92SGPA-Essen.jpg","type":"","width":"","height":""}],"twitter_card":"summary_large_image","twitter_misc":{"Gesch\u00e4tzte Lesezeit":"6\u00a0Minuten"},"schema":{"@context":"https:\/\/schema.org","@graph":[{"@type":"WebPage","@id":"http:\/\/www.df7er.de\/wettrsonden-was-ist-das\/","url":"http:\/\/www.df7er.de\/wettrsonden-was-ist-das\/","name":"Wettersonden - Was ist das ? - DF7ER","isPartOf":{"@id":"http:\/\/www.df7er.de\/#website"},"primaryImageOfPage":{"@id":"http:\/\/www.df7er.de\/wettrsonden-was-ist-das\/#primaryimage"},"image":{"@id":"http:\/\/www.df7er.de\/wettrsonden-was-ist-das\/#primaryimage"},"thumbnailUrl":"http:\/\/www.df7er.de\/wp-content\/uploads\/2020\/12\/RS92SGPA-Essen.jpg","datePublished":"2020-12-13T09:32:56+00:00","dateModified":"2022-03-25T12:01:11+00:00","description":"Wettersonden was ist das ? Wie finde ich eine Wettersonde ? Was gibt es f\u00fcr Wettersonden. Und wo werden sie gestartet.","breadcrumb":{"@id":"http:\/\/www.df7er.de\/wettrsonden-was-ist-das\/#breadcrumb"},"inLanguage":"de","potentialAction":[{"@type":"ReadAction","target":["http:\/\/www.df7er.de\/wettrsonden-was-ist-das\/"]}]},{"@type":"ImageObject","inLanguage":"de","@id":"http:\/\/www.df7er.de\/wettrsonden-was-ist-das\/#primaryimage","url":"http:\/\/www.df7er.de\/wp-content\/uploads\/2020\/12\/RS92SGPA-Essen.jpg","contentUrl":"http:\/\/www.df7er.de\/wp-content\/uploads\/2020\/12\/RS92SGPA-Essen.jpg"},{"@type":"BreadcrumbList","@id":"http:\/\/www.df7er.de\/wettrsonden-was-ist-das\/#breadcrumb","itemListElement":[{"@type":"ListItem","position":1,"name":"Startseite","item":"http:\/\/www.df7er.de\/"},{"@type":"ListItem","position":2,"name":"Wettersonden &#8211; Was ist das ?"}]},{"@type":"WebSite","@id":"http:\/\/www.df7er.de\/#website","url":"http:\/\/www.df7er.de\/","name":"DF7ER German Amateur Radio Station","description":"German Amateur Radion Station in JO52HR","publisher":{"@id":"http:\/\/www.df7er.de\/#\/schema\/person\/653b63e414718c8c68bac56967a2e8ef"},"potentialAction":[{"@type":"SearchAction","target":{"@type":"EntryPoint","urlTemplate":"http:\/\/www.df7er.de\/?s={search_term_string}"},"query-input":{"@type":"PropertyValueSpecification","valueRequired":true,"valueName":"search_term_string"}}],"inLanguage":"de"},{"@type":["Person","Organization"],"@id":"http:\/\/www.df7er.de\/#\/schema\/person\/653b63e414718c8c68bac56967a2e8ef","name":"Sascha DF7ER","image":{"@type":"ImageObject","inLanguage":"de","@id":"http:\/\/www.df7er.de\/#\/schema\/person\/image\/","url":"http:\/\/www.df7er.de\/wp-content\/uploads\/2020\/12\/wolfswarte1.jpg","contentUrl":"http:\/\/www.df7er.de\/wp-content\/uploads\/2020\/12\/wolfswarte1.jpg","width":480,"height":360,"caption":"Sascha DF7ER"},"logo":{"@id":"http:\/\/www.df7er.de\/#\/schema\/person\/image\/"},"sameAs":["http:\/\/www.df7er.de"]}]}},"_links":{"self":[{"href":"http:\/\/www.df7er.de\/de_de\/wp-json\/wp\/v2\/pages\/2398","targetHints":{"allow":["GET"]}}],"collection":[{"href":"http:\/\/www.df7er.de\/de_de\/wp-json\/wp\/v2\/pages"}],"about":[{"href":"http:\/\/www.df7er.de\/de_de\/wp-json\/wp\/v2\/types\/page"}],"author":[{"embeddable":true,"href":"http:\/\/www.df7er.de\/de_de\/wp-json\/wp\/v2\/users\/1"}],"replies":[{"embeddable":true,"href":"http:\/\/www.df7er.de\/de_de\/wp-json\/wp\/v2\/comments?post=2398"}],"version-history":[{"count":9,"href":"http:\/\/www.df7er.de\/de_de\/wp-json\/wp\/v2\/pages\/2398\/revisions"}],"predecessor-version":[{"id":4158,"href":"http:\/\/www.df7er.de\/de_de\/wp-json\/wp\/v2\/pages\/2398\/revisions\/4158"}],"wp:attachment":[{"href":"http:\/\/www.df7er.de\/de_de\/wp-json\/wp\/v2\/media?parent=2398"}],"curies":[{"name":"wp","href":"https:\/\/api.w.org\/{rel}","templated":true}]}}