{"id":2201,"date":"2020-11-29T11:14:13","date_gmt":"2020-11-29T10:14:13","guid":{"rendered":"http:\/\/homepage.df7er.de\/?page_id=2201"},"modified":"2022-03-25T12:24:32","modified_gmt":"2022-03-25T11:24:32","slug":"besuch-bei-dathe","status":"publish","type":"page","link":"http:\/\/www.df7er.de\/de_de\/aktivitaeten\/besuch-bei-dathe\/","title":{"rendered":"Besuch bei Dathe"},"content":{"rendered":"\n<p><a href=\"https:\/\/funktechnik-dathe.de\/\" target=\"_blank\" rel=\"noreferrer noopener\">Unser Besuch bei Funktechnik Dathe 2012<\/a><\/p>\n\n\n\n<div class=\"wp-block-image is-style-default\"><figure class=\"alignleft size-large is-resized\"><a href=\"http:\/\/www.df7er.de\/wp-content\/uploads\/2020\/11\/Funktechnik-Dathe1.jpg\"><img loading=\"lazy\" decoding=\"async\" src=\"http:\/\/www.df7er.de\/wp-content\/uploads\/2020\/11\/Funktechnik-Dathe1.jpg\" alt=\"\" width=\"280\" height=\"210\"\/><\/a><\/figure><\/div>\n\n\n\n<p><strong><span class=\"has-inline-color has-luminous-vivid-orange-color\">Am 24.03.2012 hatten Martin DK9CA &amp; und ich<br>Funktechnik Dathe einen kleinen Besuch abgestattet.<\/span><\/strong><\/p>\n\n\n\n<p>Wir sind gegen 7 Uhr in Hankensb\u00fcttel gestartet und waren so um 10:30 Uhr endlich nach 280 Kilometer da.<br><br>Ein sehr sch\u00f6ner Laden mit vielen sch\u00f6nen Sachen die ein Funkerherz h\u00f6her schlagen lassen.&nbsp;Die Familie Dathe ist sehr nett- und einen Kaffee mit Kuchen gab es auch noch f\u00fcr uns.&nbsp;Wir haben auch alles bekommen was wir haben wollten.<\/p>\n\n\n\n<div style=\"height:20px\" aria-hidden=\"true\" class=\"wp-block-spacer\"><\/div>\n\n\n\n<div class=\"wp-block-image is-style-default\"><figure class=\"alignleft size-large is-resized\"><a href=\"http:\/\/www.df7er.de\/wp-content\/uploads\/2020\/11\/Funktechnik-Dathe2.jpg\"><img loading=\"lazy\" decoding=\"async\" src=\"http:\/\/www.df7er.de\/wp-content\/uploads\/2020\/11\/Funktechnik-Dathe2.jpg\" alt=\"\" width=\"280\" height=\"210\"\/><\/a><\/figure><\/div>\n\n\n\n<p>So um 12 Uhr haben wir uns wieder in Richtung&nbsp;Heimat aufgemacht.<br>Aber ein kleinen Blick auf das Dach darf ja nicht fehlen &#8211; sch\u00f6ne Aussichten hier \ud83d\ude09<br><br>Eins kann man jetzt schon sagen:<br><br><strong>&#8221; Wir kommen wieder &#8211; versprochen! &#8220;<\/strong><br><br>Sch\u00f6ne Gr\u00fc\u00dfe und Dank an Inge, Reinhard &amp; Frank .<\/p>\n\n\n\n<div style=\"height:1px\" aria-hidden=\"true\" class=\"wp-block-spacer\"><\/div>\n\n\n\n<hr class=\"wp-block-separator\"\/>\n","protected":false},"excerpt":{"rendered":"<p>Unser Besuch bei Funktechnik Dathe 2012 Am 24.03.2012 hatten Martin DK9CA &amp; und ichFunktechnik Dathe einen kleinen Besuch abgestattet. Wir sind gegen 7 Uhr in Hankensb\u00fcttel gestartet und waren so um 10:30 Uhr endlich nach 280 Kilometer da. Ein sehr sch\u00f6ner Laden mit vielen sch\u00f6nen Sachen die ein Funkerherz h\u00f6her schlagen lassen.&nbsp;Die Familie Dathe ist [&hellip;]<\/p>\n","protected":false},"author":1,"featured_media":0,"parent":73,"menu_order":0,"comment_status":"closed","ping_status":"closed","template":"page-full-width.php","meta":{"ngg_post_thumbnail":0,"footnotes":""},"class_list":["post-2201","page","type-page","status-publish","hentry"],"yoast_head":"<!-- This site is optimized with the Yoast SEO plugin v26.9 - https:\/\/yoast.com\/product\/yoast-seo-wordpress\/ -->\n<title>Besuch bei Dathe - DF7ER<\/title>\n<meta name=\"description\" content=\"Kleiner Besuch bei Funktechnik Dathe in Bad Lausick.\" \/>\n<meta name=\"robots\" content=\"index, follow, max-snippet:-1, max-image-preview:large, max-video-preview:-1\" \/>\n<link rel=\"canonical\" href=\"http:\/\/www.df7er.de\/de_de\/aktivitaeten\/besuch-bei-dathe\/\" \/>\n<meta property=\"og:locale\" content=\"de_DE\" \/>\n<meta property=\"og:type\" content=\"article\" \/>\n<meta property=\"og:title\" content=\"Besuch bei Dathe - DF7ER\" \/>\n<meta property=\"og:description\" content=\"Kleiner Besuch bei Funktechnik Dathe in Bad Lausick.\" \/>\n<meta property=\"og:url\" content=\"http:\/\/www.df7er.de\/de_de\/aktivitaeten\/besuch-bei-dathe\/\" \/>\n<meta property=\"og:site_name\" content=\"DF7ER\" \/>\n<meta property=\"article:modified_time\" content=\"2022-03-25T11:24:32+00:00\" \/>\n<meta property=\"og:image\" content=\"http:\/\/www.df7er.de\/wp-content\/uploads\/2020\/11\/Funktechnik-Dathe1.jpg\" \/>\n<meta name=\"twitter:card\" content=\"summary_large_image\" \/>\n<meta name=\"twitter:label1\" content=\"Gesch\u00e4tzte Lesezeit\" \/>\n\t<meta name=\"twitter:data1\" content=\"2\u00a0Minuten\" \/>\n<script type=\"application\/ld+json\" class=\"yoast-schema-graph\">{\"@context\":\"https:\/\/schema.org\",\"@graph\":[{\"@type\":\"WebPage\",\"@id\":\"http:\/\/www.df7er.de\/aktivitaeten\/besuch-bei-dathe\/\",\"url\":\"http:\/\/www.df7er.de\/aktivitaeten\/besuch-bei-dathe\/\",\"name\":\"Besuch bei Dathe - DF7ER\",\"isPartOf\":{\"@id\":\"http:\/\/www.df7er.de\/#website\"},\"primaryImageOfPage\":{\"@id\":\"http:\/\/www.df7er.de\/aktivitaeten\/besuch-bei-dathe\/#primaryimage\"},\"image\":{\"@id\":\"http:\/\/www.df7er.de\/aktivitaeten\/besuch-bei-dathe\/#primaryimage\"},\"thumbnailUrl\":\"http:\/\/www.df7er.de\/wp-content\/uploads\/2020\/11\/Funktechnik-Dathe1.jpg\",\"datePublished\":\"2020-11-29T10:14:13+00:00\",\"dateModified\":\"2022-03-25T11:24:32+00:00\",\"description\":\"Kleiner Besuch bei Funktechnik Dathe in Bad Lausick.\",\"breadcrumb\":{\"@id\":\"http:\/\/www.df7er.de\/aktivitaeten\/besuch-bei-dathe\/#breadcrumb\"},\"inLanguage\":\"de\",\"potentialAction\":[{\"@type\":\"ReadAction\",\"target\":[\"http:\/\/www.df7er.de\/aktivitaeten\/besuch-bei-dathe\/\"]}]},{\"@type\":\"ImageObject\",\"inLanguage\":\"de\",\"@id\":\"http:\/\/www.df7er.de\/aktivitaeten\/besuch-bei-dathe\/#primaryimage\",\"url\":\"http:\/\/www.df7er.de\/wp-content\/uploads\/2020\/11\/Funktechnik-Dathe1.jpg\",\"contentUrl\":\"http:\/\/www.df7er.de\/wp-content\/uploads\/2020\/11\/Funktechnik-Dathe1.jpg\"},{\"@type\":\"BreadcrumbList\",\"@id\":\"http:\/\/www.df7er.de\/aktivitaeten\/besuch-bei-dathe\/#breadcrumb\",\"itemListElement\":[{\"@type\":\"ListItem\",\"position\":1,\"name\":\"Startseite\",\"item\":\"http:\/\/www.df7er.de\/\"},{\"@type\":\"ListItem\",\"position\":2,\"name\":\"Aktivit\u00e4ten\",\"item\":\"http:\/\/www.df7er.de\/aktivitaeten\/\"},{\"@type\":\"ListItem\",\"position\":3,\"name\":\"Besuch bei Dathe\"}]},{\"@type\":\"WebSite\",\"@id\":\"http:\/\/www.df7er.de\/#website\",\"url\":\"http:\/\/www.df7er.de\/\",\"name\":\"DF7ER German Amateur Radio Station\",\"description\":\"German Amateur Radion Station in JO52HR\",\"publisher\":{\"@id\":\"http:\/\/www.df7er.de\/#\/schema\/person\/653b63e414718c8c68bac56967a2e8ef\"},\"potentialAction\":[{\"@type\":\"SearchAction\",\"target\":{\"@type\":\"EntryPoint\",\"urlTemplate\":\"http:\/\/www.df7er.de\/?s={search_term_string}\"},\"query-input\":{\"@type\":\"PropertyValueSpecification\",\"valueRequired\":true,\"valueName\":\"search_term_string\"}}],\"inLanguage\":\"de\"},{\"@type\":[\"Person\",\"Organization\"],\"@id\":\"http:\/\/www.df7er.de\/#\/schema\/person\/653b63e414718c8c68bac56967a2e8ef\",\"name\":\"Sascha DF7ER\",\"image\":{\"@type\":\"ImageObject\",\"inLanguage\":\"de\",\"@id\":\"http:\/\/www.df7er.de\/#\/schema\/person\/image\/\",\"url\":\"http:\/\/www.df7er.de\/wp-content\/uploads\/2020\/12\/wolfswarte1.jpg\",\"contentUrl\":\"http:\/\/www.df7er.de\/wp-content\/uploads\/2020\/12\/wolfswarte1.jpg\",\"width\":480,\"height\":360,\"caption\":\"Sascha DF7ER\"},\"logo\":{\"@id\":\"http:\/\/www.df7er.de\/#\/schema\/person\/image\/\"},\"sameAs\":[\"http:\/\/www.df7er.de\"]}]}<\/script>\n<!-- \/ Yoast SEO plugin. -->","yoast_head_json":{"title":"Besuch bei Dathe - DF7ER","description":"Kleiner Besuch bei Funktechnik Dathe in Bad Lausick.","robots":{"index":"index","follow":"follow","max-snippet":"max-snippet:-1","max-image-preview":"max-image-preview:large","max-video-preview":"max-video-preview:-1"},"canonical":"http:\/\/www.df7er.de\/de_de\/aktivitaeten\/besuch-bei-dathe\/","og_locale":"de_DE","og_type":"article","og_title":"Besuch bei Dathe - DF7ER","og_description":"Kleiner Besuch bei Funktechnik Dathe in Bad Lausick.","og_url":"http:\/\/www.df7er.de\/de_de\/aktivitaeten\/besuch-bei-dathe\/","og_site_name":"DF7ER","article_modified_time":"2022-03-25T11:24:32+00:00","og_image":[{"url":"http:\/\/www.df7er.de\/wp-content\/uploads\/2020\/11\/Funktechnik-Dathe1.jpg","type":"","width":"","height":""}],"twitter_card":"summary_large_image","twitter_misc":{"Gesch\u00e4tzte Lesezeit":"2\u00a0Minuten"},"schema":{"@context":"https:\/\/schema.org","@graph":[{"@type":"WebPage","@id":"http:\/\/www.df7er.de\/aktivitaeten\/besuch-bei-dathe\/","url":"http:\/\/www.df7er.de\/aktivitaeten\/besuch-bei-dathe\/","name":"Besuch bei Dathe - DF7ER","isPartOf":{"@id":"http:\/\/www.df7er.de\/#website"},"primaryImageOfPage":{"@id":"http:\/\/www.df7er.de\/aktivitaeten\/besuch-bei-dathe\/#primaryimage"},"image":{"@id":"http:\/\/www.df7er.de\/aktivitaeten\/besuch-bei-dathe\/#primaryimage"},"thumbnailUrl":"http:\/\/www.df7er.de\/wp-content\/uploads\/2020\/11\/Funktechnik-Dathe1.jpg","datePublished":"2020-11-29T10:14:13+00:00","dateModified":"2022-03-25T11:24:32+00:00","description":"Kleiner Besuch bei Funktechnik Dathe in Bad Lausick.","breadcrumb":{"@id":"http:\/\/www.df7er.de\/aktivitaeten\/besuch-bei-dathe\/#breadcrumb"},"inLanguage":"de","potentialAction":[{"@type":"ReadAction","target":["http:\/\/www.df7er.de\/aktivitaeten\/besuch-bei-dathe\/"]}]},{"@type":"ImageObject","inLanguage":"de","@id":"http:\/\/www.df7er.de\/aktivitaeten\/besuch-bei-dathe\/#primaryimage","url":"http:\/\/www.df7er.de\/wp-content\/uploads\/2020\/11\/Funktechnik-Dathe1.jpg","contentUrl":"http:\/\/www.df7er.de\/wp-content\/uploads\/2020\/11\/Funktechnik-Dathe1.jpg"},{"@type":"BreadcrumbList","@id":"http:\/\/www.df7er.de\/aktivitaeten\/besuch-bei-dathe\/#breadcrumb","itemListElement":[{"@type":"ListItem","position":1,"name":"Startseite","item":"http:\/\/www.df7er.de\/"},{"@type":"ListItem","position":2,"name":"Aktivit\u00e4ten","item":"http:\/\/www.df7er.de\/aktivitaeten\/"},{"@type":"ListItem","position":3,"name":"Besuch bei Dathe"}]},{"@type":"WebSite","@id":"http:\/\/www.df7er.de\/#website","url":"http:\/\/www.df7er.de\/","name":"DF7ER German Amateur Radio Station","description":"German Amateur Radion Station in JO52HR","publisher":{"@id":"http:\/\/www.df7er.de\/#\/schema\/person\/653b63e414718c8c68bac56967a2e8ef"},"potentialAction":[{"@type":"SearchAction","target":{"@type":"EntryPoint","urlTemplate":"http:\/\/www.df7er.de\/?s={search_term_string}"},"query-input":{"@type":"PropertyValueSpecification","valueRequired":true,"valueName":"search_term_string"}}],"inLanguage":"de"},{"@type":["Person","Organization"],"@id":"http:\/\/www.df7er.de\/#\/schema\/person\/653b63e414718c8c68bac56967a2e8ef","name":"Sascha DF7ER","image":{"@type":"ImageObject","inLanguage":"de","@id":"http:\/\/www.df7er.de\/#\/schema\/person\/image\/","url":"http:\/\/www.df7er.de\/wp-content\/uploads\/2020\/12\/wolfswarte1.jpg","contentUrl":"http:\/\/www.df7er.de\/wp-content\/uploads\/2020\/12\/wolfswarte1.jpg","width":480,"height":360,"caption":"Sascha DF7ER"},"logo":{"@id":"http:\/\/www.df7er.de\/#\/schema\/person\/image\/"},"sameAs":["http:\/\/www.df7er.de"]}]}},"_links":{"self":[{"href":"http:\/\/www.df7er.de\/de_de\/wp-json\/wp\/v2\/pages\/2201","targetHints":{"allow":["GET"]}}],"collection":[{"href":"http:\/\/www.df7er.de\/de_de\/wp-json\/wp\/v2\/pages"}],"about":[{"href":"http:\/\/www.df7er.de\/de_de\/wp-json\/wp\/v2\/types\/page"}],"author":[{"embeddable":true,"href":"http:\/\/www.df7er.de\/de_de\/wp-json\/wp\/v2\/users\/1"}],"replies":[{"embeddable":true,"href":"http:\/\/www.df7er.de\/de_de\/wp-json\/wp\/v2\/comments?post=2201"}],"version-history":[{"count":9,"href":"http:\/\/www.df7er.de\/de_de\/wp-json\/wp\/v2\/pages\/2201\/revisions"}],"predecessor-version":[{"id":4149,"href":"http:\/\/www.df7er.de\/de_de\/wp-json\/wp\/v2\/pages\/2201\/revisions\/4149"}],"up":[{"embeddable":true,"href":"http:\/\/www.df7er.de\/de_de\/wp-json\/wp\/v2\/pages\/73"}],"wp:attachment":[{"href":"http:\/\/www.df7er.de\/de_de\/wp-json\/wp\/v2\/media?parent=2201"}],"curies":[{"name":"wp","href":"https:\/\/api.w.org\/{rel}","templated":true}]}}