{"id":15,"date":"2020-11-21T13:29:37","date_gmt":"2020-11-21T12:29:37","guid":{"rendered":"http:\/\/homepage.df7er.de\/?page_id=15"},"modified":"2022-12-26T13:44:12","modified_gmt":"2022-12-26T12:44:12","slug":"qth","status":"publish","type":"page","link":"http:\/\/www.df7er.de\/de_de\/qth\/","title":{"rendered":"QTH"},"content":{"rendered":"\n<p class=\"has-text-align-center\">Hankensb\u00fcttel liegt in Niedersachsen im Landkreis Gifhorn.\u00a0 St\u00e4dte im Umkreis sind Salzwedel, Uelzen, Celle, Gifhorn und Wolfsburg.<br>Hankensb\u00fcttel liegt in der H\u00f6he von 95m u.NN die Fl\u00e4che ist 34,82m\u00b2 und haben 4321 Einwohner ( Stand\u00a0 31.12.2010 )<br><br><strong><mark style=\"background-color:rgba(0, 0, 0, 0)\" class=\"has-inline-color has-luminous-vivid-orange-color\">Auf der Luftaufnahme sieht man die f\u00fcnf Amateurfunk Stationen in Hankensb\u00fcttel<br>( unter jeweiligen D sind die H\u00e4user der OM\u00b4s )\u00a0 DH9AF Andi (SK) \/ <\/mark><a href=\"http:\/\/www.dk9ca.de\" target=\"_blank\" rel=\"noreferrer noopener\">DK9CA Martin<\/a><mark style=\"background-color:rgba(0, 0, 0, 0)\" class=\"has-inline-color has-luminous-vivid-orange-color\"> \/ DL1OAD Herbert \/ DL1OFC Daniel und mein Standort \ud83d\ude09<\/mark><\/strong><\/p>\n\n\n\n<figure class=\"wp-block-image size-large is-style-default\"><a href=\"http:\/\/www.df7er.de\/wp-content\/uploads\/2020\/11\/Hankensbuettel-Funkamteure.jpg\"><img decoding=\"async\" src=\"http:\/\/www.df7er.de\/wp-content\/uploads\/2020\/11\/Hankensbuettel-Funkamteure.jpg\" alt=\"\"\/><\/a><figcaption class=\"wp-element-caption\">Hankensb\u00fcttel Karte der Funkamateure<\/figcaption><\/figure>\n\n\n\n<hr class=\"wp-block-separator has-css-opacity\"\/>\n\n\n\n<p>Historisch geh\u00f6rt Hankensb\u00fcttel zu der Gruppe der B\u00fcttel-Ortschaften. Die erste Erw\u00e4hnung entstammt einer Urkunde von Kaiser Heinrich III. aus dem Jahre 1051, in welcher der Ort als \u201eHonengesbuthele\u201c nachweislich erw\u00e4hnt wird.<br><br>Zu dieser Zeit herrschte das Geschlecht der Billunger, Gefolgsleute der Kaiser des Heiligen R\u00f6mischen Reiches, in der Region. An wichtigen Heer- und Handelsstra\u00dfen gelegen, kam es rasch zu einer g\u00fcnstigen Entwicklung. Schutz bot ein adliger Gro\u00dfhof, dessen Existenz bereits f\u00fcr das 10. Jahrhundert vermutet wird, w\u00e4hrend f\u00fcr das 13. Jahrhundert ein Conradus Honeskesbutle als Burgherr nachgewiesen ist.<br><br>Schon im 11. Jahrhundert war Hankensb\u00fcttel Zentrum eines ausgedehnten Pfarrsprengels und Sitz des bisch\u00f6flichen Sendgerichtes des Bistums Hildesheim. Zur Mitte des 12. Jahrhunderts befanden sich hier auch ein Gohgericht und ein Gohgr\u00e4fenhof. Nachdem die Billunger 1106 ausgestorben waren, kam die Region unter die Herrschaft der Welfen, ab 1267 zur L\u00fcneburger Linie.<\/p>\n\n\n\n<p>Im Drei\u00dfigj\u00e4hrigen Krieg lag Hankensb\u00fcttel im Durchmarschgebiet der k\u00e4mpfenden Truppen, zeitweise wurde die Kirche als Armeelager und Pferdestall missbraucht.<br><br>Im 18. und 19. Jahrhundert durchlebte der Ort die wechselvolle Geschichte des Hannoverschen Herrschaftshauses.<br>W\u00e4hrend des Siebenj\u00e4hrigen Krieges (1756\u20131763) stand Hankensb\u00fcttel ebenso wie w\u00e4hrend der Zeit des K\u00f6nigreiches Westphalen (1807\u20131813) unter franz\u00f6sischer Herrschaft, und ab 1866 geh\u00f6rte es zu Preu\u00dfen.<br><br>Durch die preu\u00dfische Kreisreform wurde Hankensb\u00fcttel 1885, das zu dieser Zeit etwa 1.200 Einwohner hatte, in den Kreis Isenhagen eingegliedert, der 1933 in den Kreis Gifhorn aufging.<br>1904 wurde Hankensb\u00fcttel an die Bahnlinie Celle\u2013Wittingen angeschlossen. Der Personenverkehr auf dieser Strecke wurde 1974 eingestellt.<\/p>\n\n\n\n<p>Seit 1996 ist Hankensb\u00fcttel Verwaltungszentrum der gleichnamigen Samtgemeinde.<\/p>\n\n\n\n<hr class=\"wp-block-separator has-css-opacity\"\/>\n\n\n<div class=\"wp-block-image is-style-default\">\n<figure class=\"alignleft size-large\"><img decoding=\"async\" src=\"http:\/\/www.df7er.de\/wp-content\/uploads\/2020\/11\/DF7ER-Wappen-Hankensbuettel.jpg\" alt=\"\"\/><\/figure>\n<\/div>\n\n\n<p>Das Wappen von Hankensb\u00fcttel : \u201eIn Gr\u00fcn durch einen silbernen Wellenbalken schr\u00e4glinks geteilt. In der Wappenmitte befindet sich ein aufrecht stehendes goldenes Schwert, in der oberen rechten Flanke ein silberner Abtstab und in der unteren linken Flanke ein silbernes Hufeisen.\u201c Der Wellenbalken verweist auf den Fluss Ise, das Schwert auf den Verwaltungs- und Gerichtssitz der fr\u00fcheren Gografschaft, der Abtstab auf den Ort als kirchliches Zentrum sowie das Kloster Isenhagen und das Hufeisen auf die durch den Ort laufenden Heer- und Handelsstra\u00dfen.<\/p>\n\n\n\n<p>Die Farben der Gemeinde Hankensb\u00fcttel sind Gr\u00fcn-Silber (Wei\u00df).<\/p>\n\n\n\n<div style=\"height:20px\" aria-hidden=\"true\" class=\"wp-block-spacer\"><\/div>\n\n\n<div class=\"wp-block-image is-style-default\">\n<figure class=\"alignright size-large is-resized\"><img loading=\"lazy\" decoding=\"async\" src=\"http:\/\/www.df7er.de\/wp-content\/uploads\/2020\/11\/DF7ER-LK-Gifhorn.png\" alt=\"\" width=\"470\" height=\"449\"\/><\/figure>\n<\/div>\n\n\n<p>In Hankensb\u00fcttel besteht seit 1988 das Otter-Zentrum auf einem 6 ha gro\u00dfen Freigel\u00e4nde, das vom Verein \u201eAktion Fischotterschutz e.&nbsp;V.\u201c betrieben wird. Die Einrichtung liegt direkt am Isenhagener See.<\/p>\n\n\n\n<p>Der Isenhagener See wurde in den 1960er Jahren durch Ausbaggern k\u00fcnstlich angelegt. An der Stelle befanden sich \u00fcber mehrere hundert Jahre Fischteiche des nahe gelegenen Klosters Isenhagen, die im 19. Jahrhundert zur Wiese wurden.<\/p>\n\n\n\n<p>Das Kloster Isenhagen am Ortsrand von Hankensb\u00fcttel entstand in den Jahren 1345\u20131350 als Zisterzienserinnenkloster und ist seit 1540 ein evangelisches Damenstift.<\/p>\n\n\n\n<p>Am Schweinemarkt wird an die legend\u00e4re Bewahrung der Ortschaft im Drei\u00dfigj\u00e4hrigen Krieg erinnert. Dort sind Bronzeskulpturen einer kleinen Schweineherde samt Schweinehirtin aufgestellt.<br><br>Einer lokalen Sage nach soll die zw\u00f6lfj\u00e4hrige Schweinehirtin Juliane Amalie Hinrichsen, genannt \u201eP\u00fcddelchen\u201c, durch die Unruhe ihrer Herde nachts geweckt worden sein.<br><br>Dadurch warnte sie den Ort rechtzeitig vor einem Angriff wallensteinscher (nach anderer \u00dcberlieferung schwedischer) Truppen.<\/p>\n\n\n\n<div style=\"height:20px\" aria-hidden=\"true\" class=\"wp-block-spacer\"><\/div>\n\n\n<div class=\"wp-block-image is-style-default\">\n<figure class=\"alignleft size-large is-resized\"><img loading=\"lazy\" decoding=\"async\" src=\"http:\/\/www.df7er.de\/wp-content\/uploads\/2020\/11\/DF7ER-Otterzentrum.jpg\" alt=\"\" width=\"512\" height=\"295\"\/><\/figure>\n<\/div>\n\n\n<p>Das <a rel=\"noreferrer noopener\" href=\"http:\/\/www.otter-zentrum.de\" target=\"_blank\"><strong><span class=\"has-inline-color has-luminous-vivid-orange-color\">Otter-Zentrum<\/span><\/strong><\/a> in Hankensb\u00fcttel im Landkreis Gifhorn ist ein Naturerlebnis-Zentrum, das auf einem sechs Hektar gro\u00dfen Freigel\u00e4nde am Isenhagener See liegt.<br>Das Otter-Zentrum pr\u00e4sentiert die vom Aussterben bedrohte Tierart des Fischotters sowie mehrere verwandte Marderarten in nat\u00fcrlicher Umgebung.<br>Die Einrichtung wird vom Verein <em>Aktion Fischotterschutz e.V.<\/em>, einer staatlich anerkannten Naturschutzorganisation, betrieben und ist ein vielbesuchtes Ausflugsziel am S\u00fcdrand der L\u00fcneburger Heide.<\/p>\n\n\n\n<div style=\"height:20px\" aria-hidden=\"true\" class=\"wp-block-spacer\"><\/div>\n\n\n<div class=\"wp-block-image is-style-default\">\n<figure class=\"alignright size-large is-resized\"><img loading=\"lazy\" decoding=\"async\" src=\"http:\/\/www.df7er.de\/wp-content\/uploads\/2020\/11\/DF7ER-Kirche-Hankensbuettel.jpg\" alt=\"\" width=\"508\" height=\"384\"\/><\/figure>\n<\/div>\n\n\n<p><strong><span class=\"has-inline-color has-luminous-vivid-orange-color\">St.-Pankratius-Kirche Hankensb\u00fcttel<\/span><\/strong><br><br>Ein genaues Datum f\u00fcr die Entstehung der Kirche ist nicht bekannt. Allerdings ist sicher, dass zum Zeitpunkt der ersten urkundlichen Erw\u00e4hnung von Hankensb\u00fcttel im Jahre 1051 der Ort bereits Sitz eines Pfarrbezirks war. Daher kann von einem Gr\u00fcndungsdatum im ersten Jahrtausend ausgegangen werden. Die Kirche ist einem jungen M\u00e4rtyrer gewidmet, der unter dem r\u00f6mischen Kaiser Diokletian (284\u2013305) enthauptet wurde.<\/p>\n\n\n\n<div style=\"height:20px\" aria-hidden=\"true\" class=\"wp-block-spacer\"><\/div>\n\n\n<div class=\"wp-block-image is-style-default\">\n<figure class=\"alignleft size-large is-resized\"><img loading=\"lazy\" decoding=\"async\" src=\"http:\/\/www.df7er.de\/wp-content\/uploads\/2020\/11\/DF7ER-Schule-Hankensbuettel.jpg\" alt=\"\" width=\"252\" height=\"300\"\/><\/figure>\n<\/div>\n\n\n<p>Das <strong>Gymnasium Hankensb\u00fcttel<\/strong> ist ein Gymnasium in Hankensb\u00fcttel in Niedersachsen.<br>Es ist das \u00e4lteste Gymnasium im Landkreis Gifhorn und das einzige Gymnasium im sogenannten Nordkreis, dem ehemaligen Kreis Isenhagen.<br><\/p>\n\n\n\n<div style=\"height:20px\" aria-hidden=\"true\" class=\"wp-block-spacer\"><\/div>\n\n\n\n<hr class=\"wp-block-separator has-css-opacity\"\/>\n\n\n\n<p><strong><span class=\"has-inline-color has-luminous-vivid-orange-color\">The Lorenz Bahlsen Snack-World GmbH &amp; Co KG Germany<\/span><\/strong><br><br>ist ein 1999 gegr\u00fcndetes Unternehmen in Neu-Isenburg, das Knabbergeb\u00e4ck wie Kartoffelchips (<em>Crunchips<\/em>), Stapelchips (<em>Chipsletten<\/em>), Salzstangen (<em>Saltletts<\/em> &#8211; fr\u00fcher <em>Salzletten<\/em>) und Erdnussprodukte (zum Beispiel <em>Erdnu\u00dfLocken<\/em>) herstellt.<br><br>Das Werk in Hankensb\u00fcttel gibt es schon seit 1972.<\/p>\n\n\n\n<hr class=\"wp-block-separator has-css-opacity\"\/>\n\n\n<div class=\"wp-block-image is-style-default\">\n<figure class=\"alignright size-large is-resized\"><img loading=\"lazy\" decoding=\"async\" src=\"http:\/\/www.df7er.de\/wp-content\/uploads\/2020\/11\/ham.png\" alt=\"\" width=\"150\" height=\"300\"\/><\/figure>\n<\/div>\n\n\n<p><br>Der <strong>Amateurfunkdienst<\/strong> (kurz: Amateurfunk, englisch: <em>ham radio<\/em> oder <em>amateur radio<\/em>) ist ein Funkdienst gem\u00e4\u00df der Vollzugsordnung f\u00fcr den Funkdienst.<br>In vielen L\u00e4ndern sind die internationalen Regelungen in nationalen Amateurfunkgesetzen umgesetzt und die Details in Amateurfunkverordnungen sowie zwischenstaatlichen Vertr\u00e4gen pr\u00e4zisiert.<br>Ein Teilnehmer am Amateurfunkdienst wird Funkamateur genannt und bekommt von der zust\u00e4ndigen Fernmeldebeh\u00f6rde ein eindeutiges Rufzeichen zugewiesen.<br>Der sogenannte Ham Spirit gilt dabei als Leitlinie f\u00fcr die Teilnehmer des Amateurfunkdienstes.<br><br><strong>In Hankensb\u00fcttel haben wir f\u00fcnf Stationen Andi DH9AF \/ <a rel=\"noreferrer noopener\" href=\"http:\/\/www.dk9ca.de\" target=\"_blank\">Martin DK9CA &#8211; DN8CA<\/a> \/ Herbert DL1OAD \/ DL1OFC Daniel und mich <a href=\"http:\/\/www.df7er.de\">DF7ER \/ DN7ML<\/a>.<\/strong><\/p>\n\n\n\n<div style=\"height:20px\" aria-hidden=\"true\" class=\"wp-block-spacer\"><\/div>\n\n\n\n<h3 class=\"wp-block-heading\"><mark style=\"background-color:rgba(0, 0, 0, 0)\" class=\"has-inline-color has-luminous-vivid-orange-color\"><strong>Regelm\u00e4\u00dfige Veranstaltungen in Hankensb\u00fctte<\/strong>l<\/mark><\/h3>\n\n\n\n<ul class=\"wp-block-list\">\n<li>Weinfest, 1. Wochenende im August (gerade Jahreszahlen)<\/li>\n\n\n\n<li>Heidm\u00e4rker-Fest, 1. Wochenende im August (ungerade Jahreszahlen)<\/li>\n\n\n\n<li>Kartoffeltag, 4. Wochenende im August<\/li>\n\n\n\n<li>Gewerbeschau, 3. Wochenende im Oktober<\/li>\n\n\n\n<li>Sch\u00fctzenfest, 1. vollst\u00e4ndiges Wochenende im Juli<\/li>\n\n\n\n<li>Rock gegen Gewalt, 2. oder 3. Samstag im November<\/li>\n<\/ul>\n\n\n\n<div style=\"height:20px\" aria-hidden=\"true\" class=\"wp-block-spacer\"><\/div>\n\n\n\n<p class=\"has-text-align-center\"><strong>Alle Info\u00b4s von Wikipedia oder selber geschrieben.<\/strong><\/p>\n\n\n<div class=\"wp-block-image is-style-default\">\n<figure class=\"aligncenter size-large\"><a href=\"https:\/\/de.wikipedia.org\/wiki\/Wikipedia:Hauptseite\" target=\"_blank\" rel=\"noopener noreferrer\"><img decoding=\"async\" src=\"http:\/\/www.df7er.de\/wp-content\/uploads\/2020\/11\/logo.png\" alt=\"\"\/><\/a><figcaption class=\"wp-element-caption\">Wikipedia<\/figcaption><\/figure>\n<\/div>","protected":false},"excerpt":{"rendered":"<p>Hankensb\u00fcttel liegt in Niedersachsen im Landkreis Gifhorn.\u00a0 St\u00e4dte im Umkreis sind Salzwedel, Uelzen, Celle, Gifhorn und Wolfsburg.Hankensb\u00fcttel liegt in der H\u00f6he von 95m u.NN die Fl\u00e4che ist 34,82m\u00b2 und haben 4321 Einwohner ( Stand\u00a0 31.12.2010 ) Auf der Luftaufnahme sieht man die f\u00fcnf Amateurfunk Stationen in Hankensb\u00fcttel( unter jeweiligen D sind die H\u00e4user der OM\u00b4s [&hellip;]<\/p>\n","protected":false},"author":1,"featured_media":0,"parent":0,"menu_order":0,"comment_status":"closed","ping_status":"closed","template":"page-full-width.php","meta":{"ngg_post_thumbnail":0,"footnotes":""},"class_list":["post-15","page","type-page","status-publish","hentry"],"yoast_head":"<!-- This site is optimized with the Yoast SEO plugin v26.9 - https:\/\/yoast.com\/product\/yoast-seo-wordpress\/ -->\n<title>QTH - DF7ER<\/title>\n<meta name=\"description\" content=\"Wo steht meine Station oder besser gesagt wo wohne ich. Hier erfahrt ihr alles \u00fcber meine Wohnort Hankensb\u00fcttel.\" \/>\n<meta name=\"robots\" content=\"index, follow, max-snippet:-1, max-image-preview:large, max-video-preview:-1\" \/>\n<link rel=\"canonical\" href=\"http:\/\/www.df7er.de\/de_de\/qth\/\" \/>\n<meta property=\"og:locale\" content=\"de_DE\" \/>\n<meta property=\"og:type\" content=\"article\" \/>\n<meta property=\"og:title\" content=\"QTH - DF7ER\" \/>\n<meta property=\"og:description\" content=\"Wo steht meine Station oder besser gesagt wo wohne ich. Hier erfahrt ihr alles \u00fcber meine Wohnort Hankensb\u00fcttel.\" \/>\n<meta property=\"og:url\" content=\"http:\/\/www.df7er.de\/de_de\/qth\/\" \/>\n<meta property=\"og:site_name\" content=\"DF7ER\" \/>\n<meta property=\"article:modified_time\" content=\"2022-12-26T12:44:12+00:00\" \/>\n<meta property=\"og:image\" content=\"http:\/\/www.df7er.de\/wp-content\/uploads\/2020\/11\/Hankensbuettel-Funkamteure.jpg\" \/>\n<meta name=\"twitter:card\" content=\"summary_large_image\" \/>\n<meta name=\"twitter:label1\" content=\"Gesch\u00e4tzte Lesezeit\" \/>\n\t<meta name=\"twitter:data1\" content=\"7\u00a0Minuten\" \/>\n<script type=\"application\/ld+json\" class=\"yoast-schema-graph\">{\"@context\":\"https:\/\/schema.org\",\"@graph\":[{\"@type\":\"WebPage\",\"@id\":\"http:\/\/www.df7er.de\/qth\/\",\"url\":\"http:\/\/www.df7er.de\/qth\/\",\"name\":\"QTH - DF7ER\",\"isPartOf\":{\"@id\":\"http:\/\/www.df7er.de\/#website\"},\"primaryImageOfPage\":{\"@id\":\"http:\/\/www.df7er.de\/qth\/#primaryimage\"},\"image\":{\"@id\":\"http:\/\/www.df7er.de\/qth\/#primaryimage\"},\"thumbnailUrl\":\"http:\/\/www.df7er.de\/wp-content\/uploads\/2020\/11\/Hankensbuettel-Funkamteure.jpg\",\"datePublished\":\"2020-11-21T12:29:37+00:00\",\"dateModified\":\"2022-12-26T12:44:12+00:00\",\"description\":\"Wo steht meine Station oder besser gesagt wo wohne ich. Hier erfahrt ihr alles \u00fcber meine Wohnort Hankensb\u00fcttel.\",\"breadcrumb\":{\"@id\":\"http:\/\/www.df7er.de\/qth\/#breadcrumb\"},\"inLanguage\":\"de\",\"potentialAction\":[{\"@type\":\"ReadAction\",\"target\":[\"http:\/\/www.df7er.de\/qth\/\"]}]},{\"@type\":\"ImageObject\",\"inLanguage\":\"de\",\"@id\":\"http:\/\/www.df7er.de\/qth\/#primaryimage\",\"url\":\"http:\/\/www.df7er.de\/wp-content\/uploads\/2020\/11\/Hankensbuettel-Funkamteure.jpg\",\"contentUrl\":\"http:\/\/www.df7er.de\/wp-content\/uploads\/2020\/11\/Hankensbuettel-Funkamteure.jpg\"},{\"@type\":\"BreadcrumbList\",\"@id\":\"http:\/\/www.df7er.de\/qth\/#breadcrumb\",\"itemListElement\":[{\"@type\":\"ListItem\",\"position\":1,\"name\":\"Startseite\",\"item\":\"http:\/\/www.df7er.de\/\"},{\"@type\":\"ListItem\",\"position\":2,\"name\":\"QTH\"}]},{\"@type\":\"WebSite\",\"@id\":\"http:\/\/www.df7er.de\/#website\",\"url\":\"http:\/\/www.df7er.de\/\",\"name\":\"DF7ER German Amateur Radio Station\",\"description\":\"German Amateur Radion Station in JO52HR\",\"publisher\":{\"@id\":\"http:\/\/www.df7er.de\/#\/schema\/person\/653b63e414718c8c68bac56967a2e8ef\"},\"potentialAction\":[{\"@type\":\"SearchAction\",\"target\":{\"@type\":\"EntryPoint\",\"urlTemplate\":\"http:\/\/www.df7er.de\/?s={search_term_string}\"},\"query-input\":{\"@type\":\"PropertyValueSpecification\",\"valueRequired\":true,\"valueName\":\"search_term_string\"}}],\"inLanguage\":\"de\"},{\"@type\":[\"Person\",\"Organization\"],\"@id\":\"http:\/\/www.df7er.de\/#\/schema\/person\/653b63e414718c8c68bac56967a2e8ef\",\"name\":\"Sascha DF7ER\",\"image\":{\"@type\":\"ImageObject\",\"inLanguage\":\"de\",\"@id\":\"http:\/\/www.df7er.de\/#\/schema\/person\/image\/\",\"url\":\"http:\/\/www.df7er.de\/wp-content\/uploads\/2020\/12\/wolfswarte1.jpg\",\"contentUrl\":\"http:\/\/www.df7er.de\/wp-content\/uploads\/2020\/12\/wolfswarte1.jpg\",\"width\":480,\"height\":360,\"caption\":\"Sascha DF7ER\"},\"logo\":{\"@id\":\"http:\/\/www.df7er.de\/#\/schema\/person\/image\/\"},\"sameAs\":[\"http:\/\/www.df7er.de\"]}]}<\/script>\n<!-- \/ Yoast SEO plugin. -->","yoast_head_json":{"title":"QTH - DF7ER","description":"Wo steht meine Station oder besser gesagt wo wohne ich. Hier erfahrt ihr alles \u00fcber meine Wohnort Hankensb\u00fcttel.","robots":{"index":"index","follow":"follow","max-snippet":"max-snippet:-1","max-image-preview":"max-image-preview:large","max-video-preview":"max-video-preview:-1"},"canonical":"http:\/\/www.df7er.de\/de_de\/qth\/","og_locale":"de_DE","og_type":"article","og_title":"QTH - DF7ER","og_description":"Wo steht meine Station oder besser gesagt wo wohne ich. Hier erfahrt ihr alles \u00fcber meine Wohnort Hankensb\u00fcttel.","og_url":"http:\/\/www.df7er.de\/de_de\/qth\/","og_site_name":"DF7ER","article_modified_time":"2022-12-26T12:44:12+00:00","og_image":[{"url":"http:\/\/www.df7er.de\/wp-content\/uploads\/2020\/11\/Hankensbuettel-Funkamteure.jpg","type":"","width":"","height":""}],"twitter_card":"summary_large_image","twitter_misc":{"Gesch\u00e4tzte Lesezeit":"7\u00a0Minuten"},"schema":{"@context":"https:\/\/schema.org","@graph":[{"@type":"WebPage","@id":"http:\/\/www.df7er.de\/qth\/","url":"http:\/\/www.df7er.de\/qth\/","name":"QTH - DF7ER","isPartOf":{"@id":"http:\/\/www.df7er.de\/#website"},"primaryImageOfPage":{"@id":"http:\/\/www.df7er.de\/qth\/#primaryimage"},"image":{"@id":"http:\/\/www.df7er.de\/qth\/#primaryimage"},"thumbnailUrl":"http:\/\/www.df7er.de\/wp-content\/uploads\/2020\/11\/Hankensbuettel-Funkamteure.jpg","datePublished":"2020-11-21T12:29:37+00:00","dateModified":"2022-12-26T12:44:12+00:00","description":"Wo steht meine Station oder besser gesagt wo wohne ich. Hier erfahrt ihr alles \u00fcber meine Wohnort Hankensb\u00fcttel.","breadcrumb":{"@id":"http:\/\/www.df7er.de\/qth\/#breadcrumb"},"inLanguage":"de","potentialAction":[{"@type":"ReadAction","target":["http:\/\/www.df7er.de\/qth\/"]}]},{"@type":"ImageObject","inLanguage":"de","@id":"http:\/\/www.df7er.de\/qth\/#primaryimage","url":"http:\/\/www.df7er.de\/wp-content\/uploads\/2020\/11\/Hankensbuettel-Funkamteure.jpg","contentUrl":"http:\/\/www.df7er.de\/wp-content\/uploads\/2020\/11\/Hankensbuettel-Funkamteure.jpg"},{"@type":"BreadcrumbList","@id":"http:\/\/www.df7er.de\/qth\/#breadcrumb","itemListElement":[{"@type":"ListItem","position":1,"name":"Startseite","item":"http:\/\/www.df7er.de\/"},{"@type":"ListItem","position":2,"name":"QTH"}]},{"@type":"WebSite","@id":"http:\/\/www.df7er.de\/#website","url":"http:\/\/www.df7er.de\/","name":"DF7ER German Amateur Radio Station","description":"German Amateur Radion Station in JO52HR","publisher":{"@id":"http:\/\/www.df7er.de\/#\/schema\/person\/653b63e414718c8c68bac56967a2e8ef"},"potentialAction":[{"@type":"SearchAction","target":{"@type":"EntryPoint","urlTemplate":"http:\/\/www.df7er.de\/?s={search_term_string}"},"query-input":{"@type":"PropertyValueSpecification","valueRequired":true,"valueName":"search_term_string"}}],"inLanguage":"de"},{"@type":["Person","Organization"],"@id":"http:\/\/www.df7er.de\/#\/schema\/person\/653b63e414718c8c68bac56967a2e8ef","name":"Sascha DF7ER","image":{"@type":"ImageObject","inLanguage":"de","@id":"http:\/\/www.df7er.de\/#\/schema\/person\/image\/","url":"http:\/\/www.df7er.de\/wp-content\/uploads\/2020\/12\/wolfswarte1.jpg","contentUrl":"http:\/\/www.df7er.de\/wp-content\/uploads\/2020\/12\/wolfswarte1.jpg","width":480,"height":360,"caption":"Sascha DF7ER"},"logo":{"@id":"http:\/\/www.df7er.de\/#\/schema\/person\/image\/"},"sameAs":["http:\/\/www.df7er.de"]}]}},"_links":{"self":[{"href":"http:\/\/www.df7er.de\/de_de\/wp-json\/wp\/v2\/pages\/15","targetHints":{"allow":["GET"]}}],"collection":[{"href":"http:\/\/www.df7er.de\/de_de\/wp-json\/wp\/v2\/pages"}],"about":[{"href":"http:\/\/www.df7er.de\/de_de\/wp-json\/wp\/v2\/types\/page"}],"author":[{"embeddable":true,"href":"http:\/\/www.df7er.de\/de_de\/wp-json\/wp\/v2\/users\/1"}],"replies":[{"embeddable":true,"href":"http:\/\/www.df7er.de\/de_de\/wp-json\/wp\/v2\/comments?post=15"}],"version-history":[{"count":7,"href":"http:\/\/www.df7er.de\/de_de\/wp-json\/wp\/v2\/pages\/15\/revisions"}],"predecessor-version":[{"id":4673,"href":"http:\/\/www.df7er.de\/de_de\/wp-json\/wp\/v2\/pages\/15\/revisions\/4673"}],"wp:attachment":[{"href":"http:\/\/www.df7er.de\/de_de\/wp-json\/wp\/v2\/media?parent=15"}],"curies":[{"name":"wp","href":"https:\/\/api.w.org\/{rel}","templated":true}]}}